{"id":7539,"date":"2024-03-13T16:05:51","date_gmt":"2024-03-13T20:05:51","guid":{"rendered":"https:\/\/www.hamptonbayslibrary.org\/?page_id=7539"},"modified":"2026-01-27T11:01:08","modified_gmt":"2026-01-27T16:01:08","slug":"support-the-library","status":"publish","type":"page","link":"https:\/\/www.hamptonbayslibrary.org\/es\/support-the-library\/","title":{"rendered":"Apoye la biblioteca"},"content":{"rendered":"<div data-elementor-type=\"wp-page\" data-elementor-id=\"7539\" class=\"elementor elementor-7539\" data-elementor-post-type=\"page\">\n\t\t\t\t<div class=\"elementor-element elementor-element-3f8547c e-flex e-con-boxed e-con e-parent\" data-id=\"3f8547c\" data-element_type=\"container\" data-e-type=\"container\">\n\t\t\t\t\t<div class=\"e-con-inner\">\n\t\t<div class=\"elementor-element elementor-element-2b97803 e-con-full e-flex e-con e-child\" data-id=\"2b97803\" data-element_type=\"container\" data-e-type=\"container\">\n\t\t<div class=\"elementor-element elementor-element-60862e2 e-flex e-con-boxed e-con e-child\" data-id=\"60862e2\" data-element_type=\"container\" data-e-type=\"container\">\n\t\t\t\t\t<div class=\"e-con-inner\">\n\t\t\t\t<div class=\"elementor-element elementor-element-64167e1 elementor-widget elementor-widget-image\" data-id=\"64167e1\" data-element_type=\"widget\" data-e-type=\"widget\" data-widget_type=\"image.default\">\n\t\t\t\t<div class=\"elementor-widget-container\">\n\t\t\t\t\t\t\t\t\t\t\t\t\t\t\t<img fetchpriority=\"high\" decoding=\"async\" width=\"800\" height=\"800\" src=\"https:\/\/www.hamptonbayslibrary.org\/wp-content\/uploads\/2022\/05\/donation-main-image1.jpg\" class=\"attachment-large size-large wp-image-3330\" alt=\"girl in library holding a paper heart\" srcset=\"https:\/\/www.hamptonbayslibrary.org\/wp-content\/uploads\/2022\/05\/donation-main-image1.jpg 900w, https:\/\/www.hamptonbayslibrary.org\/wp-content\/uploads\/2022\/05\/donation-main-image1-300x300.jpg 300w, https:\/\/www.hamptonbayslibrary.org\/wp-content\/uploads\/2022\/05\/donation-main-image1-150x150.jpg 150w, https:\/\/www.hamptonbayslibrary.org\/wp-content\/uploads\/2022\/05\/donation-main-image1-768x768.jpg 768w, https:\/\/www.hamptonbayslibrary.org\/wp-content\/uploads\/2022\/05\/donation-main-image1-12x12.jpg 12w\" sizes=\"(max-width: 800px) 100vw, 800px\" \/>\t\t\t\t\t\t\t\t\t\t\t\t\t\t\t<\/div>\n\t\t\t\t<\/div>\n\t\t\t\t<div class=\"elementor-element elementor-element-a461d6f elementor-invisible elementor-widget elementor-widget-heading\" data-id=\"a461d6f\" data-element_type=\"widget\" data-e-type=\"widget\" data-settings=\"{&quot;_animation&quot;:&quot;fadeInUp&quot;}\" data-widget_type=\"heading.default\">\n\t\t\t\t<div class=\"elementor-widget-container\">\n\t\t\t\t\t<h2 class=\"elementor-heading-title elementor-size-default\">Otras formas de donar<\/h2>\t\t\t\t<\/div>\n\t\t\t\t<\/div>\n\t\t\t\t<div class=\"elementor-element elementor-element-7097b64 elementor-widget elementor-widget-text-editor\" data-id=\"7097b64\" data-element_type=\"widget\" data-e-type=\"widget\" data-widget_type=\"text-editor.default\">\n\t\t\t\t<div class=\"elementor-widget-container\">\n\t\t\t\t\t\t\t\t\t<p>Gracias a la generosidad de ciudadanos particulares, empresas y organizaciones locales, la Biblioteca sigue siendo un recurso para todos. A trav\u00e9s de su donaci\u00f3n, tendr\u00e1 esa sensaci\u00f3n personal de satisfacci\u00f3n al saber que ha ayudado a la Biblioteca a llevar adelante su misi\u00f3n: proporcionar recursos educativos, culturales y recreativos para el aprendizaje permanente.<\/p><p>La Biblioteca P\u00fablica de Hampton Bays agradece cualquier cantidad que una persona o entidad pueda darnos. Con este fin, tenemos muchas maneras en las que puede contribuir al \u00e9xito de la Biblioteca.<\/p>\t\t\t\t\t\t\t\t<\/div>\n\t\t\t\t<\/div>\n\t\t\t\t<div class=\"elementor-element elementor-element-81f8b13 animated-slow elementor-invisible elementor-widget elementor-widget-heading\" data-id=\"81f8b13\" data-element_type=\"widget\" data-e-type=\"widget\" data-settings=\"{&quot;_animation&quot;:&quot;fadeInUp&quot;,&quot;_animation_delay&quot;:400}\" data-widget_type=\"heading.default\">\n\t\t\t\t<div class=\"elementor-widget-container\">\n\t\t\t\t\t<h2 class=\"elementor-heading-title elementor-size-default\">En memoria de...<\/h2>\t\t\t\t<\/div>\n\t\t\t\t<\/div>\n\t\t\t\t<div class=\"elementor-element elementor-element-0b25b1d elementor-widget elementor-widget-text-editor\" data-id=\"0b25b1d\" data-element_type=\"widget\" data-e-type=\"widget\" data-widget_type=\"text-editor.default\">\n\t\t\t\t<div class=\"elementor-widget-container\">\n\t\t\t\t\t\t\t\t\t<p>Gracias a la generosidad de ciudadanos particulares, empresas y organizaciones locales, la Biblioteca sigue siendo un recurso para todos. A trav\u00e9s de su donaci\u00f3n, tendr\u00e1 esa sensaci\u00f3n personal de satisfacci\u00f3n al saber que ha ayudado a la Biblioteca a llevar adelante su misi\u00f3n: proporcionar recursos educativos, culturales y recreativos para el aprendizaje permanente.<\/p><p>La Biblioteca P\u00fablica de Hampton Bays agradece cualquier cantidad que una persona o entidad pueda darnos. Con este fin, tenemos muchas maneras en las que puede contribuir al \u00e9xito de la Biblioteca.<\/p>\t\t\t\t\t\t\t\t<\/div>\n\t\t\t\t<\/div>\n\t\t\t\t\t<\/div>\n\t\t\t\t<\/div>\n\t\t\t\t<\/div>\n\t\t<div class=\"elementor-element elementor-element-1379a83 e-con-full e-flex e-con e-child\" data-id=\"1379a83\" data-element_type=\"container\" data-e-type=\"container\">\n\t\t\t\t<div class=\"elementor-element elementor-element-7a8739a elementor-invisible elementor-widget elementor-widget-heading\" data-id=\"7a8739a\" data-element_type=\"widget\" data-e-type=\"widget\" data-settings=\"{&quot;_animation&quot;:&quot;fadeInUp&quot;}\" data-widget_type=\"heading.default\">\n\t\t\t\t<div class=\"elementor-widget-container\">\n\t\t\t\t\t<h2 class=\"elementor-heading-title elementor-size-default\">Por favor dona ahora<\/h2>\t\t\t\t<\/div>\n\t\t\t\t<\/div>\n\t\t\t\t<div class=\"elementor-element elementor-element-a6e686e elementor-widget elementor-widget-shortcode\" data-id=\"a6e686e\" data-element_type=\"widget\" data-e-type=\"widget\" data-widget_type=\"shortcode.default\">\n\t\t\t\t<div class=\"elementor-widget-container\">\n\t\t\t\t\t\t\t<div class=\"elementor-shortcode\"><div class='root-data-givewp-embed' data-form-locale='es_ES' data-form-url='https:\/\/www.hamptonbayslibrary.org\/?post_type=give_forms&amp;p=7598' data-form-view-url='https:\/\/www.hamptonbayslibrary.org\/es\/?givewp-route=donation-form-view&amp;form-id=7598' data-src='https:\/\/www.hamptonbayslibrary.org\/es\/?givewp-route=donation-form-view&amp;form-id=7598' data-givewp-embed-id='give-form-shortcode-1' data-form-format='' data-open-form-button='Donar ahora' style='--givewp-primary-color: #0693e3; --givewp-secondary-color: #abb8c3;'><\/div><\/div>\n\t\t\t\t\t\t<\/div>\n\t\t\t\t<\/div>\n\t\t\t\t<\/div>\n\t\t\t\t\t<\/div>\n\t\t\t\t<\/div>\n\t\t\t\t<\/div>","protected":false},"excerpt":{"rendered":"<p>Other Ways to Donate Through the generosity of private citizens, businesses and local organizations the Library continues to remain a resource for all. Through your gift, you will have that personal sense of satisfaction knowing that you have helped the Library carry forward its mission \u2013 To provide educational, cultural and recreational resources for life [&hellip;]<\/p>\n","protected":false},"author":1,"featured_media":7576,"parent":0,"menu_order":0,"comment_status":"closed","ping_status":"closed","template":"","meta":{"_acf_changed":false,"give_campaign_id":0,"footnotes":""},"class_list":["post-7539","page","type-page","status-publish","has-post-thumbnail","hentry"],"acf":[],"campaignId":"","publishpress_future_workflow_manual_trigger":{"enabledWorkflows":[]},"_links":{"self":[{"href":"https:\/\/www.hamptonbayslibrary.org\/es\/wp-json\/wp\/v2\/pages\/7539","targetHints":{"allow":["GET"]}}],"collection":[{"href":"https:\/\/www.hamptonbayslibrary.org\/es\/wp-json\/wp\/v2\/pages"}],"about":[{"href":"https:\/\/www.hamptonbayslibrary.org\/es\/wp-json\/wp\/v2\/types\/page"}],"author":[{"embeddable":true,"href":"https:\/\/www.hamptonbayslibrary.org\/es\/wp-json\/wp\/v2\/users\/1"}],"replies":[{"embeddable":true,"href":"https:\/\/www.hamptonbayslibrary.org\/es\/wp-json\/wp\/v2\/comments?post=7539"}],"version-history":[{"count":4,"href":"https:\/\/www.hamptonbayslibrary.org\/es\/wp-json\/wp\/v2\/pages\/7539\/revisions"}],"predecessor-version":[{"id":11098,"href":"https:\/\/www.hamptonbayslibrary.org\/es\/wp-json\/wp\/v2\/pages\/7539\/revisions\/11098"}],"wp:featuredmedia":[{"embeddable":true,"href":"https:\/\/www.hamptonbayslibrary.org\/es\/wp-json\/wp\/v2\/media\/7576"}],"wp:attachment":[{"href":"https:\/\/www.hamptonbayslibrary.org\/es\/wp-json\/wp\/v2\/media?parent=7539"}],"curies":[{"name":"gracias","href":"https:\/\/api.w.org\/{rel}","templated":true}]}}