{"id":5867,"date":"2023-03-14T14:34:06","date_gmt":"2023-03-14T18:34:06","guid":{"rendered":"https:\/\/www.hamptonbayslibrary.org\/donation-failed\/"},"modified":"2023-03-14T14:34:06","modified_gmt":"2023-03-14T18:34:06","slug":"donation-failed","status":"publish","type":"page","link":"https:\/\/www.hamptonbayslibrary.org\/es\/donation-failed\/","title":{"rendered":"Donaci\u00f3n fallida"},"content":{"rendered":"<p>Lo sentimos, tu donaci\u00f3n no pudo procesarse. Int\u00e9ntelo de nuevo o comun\u00edquese con el soporte del sitio.<\/p>","protected":false},"excerpt":{"rendered":"<p>Lo sentimos, tu donaci\u00f3n no pudo procesarse. Int\u00e9ntelo de nuevo o comun\u00edquese con el soporte del sitio.<\/p>","protected":false},"author":1,"featured_media":0,"parent":0,"menu_order":0,"comment_status":"closed","ping_status":"closed","template":"","meta":{"_acf_changed":false,"give_campaign_id":0,"footnotes":""},"class_list":["post-5867","page","type-page","status-publish","hentry"],"acf":[],"campaignId":"","publishpress_future_workflow_manual_trigger":{"enabledWorkflows":[]},"_links":{"self":[{"href":"https:\/\/www.hamptonbayslibrary.org\/es\/wp-json\/wp\/v2\/pages\/5867","targetHints":{"allow":["GET"]}}],"collection":[{"href":"https:\/\/www.hamptonbayslibrary.org\/es\/wp-json\/wp\/v2\/pages"}],"about":[{"href":"https:\/\/www.hamptonbayslibrary.org\/es\/wp-json\/wp\/v2\/types\/page"}],"author":[{"embeddable":true,"href":"https:\/\/www.hamptonbayslibrary.org\/es\/wp-json\/wp\/v2\/users\/1"}],"replies":[{"embeddable":true,"href":"https:\/\/www.hamptonbayslibrary.org\/es\/wp-json\/wp\/v2\/comments?post=5867"}],"version-history":[{"count":0,"href":"https:\/\/www.hamptonbayslibrary.org\/es\/wp-json\/wp\/v2\/pages\/5867\/revisions"}],"wp:attachment":[{"href":"https:\/\/www.hamptonbayslibrary.org\/es\/wp-json\/wp\/v2\/media?parent=5867"}],"curies":[{"name":"gracias","href":"https:\/\/api.w.org\/{rel}","templated":true}]}}