{"id":523,"date":"2022-03-04T08:56:28","date_gmt":"2022-03-04T13:56:28","guid":{"rendered":"https:\/\/www.hamptonbayslibrary.org\/?page_id=523"},"modified":"2026-01-27T10:59:59","modified_gmt":"2026-01-27T15:59:59","slug":"friends","status":"publish","type":"page","link":"https:\/\/www.hamptonbayslibrary.org\/es\/friends\/","title":{"rendered":"Amigos de la biblioteca de Hampton Bays"},"content":{"rendered":"<div data-elementor-type=\"wp-page\" data-elementor-id=\"523\" class=\"elementor elementor-523\" data-elementor-post-type=\"page\">\n\t\t\t\t\t\t<section class=\"elementor-section elementor-top-section elementor-element elementor-element-24bf8474 animated-slow elementor-section-boxed elementor-section-height-default elementor-section-height-default elementor-invisible\" data-id=\"24bf8474\" data-element_type=\"section\" data-e-type=\"section\" data-settings=\"{&quot;background_background&quot;:&quot;classic&quot;,&quot;animation&quot;:&quot;fadeInUp&quot;}\">\n\t\t\t\t\t\t<div class=\"elementor-container elementor-column-gap-default\">\n\t\t\t\t\t<div class=\"elementor-column elementor-col-50 elementor-top-column elementor-element elementor-element-52a07e8b animated-slow\" data-id=\"52a07e8b\" data-element_type=\"column\" data-e-type=\"column\" data-settings=\"{&quot;animation&quot;:&quot;none&quot;}\">\n\t\t\t<div class=\"elementor-widget-wrap elementor-element-populated\">\n\t\t\t\t\t\t<div class=\"elementor-element elementor-element-6964ec93 elementor-widget elementor-widget-image\" data-id=\"6964ec93\" data-element_type=\"widget\" data-e-type=\"widget\" data-widget_type=\"image.default\">\n\t\t\t\t<div class=\"elementor-widget-container\">\n\t\t\t\t\t\t\t\t\t\t\t\t\t\t\t<img fetchpriority=\"high\" decoding=\"async\" width=\"800\" height=\"800\" src=\"https:\/\/www.hamptonbayslibrary.org\/wp-content\/uploads\/2022\/05\/friends-of-the-library-main1.jpg\" class=\"attachment-large size-large wp-image-3677\" alt=\"rows of books\" srcset=\"https:\/\/www.hamptonbayslibrary.org\/wp-content\/uploads\/2022\/05\/friends-of-the-library-main1.jpg 900w, https:\/\/www.hamptonbayslibrary.org\/wp-content\/uploads\/2022\/05\/friends-of-the-library-main1-300x300.jpg 300w, https:\/\/www.hamptonbayslibrary.org\/wp-content\/uploads\/2022\/05\/friends-of-the-library-main1-150x150.jpg 150w, https:\/\/www.hamptonbayslibrary.org\/wp-content\/uploads\/2022\/05\/friends-of-the-library-main1-768x768.jpg 768w, https:\/\/www.hamptonbayslibrary.org\/wp-content\/uploads\/2022\/05\/friends-of-the-library-main1-12x12.jpg 12w\" sizes=\"(max-width: 800px) 100vw, 800px\" \/>\t\t\t\t\t\t\t\t\t\t\t\t\t\t\t<\/div>\n\t\t\t\t<\/div>\n\t\t\t\t<div class=\"elementor-element elementor-element-3e26e33 elementor-widget elementor-widget-button\" data-id=\"3e26e33\" data-element_type=\"widget\" data-e-type=\"widget\" data-widget_type=\"button.default\">\n\t\t\t\t<div class=\"elementor-widget-container\">\n\t\t\t\t\t\t\t\t\t<div class=\"elementor-button-wrapper\">\n\t\t\t\t\t<a class=\"elementor-button elementor-button-link elementor-size-sm\" href=\"http:\/\/friendsofthehbpl.org\/\" target=\"_blank\" rel=\"noopener\">\n\t\t\t\t\t\t<span class=\"elementor-button-content-wrapper\">\n\t\t\t\t\t\t\t\t\t<span class=\"elementor-button-text\">visita el sitio web de amigos<\/span>\n\t\t\t\t\t<\/span>\n\t\t\t\t\t<\/a>\n\t\t\t\t<\/div>\n\t\t\t\t\t\t\t\t<\/div>\n\t\t\t\t<\/div>\n\t\t\t\t\t<\/div>\n\t\t<\/div>\n\t\t\t\t<div class=\"elementor-column elementor-col-50 elementor-top-column elementor-element elementor-element-61f578cb animated-slow\" data-id=\"61f578cb\" data-element_type=\"column\" data-e-type=\"column\" data-settings=\"{&quot;animation&quot;:&quot;none&quot;}\">\n\t\t\t<div class=\"elementor-widget-wrap elementor-element-populated\">\n\t\t\t\t\t\t<div class=\"elementor-element elementor-element-1b9ca92e elementor-widget elementor-widget-heading\" data-id=\"1b9ca92e\" data-element_type=\"widget\" data-e-type=\"widget\" data-settings=\"{&quot;_animation&quot;:&quot;none&quot;}\" data-widget_type=\"heading.default\">\n\t\t\t\t<div class=\"elementor-widget-container\">\n\t\t\t\t\t<h2 class=\"elementor-heading-title elementor-size-default\">Tienda de libros de amigos<\/h2>\t\t\t\t<\/div>\n\t\t\t\t<\/div>\n\t\t\t\t<div class=\"elementor-element elementor-element-c02f1b4 elementor-widget elementor-widget-heading\" data-id=\"c02f1b4\" data-element_type=\"widget\" data-e-type=\"widget\" data-widget_type=\"heading.default\">\n\t\t\t\t<div class=\"elementor-widget-container\">\n\t\t\t\t\t<h3 class=\"elementor-heading-title elementor-size-default\">Tienda de libros de cuentos vendidos dos veces<\/h3>\t\t\t\t<\/div>\n\t\t\t\t<\/div>\n\t\t\t\t<div class=\"elementor-element elementor-element-584a75dd elementor-widget elementor-widget-text-editor\" data-id=\"584a75dd\" data-element_type=\"widget\" data-e-type=\"widget\" data-widget_type=\"text-editor.default\">\n\t\t\t\t<div class=\"elementor-widget-container\">\n\t\t\t\t\t\t\t\t\t<p align=\"left\"><strong>\u201cEMPODERANDO A LA COMUNIDAD A TRAV\u00c9S DE LA LECTURA\u201d<\/strong><\/p><p align=\"left\">La librer\u00eda est\u00e1 ubicada en la esquina noroeste del edificio de la biblioteca en 52 Ponquogue Avenue. Entrar por la escalera exterior al s\u00f3tano. El acceso para minusv\u00e1lidos es a trav\u00e9s de la biblioteca.<\/p><h4 align=\"left\" data-ss-id=\"rwTHad179a1071ebd8b00e0ff4718301dcea\">Horas:<\/h4><p align=\"left\">La librer\u00eda est\u00e1 abierta los s\u00e1bados de 9:00 a. m. a 2:00 p. m.<\/p><h4 align=\"left\">Pol\u00edtica de donaci\u00f3n:<\/h4><p>Las donaciones de libros usados en buen estado siempre son bienvenidas. Ll\u00e9velos directamente a la librer\u00eda durante el horario de atenci\u00f3n. NO traiga donaciones a la biblioteca en d\u00edas que no sean de librer\u00eda a menos que se acuerde previamente.<\/p><p data-ss-id=\"rwTH7c317d46c0c849b5f5419713fbe6a70d\">Adem\u00e1s de libros usados en buen estado, tambi\u00e9n aceptamos DVD, CD, discos, as\u00ed como rompecabezas y juegos (solo cajas completas).<\/p><h4>NO Aceptamos:<\/h4><ul><li>Cualquier libro con olor, moho o zorro.<\/li><li>Juegos de enciclopedias, juegos de American Heritage, libros de texto o gu\u00edas de estudio de m\u00e1s de 2 a\u00f1os, libros de computadora de m\u00e1s de 2 a\u00f1os, revistas, manuales y cintas VHS.<\/li><li>CD&#039;s, casetes o cintas VHS caseras.<\/li><\/ul><p data-ss-id=\"rwTHf077ef7f48f565eccfa7cdebe3a6a1a3\"><strong style=\"color: var( --e-global-color-secondary ); font-family: -apple-system, BlinkMacSystemFont, 'Segoe UI', Roboto, 'Helvetica Neue', Arial, 'Noto Sans', sans-serif; font-size: 1rem;\">Su cooperaci\u00f3n con esta pol\u00edtica es muy apreciada.<\/strong><\/p>\t\t\t\t\t\t\t\t<\/div>\n\t\t\t\t<\/div>\n\t\t\t\t\t<\/div>\n\t\t<\/div>\n\t\t\t\t\t<\/div>\n\t\t<\/section>\n\t\t\t\t<section class=\"elementor-section elementor-top-section elementor-element elementor-element-302a69de elementor-reverse-mobile animated-slow elementor-section-boxed elementor-section-height-default elementor-section-height-default elementor-invisible\" data-id=\"302a69de\" data-element_type=\"section\" data-e-type=\"section\" data-settings=\"{&quot;background_background&quot;:&quot;classic&quot;,&quot;animation&quot;:&quot;fadeInUp&quot;}\">\n\t\t\t\t\t\t<div class=\"elementor-container elementor-column-gap-default\">\n\t\t\t\t\t<div class=\"elementor-column elementor-col-50 elementor-top-column elementor-element elementor-element-3b8d1761\" data-id=\"3b8d1761\" data-element_type=\"column\" data-e-type=\"column\">\n\t\t\t<div class=\"elementor-widget-wrap elementor-element-populated\">\n\t\t\t\t\t\t<div class=\"elementor-element elementor-element-1a904c8 elementor-widget elementor-widget-heading\" data-id=\"1a904c8\" data-element_type=\"widget\" data-e-type=\"widget\" data-settings=\"{&quot;_animation&quot;:&quot;none&quot;}\" data-widget_type=\"heading.default\">\n\t\t\t\t<div class=\"elementor-widget-container\">\n\t\t\t\t\t<h2 class=\"elementor-heading-title elementor-size-default\">Lista de precios<\/h2>\t\t\t\t<\/div>\n\t\t\t\t<\/div>\n\t\t\t\t<div class=\"elementor-element elementor-element-6312667c elementor-widget elementor-widget-text-editor\" data-id=\"6312667c\" data-element_type=\"widget\" data-e-type=\"widget\" data-widget_type=\"text-editor.default\">\n\t\t\t\t<div class=\"elementor-widget-container\">\n\t\t\t\t\t\t\t\t\t<ul>\n<li>Ficci\u00f3n Tapa dura $2<\/li>\n<li>No ficci\u00f3n $1<\/li>\n<li>Comercio Libro en r\u00fastica $1.50<\/li>\n<li>Libros en r\u00fastica .50 c\/u o 5\/$2<\/li>\n<li>Ni\u00f1os .50 y UP<\/li>\n<li>DVD $3<\/li>\n<li>Los rompecabezas y los juegos tienen el precio marcado<\/li>\n<li>Libros en CD 10% de precio de venta al p\u00fablico<\/li>\n<li>Art\u00edculos especiales marcados<\/li>\n<\/ul>\n<p><span style=\"font-weight: bold;\">&nbsp;<\/span><\/p>\n<p><span style=\"font-weight: bold;\">\u00bfNecesitas un libro y la librer\u00eda est\u00e1 cerrada? Busque nuestros estantes de libros que contienen t\u00edtulos populares ubicados en la biblioteca frente al mostrador de circulaci\u00f3n.<\/span><\/p><p><span style=\"color: var( --e-global-color-secondary );\">Adem\u00e1s, \u00a1est\u00e9 atento a nuestras ventas FLASH!<\/span><br><\/p>\n<p><span style=\"font-weight: bolder;\">Los Amigos cuentan con voluntarios para ayudar en la Librer\u00eda y con Eventos Especiales.&nbsp;<\/span>Si est\u00e1 interesado en convertirse en un voluntario de Friends, haga clic a continuaci\u00f3n para completar el formulario en el sitio web de Friends.<\/p>\t\t\t\t\t\t\t\t<\/div>\n\t\t\t\t<\/div>\n\t\t\t\t<div class=\"elementor-element elementor-element-36ee1f6 elementor-widget elementor-widget-button\" data-id=\"36ee1f6\" data-element_type=\"widget\" data-e-type=\"widget\" data-widget_type=\"button.default\">\n\t\t\t\t<div class=\"elementor-widget-container\">\n\t\t\t\t\t\t\t\t\t<div class=\"elementor-button-wrapper\">\n\t\t\t\t\t<a class=\"elementor-button elementor-button-link elementor-size-sm\" href=\"http:\/\/friendsofthehbpl.org\/volunteer\/\" target=\"_blank\" rel=\"noopener\">\n\t\t\t\t\t\t<span class=\"elementor-button-content-wrapper\">\n\t\t\t\t\t\t\t\t\t<span class=\"elementor-button-text\">hazte voluntario de amigos<\/span>\n\t\t\t\t\t<\/span>\n\t\t\t\t\t<\/a>\n\t\t\t\t<\/div>\n\t\t\t\t\t\t\t\t<\/div>\n\t\t\t\t<\/div>\n\t\t\t\t\t<\/div>\n\t\t<\/div>\n\t\t\t\t<div class=\"elementor-column elementor-col-50 elementor-top-column elementor-element elementor-element-7698d59a\" data-id=\"7698d59a\" data-element_type=\"column\" data-e-type=\"column\">\n\t\t\t<div class=\"elementor-widget-wrap elementor-element-populated\">\n\t\t\t\t\t\t<div class=\"elementor-element elementor-element-3cba408 elementor-widget elementor-widget-image\" data-id=\"3cba408\" data-element_type=\"widget\" data-e-type=\"widget\" data-widget_type=\"image.default\">\n\t\t\t\t<div class=\"elementor-widget-container\">\n\t\t\t\t\t\t\t\t\t\t\t\t\t\t\t<img decoding=\"async\" width=\"800\" height=\"800\" src=\"https:\/\/www.hamptonbayslibrary.org\/wp-content\/uploads\/2022\/05\/friends-of-the-library-main3.jpg\" class=\"attachment-large size-large wp-image-3679\" alt=\"four open books stacked on top of eachother\" srcset=\"https:\/\/www.hamptonbayslibrary.org\/wp-content\/uploads\/2022\/05\/friends-of-the-library-main3.jpg 900w, https:\/\/www.hamptonbayslibrary.org\/wp-content\/uploads\/2022\/05\/friends-of-the-library-main3-300x300.jpg 300w, https:\/\/www.hamptonbayslibrary.org\/wp-content\/uploads\/2022\/05\/friends-of-the-library-main3-150x150.jpg 150w, https:\/\/www.hamptonbayslibrary.org\/wp-content\/uploads\/2022\/05\/friends-of-the-library-main3-768x768.jpg 768w, https:\/\/www.hamptonbayslibrary.org\/wp-content\/uploads\/2022\/05\/friends-of-the-library-main3-12x12.jpg 12w\" sizes=\"(max-width: 800px) 100vw, 800px\" \/>\t\t\t\t\t\t\t\t\t\t\t\t\t\t\t<\/div>\n\t\t\t\t<\/div>\n\t\t\t\t\t<\/div>\n\t\t<\/div>\n\t\t\t\t\t<\/div>\n\t\t<\/section>\n\t\t\t\t<\/div>","protected":false},"excerpt":{"rendered":"<p>visit the friends website Friends Book Store Twice Sold Tales Book Store \u201cEMPOWERING THE COMMUNITY THROUGH READING\u201d The Book Store is located\u00a0at\u00a0the northwest\u00a0corner of the library building at 52 Ponquogue Avenue.\u00a0Enter by the outside stairwell to the basement.\u00a0Handicapped access is through the library. Hours: The Book Store is open on Saturdays, 9:00 AM to 2:00 [&hellip;]<\/p>\n","protected":false},"author":2,"featured_media":3675,"parent":0,"menu_order":0,"comment_status":"closed","ping_status":"closed","template":"","meta":{"_acf_changed":false,"give_campaign_id":0,"footnotes":""},"class_list":["post-523","page","type-page","status-publish","has-post-thumbnail","hentry"],"acf":[],"campaignId":"","publishpress_future_workflow_manual_trigger":{"enabledWorkflows":[]},"_links":{"self":[{"href":"https:\/\/www.hamptonbayslibrary.org\/es\/wp-json\/wp\/v2\/pages\/523","targetHints":{"allow":["GET"]}}],"collection":[{"href":"https:\/\/www.hamptonbayslibrary.org\/es\/wp-json\/wp\/v2\/pages"}],"about":[{"href":"https:\/\/www.hamptonbayslibrary.org\/es\/wp-json\/wp\/v2\/types\/page"}],"author":[{"embeddable":true,"href":"https:\/\/www.hamptonbayslibrary.org\/es\/wp-json\/wp\/v2\/users\/2"}],"replies":[{"embeddable":true,"href":"https:\/\/www.hamptonbayslibrary.org\/es\/wp-json\/wp\/v2\/comments?post=523"}],"version-history":[{"count":3,"href":"https:\/\/www.hamptonbayslibrary.org\/es\/wp-json\/wp\/v2\/pages\/523\/revisions"}],"predecessor-version":[{"id":11095,"href":"https:\/\/www.hamptonbayslibrary.org\/es\/wp-json\/wp\/v2\/pages\/523\/revisions\/11095"}],"wp:featuredmedia":[{"embeddable":true,"href":"https:\/\/www.hamptonbayslibrary.org\/es\/wp-json\/wp\/v2\/media\/3675"}],"wp:attachment":[{"href":"https:\/\/www.hamptonbayslibrary.org\/es\/wp-json\/wp\/v2\/media?parent=523"}],"curies":[{"name":"gracias","href":"https:\/\/api.w.org\/{rel}","templated":true}]}}