{"id":5093,"date":"2022-08-30T13:33:36","date_gmt":"2022-08-30T17:33:36","guid":{"rendered":"https:\/\/www.hamptonbayslibrary.org\/?page_id=5093"},"modified":"2022-09-01T16:21:49","modified_gmt":"2022-09-01T20:21:49","slug":"reading-recommendations","status":"publish","type":"page","link":"https:\/\/www.hamptonbayslibrary.org\/es\/reading-recommendations\/","title":{"rendered":"Recomendaciones de lectura"},"content":{"rendered":"\t\t<div data-elementor-type=\"wp-page\" data-elementor-id=\"5093\" class=\"elementor elementor-5093\" data-elementor-post-type=\"page\">\n\t\t\t\t\t\t<section class=\"elementor-section elementor-top-section elementor-element elementor-element-2f772ab elementor-section-boxed elementor-section-height-default elementor-section-height-default\" data-id=\"2f772ab\" data-element_type=\"section\" data-e-type=\"section\">\n\t\t\t\t\t\t<div class=\"elementor-container elementor-column-gap-default\">\n\t\t\t\t\t<div class=\"elementor-column elementor-col-100 elementor-top-column elementor-element elementor-element-251d7ed\" data-id=\"251d7ed\" data-element_type=\"column\" data-e-type=\"column\">\n\t\t\t<div class=\"elementor-widget-wrap elementor-element-populated\">\n\t\t\t\t\t\t<div class=\"elementor-element elementor-element-726fa4a elementor-invisible elementor-widget elementor-widget-heading\" data-id=\"726fa4a\" data-element_type=\"widget\" data-e-type=\"widget\" data-settings=\"{&quot;_animation&quot;:&quot;fadeInUp&quot;}\" data-widget_type=\"heading.default\">\n\t\t\t\t<div class=\"elementor-widget-container\">\n\t\t\t\t\t<h1 class=\"elementor-heading-title elementor-size-default\">What should you read next?<\/h1>\t\t\t\t<\/div>\n\t\t\t\t<\/div>\n\t\t\t\t<div class=\"elementor-element elementor-element-54ef70e elementor-widget elementor-widget-text-editor\" data-id=\"54ef70e\" data-element_type=\"widget\" data-e-type=\"widget\" data-widget_type=\"text-editor.default\">\n\t\t\t\t<div class=\"elementor-widget-container\">\n\t\t\t\t\t\t\t\t\t<p class=\"p1\">Please fill out the form below and our librarians will compile a list of book titles based on the information you provide. More detailed responses will result in better recommendations. <span style=\"color: #ff0000;\"><strong>*<\/strong><\/span> Indicates required field.<\/p><p class=\"p1\"><strong>YOU WILL RECEIVE A\u00a0 PERSONALIZED LIST WITHIN 72 HOURS.<\/strong><\/p>\t\t\t\t\t\t\t\t<\/div>\n\t\t\t\t<\/div>\n\t\t\t\t\t<\/div>\n\t\t<\/div>\n\t\t\t\t\t<\/div>\n\t\t<\/section>\n\t\t\t\t<section class=\"elementor-section elementor-top-section elementor-element elementor-element-0cbb29c elementor-section-boxed elementor-section-height-default elementor-section-height-default\" data-id=\"0cbb29c\" data-element_type=\"section\" data-e-type=\"section\">\n\t\t\t\t\t\t<div class=\"elementor-container elementor-column-gap-default\">\n\t\t\t\t\t<div class=\"elementor-column elementor-col-100 elementor-top-column elementor-element elementor-element-4a82991\" data-id=\"4a82991\" data-element_type=\"column\" data-e-type=\"column\">\n\t\t\t<div class=\"elementor-widget-wrap elementor-element-populated\">\n\t\t\t\t\t\t<div class=\"elementor-element elementor-element-9033eb3 elementor-button-align-start elementor-widget elementor-widget-form\" data-id=\"9033eb3\" data-element_type=\"widget\" data-e-type=\"widget\" data-settings=\"{&quot;step_next_label&quot;:&quot;Next&quot;,&quot;step_previous_label&quot;:&quot;Previous&quot;,&quot;button_width&quot;:&quot;100&quot;,&quot;step_type&quot;:&quot;number_text&quot;,&quot;step_icon_shape&quot;:&quot;circle&quot;}\" data-widget_type=\"form.default\">\n\t\t\t\t<div class=\"elementor-widget-container\">\n\t\t\t\t\t\t\t<form class=\"elementor-form\" method=\"post\" name=\"Reading Recommendations\" aria-label=\"Reading Recommendations\">\n\t\t\t<input type=\"hidden\" name=\"post_id\" value=\"5093\"\/>\n\t\t\t<input type=\"hidden\" name=\"form_id\" value=\"9033eb3\"\/>\n\t\t\t<input type=\"hidden\" name=\"referer_title\" value=\"Reading Recommendations - Hampton Bays Public Library\" \/>\n\n\t\t\t\t\t\t\t<input type=\"hidden\" name=\"queried_id\" value=\"5093\"\/>\n\t\t\t\n\t\t\t<div class=\"elementor-form-fields-wrapper elementor-labels-above\">\n\t\t\t\t\t\t\t\t<div class=\"elementor-field-type-text elementor-field-group elementor-column elementor-field-group-name elementor-col-50 elementor-field-required elementor-mark-required\">\n\t\t\t\t\t\t\t\t\t\t\t\t<label for=\"form-field-name\" class=\"elementor-field-label\">\n\t\t\t\t\t\t\t\tName\t\t\t\t\t\t\t<\/label>\n\t\t\t\t\t\t\t\t\t\t\t\t\t\t<input size=\"1\" type=\"text\" name=\"form_fields[name]\" id=\"form-field-name\" class=\"elementor-field elementor-size-sm  elementor-field-textual\" placeholder=\"First and Last Name\" required=\"required\">\n\t\t\t\t\t\t\t\t\t\t\t<\/div>\n\t\t\t\t\t\t\t\t<div class=\"elementor-field-type-tel elementor-field-group elementor-column elementor-field-group-email elementor-col-50 elementor-field-required elementor-mark-required\">\n\t\t\t\t\t\t\t\t\t\t\t\t<label for=\"form-field-email\" class=\"elementor-field-label\">\n\t\t\t\t\t\t\t\tPhone\t\t\t\t\t\t\t<\/label>\n\t\t\t\t\t\t\t\t<input size=\"1\" type=\"tel\" name=\"form_fields[email]\" id=\"form-field-email\" class=\"elementor-field elementor-size-sm  elementor-field-textual\" placeholder=\"Phone number including area code\" required=\"required\" pattern=\"[0-9()#&amp;+*-=.]+\" title=\"Solo se aceptan n\u00fameros y caracteres de tel\u00e9fono (#,-,*,etc).\">\n\n\t\t\t\t\t\t<\/div>\n\t\t\t\t\t\t\t\t<div class=\"elementor-field-type-number elementor-field-group elementor-column elementor-field-group-message elementor-col-40 elementor-field-required elementor-mark-required\">\n\t\t\t\t\t\t\t\t\t\t\t\t<label for=\"form-field-message\" class=\"elementor-field-label\">\n\t\t\t\t\t\t\t\tLibrary Card Number\t\t\t\t\t\t\t<\/label>\n\t\t\t\t\t\t\t\t\t<input type=\"number\" name=\"form_fields[message]\" id=\"form-field-message\" class=\"elementor-field elementor-size-sm  elementor-field-textual\" required=\"required\" min=\"\" max=\"\" >\n\t\t\t\t\t\t<\/div>\n\t\t\t\t\t\t\t\t<div class=\"elementor-field-type-email elementor-field-group elementor-column elementor-field-group-field_c51fa82 elementor-col-60 elementor-field-required elementor-mark-required\">\n\t\t\t\t\t\t\t\t\t\t\t\t<label for=\"form-field-field_c51fa82\" class=\"elementor-field-label\">\n\t\t\t\t\t\t\t\tEmail\t\t\t\t\t\t\t<\/label>\n\t\t\t\t\t\t\t\t\t\t\t\t\t\t<input size=\"1\" type=\"email\" name=\"form_fields[field_c51fa82]\" id=\"form-field-field_c51fa82\" class=\"elementor-field elementor-size-sm  elementor-field-textual\" required=\"required\">\n\t\t\t\t\t\t\t\t\t\t\t<\/div>\n\t\t\t\t\t\t\t\t<div class=\"elementor-field-type-radio elementor-field-group elementor-column elementor-field-group-field_5a63c38 elementor-col-100 elementor-field-required elementor-mark-required\">\n\t\t\t\t\t\t\t\t\t\t\t\t<label for=\"form-field-field_5a63c38\" class=\"elementor-field-label\">\n\t\t\t\t\t\t\t\tPreferred Method of Contact\t\t\t\t\t\t\t<\/label>\n\t\t\t\t\t\t<div class=\"elementor-field-subgroup  elementor-subgroup-inline\"><span class=\"elementor-field-option\"><input type=\"radio\" value=\"Email\" id=\"form-field-field_5a63c38-0\" name=\"form_fields[field_5a63c38]\" required=\"required\"> <label for=\"form-field-field_5a63c38-0\">Email<\/label><\/span><span class=\"elementor-field-option\"><input type=\"radio\" value=\"Phone\" id=\"form-field-field_5a63c38-1\" name=\"form_fields[field_5a63c38]\" required=\"required\"> <label for=\"form-field-field_5a63c38-1\">Phone<\/label><\/span><span class=\"elementor-field-option\"><input type=\"radio\" value=\"Postal Mail\" id=\"form-field-field_5a63c38-2\" name=\"form_fields[field_5a63c38]\" required=\"required\"> <label for=\"form-field-field_5a63c38-2\">Postal Mail<\/label><\/span><\/div>\t\t\t\t<\/div>\n\t\t\t\t\t\t\t\t<div class=\"elementor-field-type-textarea elementor-field-group elementor-column elementor-field-group-field_607a63f elementor-col-50 elementor-field-required elementor-mark-required\">\n\t\t\t\t\t\t\t\t\t\t\t\t<label for=\"form-field-field_607a63f\" class=\"elementor-field-label\">\n\t\t\t\t\t\t\t\tWhat book(s) have you read recently and really liked?\t\t\t\t\t\t\t<\/label>\n\t\t\t\t\t\t<textarea class=\"elementor-field-textual elementor-field  elementor-size-sm\" name=\"form_fields[field_607a63f]\" id=\"form-field-field_607a63f\" rows=\"4\" required=\"required\"><\/textarea>\t\t\t\t<\/div>\n\t\t\t\t\t\t\t\t<div class=\"elementor-field-type-textarea elementor-field-group elementor-column elementor-field-group-field_5ba89c1 elementor-col-50 elementor-field-required elementor-mark-required\">\n\t\t\t\t\t\t\t\t\t\t\t\t<label for=\"form-field-field_5ba89c1\" class=\"elementor-field-label\">\n\t\t\t\t\t\t\t\tWhat was it about the book(s) you really enjoyed?\t\t\t\t\t\t\t<\/label>\n\t\t\t\t\t\t<textarea class=\"elementor-field-textual elementor-field  elementor-size-sm\" name=\"form_fields[field_5ba89c1]\" id=\"form-field-field_5ba89c1\" rows=\"4\" required=\"required\"><\/textarea>\t\t\t\t<\/div>\n\t\t\t\t\t\t\t\t<div class=\"elementor-field-type-textarea elementor-field-group elementor-column elementor-field-group-field_62ef767 elementor-col-50\">\n\t\t\t\t\t\t\t\t\t\t\t\t<label for=\"form-field-field_62ef767\" class=\"elementor-field-label\">\n\t\t\t\t\t\t\t\tWhat book(s) have you read recently that you didn't like?\t\t\t\t\t\t\t<\/label>\n\t\t\t\t\t\t<textarea class=\"elementor-field-textual elementor-field  elementor-size-sm\" name=\"form_fields[field_62ef767]\" id=\"form-field-field_62ef767\" rows=\"4\"><\/textarea>\t\t\t\t<\/div>\n\t\t\t\t\t\t\t\t<div class=\"elementor-field-type-textarea elementor-field-group elementor-column elementor-field-group-field_a01a6a4 elementor-col-50\">\n\t\t\t\t\t\t\t\t\t\t\t\t<label for=\"form-field-field_a01a6a4\" class=\"elementor-field-label\">\n\t\t\t\t\t\t\t\tWhat was it about the book(s) that didn't appeal to you?\t\t\t\t\t\t\t<\/label>\n\t\t\t\t\t\t<textarea class=\"elementor-field-textual elementor-field  elementor-size-sm\" name=\"form_fields[field_a01a6a4]\" id=\"form-field-field_a01a6a4\" rows=\"4\"><\/textarea>\t\t\t\t<\/div>\n\t\t\t\t\t\t\t\t<div class=\"elementor-field-type-checkbox elementor-field-group elementor-column elementor-field-group-field_1a8b20b elementor-col-100\">\n\t\t\t\t\t\t\t\t\t\t\t\t<label for=\"form-field-field_1a8b20b\" class=\"elementor-field-label\">\n\t\t\t\t\t\t\t\tWhat genres do you really enjoy reading? (You may choose more than one)\t\t\t\t\t\t\t<\/label>\n\t\t\t\t\t\t<div class=\"elementor-field-subgroup  \"><span class=\"elementor-field-option\"><input type=\"checkbox\" value=\"All General Fiction\" id=\"form-field-field_1a8b20b-0\" name=\"form_fields[field_1a8b20b][]\"> <label for=\"form-field-field_1a8b20b-0\">All General Fiction<\/label><\/span><span class=\"elementor-field-option\"><input type=\"checkbox\" value=\"Romance\" id=\"form-field-field_1a8b20b-1\" name=\"form_fields[field_1a8b20b][]\"> <label for=\"form-field-field_1a8b20b-1\">Romance<\/label><\/span><span class=\"elementor-field-option\"><input type=\"checkbox\" value=\"Inspirational\" id=\"form-field-field_1a8b20b-2\" name=\"form_fields[field_1a8b20b][]\"> <label for=\"form-field-field_1a8b20b-2\">Inspirational<\/label><\/span><span class=\"elementor-field-option\"><input type=\"checkbox\" value=\"Mystery \/ Suspense\" id=\"form-field-field_1a8b20b-3\" name=\"form_fields[field_1a8b20b][]\"> <label for=\"form-field-field_1a8b20b-3\">Mystery \/ Suspense<\/label><\/span><span class=\"elementor-field-option\"><input type=\"checkbox\" value=\"Horror\" id=\"form-field-field_1a8b20b-4\" name=\"form_fields[field_1a8b20b][]\"> <label for=\"form-field-field_1a8b20b-4\">Horror<\/label><\/span><span class=\"elementor-field-option\"><input type=\"checkbox\" value=\"Non-Fiction\" id=\"form-field-field_1a8b20b-5\" name=\"form_fields[field_1a8b20b][]\"> <label for=\"form-field-field_1a8b20b-5\">Non-Fiction<\/label><\/span><span class=\"elementor-field-option\"><input type=\"checkbox\" value=\"Historical Fiction\" id=\"form-field-field_1a8b20b-6\" name=\"form_fields[field_1a8b20b][]\"> <label for=\"form-field-field_1a8b20b-6\">Historical Fiction<\/label><\/span><span class=\"elementor-field-option\"><input type=\"checkbox\" value=\"Science Fiction\" id=\"form-field-field_1a8b20b-7\" name=\"form_fields[field_1a8b20b][]\"> <label for=\"form-field-field_1a8b20b-7\">Science Fiction<\/label><\/span><span class=\"elementor-field-option\"><input type=\"checkbox\" value=\"True Crime\" id=\"form-field-field_1a8b20b-8\" name=\"form_fields[field_1a8b20b][]\"> <label for=\"form-field-field_1a8b20b-8\">True Crime<\/label><\/span><span class=\"elementor-field-option\"><input type=\"checkbox\" value=\"Fantasy\" id=\"form-field-field_1a8b20b-9\" name=\"form_fields[field_1a8b20b][]\"> <label for=\"form-field-field_1a8b20b-9\">Fantasy<\/label><\/span><span class=\"elementor-field-option\"><input type=\"checkbox\" value=\"Action \/ Adventure\" id=\"form-field-field_1a8b20b-10\" name=\"form_fields[field_1a8b20b][]\"> <label for=\"form-field-field_1a8b20b-10\">Action \/ Adventure<\/label><\/span><span class=\"elementor-field-option\"><input type=\"checkbox\" value=\"Biography \/ Memoirs\" id=\"form-field-field_1a8b20b-11\" name=\"form_fields[field_1a8b20b][]\"> <label for=\"form-field-field_1a8b20b-11\">Biography \/ Memoirs<\/label><\/span><\/div>\t\t\t\t<\/div>\n\t\t\t\t\t\t\t\t<div class=\"elementor-field-type-checkbox elementor-field-group elementor-column elementor-field-group-field_6396ebb elementor-col-100\">\n\t\t\t\t\t\t\t\t\t\t\t\t<label for=\"form-field-field_6396ebb\" class=\"elementor-field-label\">\n\t\t\t\t\t\t\t\tPlease indicate if you need books to be in a format other than regular print (You may choose more than one)\t\t\t\t\t\t\t<\/label>\n\t\t\t\t\t\t<div class=\"elementor-field-subgroup  \"><span class=\"elementor-field-option\"><input type=\"checkbox\" value=\"Large Print\" id=\"form-field-field_6396ebb-0\" name=\"form_fields[field_6396ebb][]\"> <label for=\"form-field-field_6396ebb-0\">Large Print<\/label><\/span><span class=\"elementor-field-option\"><input type=\"checkbox\" value=\"CD\/MP3 Audiobook\" id=\"form-field-field_6396ebb-1\" name=\"form_fields[field_6396ebb][]\"> <label for=\"form-field-field_6396ebb-1\">CD\/MP3 Audiobook<\/label><\/span><span class=\"elementor-field-option\"><input type=\"checkbox\" value=\"eBook\" id=\"form-field-field_6396ebb-2\" name=\"form_fields[field_6396ebb][]\"> <label for=\"form-field-field_6396ebb-2\">eBook<\/label><\/span><span class=\"elementor-field-option\"><input type=\"checkbox\" value=\"eAudiobook\" id=\"form-field-field_6396ebb-3\" name=\"form_fields[field_6396ebb][]\"> <label for=\"form-field-field_6396ebb-3\">eAudiobook<\/label><\/span><span class=\"elementor-field-option\"><input type=\"checkbox\" value=\"Other\" id=\"form-field-field_6396ebb-4\" name=\"form_fields[field_6396ebb][]\"> <label for=\"form-field-field_6396ebb-4\">Other<\/label><\/span><\/div>\t\t\t\t<\/div>\n\t\t\t\t\t\t\t\t<div class=\"elementor-field-type-text elementor-field-group elementor-column elementor-field-group-field_d97527c elementor-col-50\">\n\t\t\t\t\t\t\t\t\t\t\t\t\t<input size=\"1\" type=\"text\" name=\"form_fields[field_d97527c]\" id=\"form-field-field_d97527c\" class=\"elementor-field elementor-size-sm  elementor-field-textual\" placeholder=\"Please indicate here for other\">\n\t\t\t\t\t\t\t\t\t\t\t<\/div>\n\t\t\t\t\t\t\t\t<div class=\"elementor-field-type-textarea elementor-field-group elementor-column elementor-field-group-field_23e99db elementor-col-100\">\n\t\t\t\t\t\t\t\t\t\t\t\t<label for=\"form-field-field_23e99db\" class=\"elementor-field-label\">\n\t\t\t\t\t\t\t\tIs there anything else you would like us to know?\t\t\t\t\t\t\t<\/label>\n\t\t\t\t\t\t<textarea class=\"elementor-field-textual elementor-field  elementor-size-sm\" name=\"form_fields[field_23e99db]\" id=\"form-field-field_23e99db\" rows=\"6\"><\/textarea>\t\t\t\t<\/div>\n\t\t\t\t\t\t\t\t<div class=\"elementor-field-type-recaptcha_v3 elementor-field-group elementor-column elementor-field-group-field_dde9613 elementor-col-100 recaptcha_v3-bottomright\">\n\t\t\t\t\t<div class=\"elementor-field\" id=\"form-field-field_dde9613\"><div class=\"elementor-g-recaptcha\" data-sitekey=\"6Lc4YcchAAAAAEn0rAOlDNmnVYdqXbaMu2CGvCRn\" data-type=\"v3\" data-action=\"Form\" data-badge=\"bottomright\" data-size=\"invisible\"><\/div><\/div>\t\t\t\t<\/div>\n\t\t\t\t\t\t\t\t<div class=\"elementor-field-group elementor-column elementor-field-type-submit elementor-col-100 e-form__buttons\">\n\t\t\t\t\t<button class=\"elementor-button elementor-size-sm\" type=\"submit\">\n\t\t\t\t\t\t<span class=\"elementor-button-content-wrapper\">\n\t\t\t\t\t\t\t\t\t\t\t\t\t\t\t\t\t\t\t\t\t\t<span class=\"elementor-button-text\">Submit<\/span>\n\t\t\t\t\t\t\t\t\t\t\t\t\t<\/span>\n\t\t\t\t\t<\/button>\n\t\t\t\t<\/div>\n\t\t\t<\/div>\n\t\t<\/form>\n\t\t\t\t\t\t<\/div>\n\t\t\t\t<\/div>\n\t\t\t\t\t<\/div>\n\t\t<\/div>\n\t\t\t\t\t<\/div>\n\t\t<\/section>\n\t\t\t\t<\/div>\n\t\t","protected":false},"excerpt":{"rendered":"<p>\u00bfQu\u00e9 deber\u00edas leer a continuaci\u00f3n? Complete el formulario a continuaci\u00f3n y nuestros bibliotecarios compilar\u00e1n una lista de t\u00edtulos de libros seg\u00fan la informaci\u00f3n que proporcione. Las respuestas m\u00e1s detalladas dar\u00e1n lugar a mejores recomendaciones. * Indica campo requerido. RECIBIR\u00c1S UNA LISTA PERSONALIZADA EN 72 HORAS.<\/p>","protected":false},"author":2,"featured_media":5191,"parent":0,"menu_order":0,"comment_status":"closed","ping_status":"closed","template":"","meta":{"_acf_changed":false,"give_campaign_id":0,"footnotes":""},"class_list":["post-5093","page","type-page","status-publish","has-post-thumbnail","hentry"],"acf":[],"campaignId":"","publishpress_future_workflow_manual_trigger":{"enabledWorkflows":[]},"_links":{"self":[{"href":"https:\/\/www.hamptonbayslibrary.org\/es\/wp-json\/wp\/v2\/pages\/5093","targetHints":{"allow":["GET"]}}],"collection":[{"href":"https:\/\/www.hamptonbayslibrary.org\/es\/wp-json\/wp\/v2\/pages"}],"about":[{"href":"https:\/\/www.hamptonbayslibrary.org\/es\/wp-json\/wp\/v2\/types\/page"}],"author":[{"embeddable":true,"href":"https:\/\/www.hamptonbayslibrary.org\/es\/wp-json\/wp\/v2\/users\/2"}],"replies":[{"embeddable":true,"href":"https:\/\/www.hamptonbayslibrary.org\/es\/wp-json\/wp\/v2\/comments?post=5093"}],"version-history":[{"count":0,"href":"https:\/\/www.hamptonbayslibrary.org\/es\/wp-json\/wp\/v2\/pages\/5093\/revisions"}],"wp:featuredmedia":[{"embeddable":true,"href":"https:\/\/www.hamptonbayslibrary.org\/es\/wp-json\/wp\/v2\/media\/5191"}],"wp:attachment":[{"href":"https:\/\/www.hamptonbayslibrary.org\/es\/wp-json\/wp\/v2\/media?parent=5093"}],"curies":[{"name":"gracias","href":"https:\/\/api.w.org\/{rel}","templated":true}]}}