{"id":4407,"date":"2022-05-25T14:37:12","date_gmt":"2022-05-25T18:37:12","guid":{"rendered":"http:\/\/www.hamptonbayslibrary.org\/?page_id=4407"},"modified":"2026-01-23T11:46:56","modified_gmt":"2026-01-23T16:46:56","slug":"physical-mental-health-resources","status":"publish","type":"page","link":"https:\/\/www.hamptonbayslibrary.org\/es\/physical-mental-health-resources\/","title":{"rendered":"Recursos de salud f\u00edsica y mental"},"content":{"rendered":"<div data-elementor-type=\"wp-page\" data-elementor-id=\"4407\" class=\"elementor elementor-4407\" data-elementor-post-type=\"page\">\n\t\t\t\t<div class=\"elementor-element elementor-element-e05e3dd e-flex e-con-boxed e-con e-parent\" data-id=\"e05e3dd\" data-element_type=\"container\" data-e-type=\"container\">\n\t\t\t\t\t<div class=\"e-con-inner\">\n\t\t<div class=\"elementor-element elementor-element-551188e e-con-full e-flex e-con e-child\" data-id=\"551188e\" data-element_type=\"container\" data-e-type=\"container\">\n\t\t\t\t<div class=\"elementor-element elementor-element-428a4be elementor-position-top elementor-widget elementor-widget-image-box\" data-id=\"428a4be\" data-element_type=\"widget\" data-e-type=\"widget\" data-widget_type=\"image-box.default\">\n\t\t\t\t<div class=\"elementor-widget-container\">\n\t\t\t\t\t<div class=\"elementor-image-box-wrapper\"><figure class=\"elementor-image-box-img\"><a href=\"https:\/\/lgbtnetwork.org\/\" target=\"_blank\" tabindex=\"-1\" rel=\"noopener\"><img fetchpriority=\"high\" decoding=\"async\" width=\"598\" height=\"145\" src=\"https:\/\/www.hamptonbayslibrary.org\/wp-content\/uploads\/2022\/05\/lgbtnetwork-logo-primary.png\" class=\"elementor-animation-grow attachment-full size-full wp-image-4492\" alt=\"LGBT Network logo\" srcset=\"https:\/\/www.hamptonbayslibrary.org\/wp-content\/uploads\/2022\/05\/lgbtnetwork-logo-primary.png 598w, https:\/\/www.hamptonbayslibrary.org\/wp-content\/uploads\/2022\/05\/lgbtnetwork-logo-primary-300x73.png 300w, https:\/\/www.hamptonbayslibrary.org\/wp-content\/uploads\/2022\/05\/lgbtnetwork-logo-primary-18x4.png 18w\" sizes=\"(max-width: 598px) 100vw, 598px\" \/><\/a><\/figure><div class=\"elementor-image-box-content\"><h2 class=\"elementor-image-box-title\"><a href=\"https:\/\/lgbtnetwork.org\/\" target=\"_blank\" rel=\"noopener\">Red LGBT<\/a><\/h2><p class=\"elementor-image-box-description\">Los centros comunitarios de la Red LGBT ayudan a las personas LGBT a ser ellas mismas, mantenerse saludables y cambiar el mundo.<\/p><\/div><\/div>\t\t\t\t<\/div>\n\t\t\t\t<\/div>\n\t\t\t\t<\/div>\n\t\t<div class=\"elementor-element elementor-element-92a9870 e-con-full e-flex e-con e-child\" data-id=\"92a9870\" data-element_type=\"container\" data-e-type=\"container\">\n\t\t\t\t<div class=\"elementor-element elementor-element-06164ba elementor-position-top elementor-widget elementor-widget-image-box\" data-id=\"06164ba\" data-element_type=\"widget\" data-e-type=\"widget\" data-widget_type=\"image-box.default\">\n\t\t\t\t<div class=\"elementor-widget-container\">\n\t\t\t\t\t<div class=\"elementor-image-box-wrapper\"><figure class=\"elementor-image-box-img\"><a href=\"https:\/\/www.crisistextline.org\/\" tabindex=\"-1\" target=\"_blank\" rel=\"noopener\"><img decoding=\"async\" width=\"214\" height=\"65\" src=\"https:\/\/www.hamptonbayslibrary.org\/wp-content\/uploads\/2023\/10\/logo-original-1.png\" class=\"elementor-animation-grow attachment-full size-full wp-image-6593\" alt=\"Crisis Text Line logo\" srcset=\"https:\/\/www.hamptonbayslibrary.org\/wp-content\/uploads\/2023\/10\/logo-original-1.png 214w, https:\/\/www.hamptonbayslibrary.org\/wp-content\/uploads\/2023\/10\/logo-original-1-18x5.png 18w\" sizes=\"(max-width: 214px) 100vw, 214px\" \/><\/a><\/figure><div class=\"elementor-image-box-content\"><h2 class=\"elementor-image-box-title\"><a href=\"https:\/\/www.crisistextline.org\/\" target=\"_blank\" rel=\"noopener\">L\u00ednea de texto de crisis<\/a><\/h2><p class=\"elementor-image-box-description\">Crisis Text Line brinda apoyo de salud mental e intervenci\u00f3n en crisis basado en textos de alta calidad, las 24 horas del d\u00eda, los 7 d\u00edas de la semana, al empoderar a una comunidad de voluntarios capacitados para apoyar a las personas en sus momentos de necesidad.\n\n<\/p><\/div><\/div>\t\t\t\t<\/div>\n\t\t\t\t<\/div>\n\t\t\t\t<\/div>\n\t\t<div class=\"elementor-element elementor-element-0956913 e-con-full e-flex e-con e-child\" data-id=\"0956913\" data-element_type=\"container\" data-e-type=\"container\">\n\t\t\t\t<div class=\"elementor-element elementor-element-69d6bac elementor-position-top elementor-widget elementor-widget-image-box\" data-id=\"69d6bac\" data-element_type=\"widget\" data-e-type=\"widget\" data-widget_type=\"image-box.default\">\n\t\t\t\t<div class=\"elementor-widget-container\">\n\t\t\t\t\t<div class=\"elementor-image-box-wrapper\"><figure class=\"elementor-image-box-img\"><a href=\"https:\/\/suicidepreventionlifeline.org\/\" target=\"_blank\" tabindex=\"-1\" rel=\"noopener\"><img decoding=\"async\" width=\"2401\" height=\"702\" src=\"https:\/\/www.hamptonbayslibrary.org\/wp-content\/uploads\/2022\/07\/988-national-suicide-prevention-line-horizontal.png\" class=\"elementor-animation-grow attachment-full size-full wp-image-4881\" alt=\"988 national suicide and crisis lifeline\" srcset=\"https:\/\/www.hamptonbayslibrary.org\/wp-content\/uploads\/2022\/07\/988-national-suicide-prevention-line-horizontal.png 2401w, https:\/\/www.hamptonbayslibrary.org\/wp-content\/uploads\/2022\/07\/988-national-suicide-prevention-line-horizontal-300x88.png 300w, https:\/\/www.hamptonbayslibrary.org\/wp-content\/uploads\/2022\/07\/988-national-suicide-prevention-line-horizontal-1024x299.png 1024w, https:\/\/www.hamptonbayslibrary.org\/wp-content\/uploads\/2022\/07\/988-national-suicide-prevention-line-horizontal-768x225.png 768w, https:\/\/www.hamptonbayslibrary.org\/wp-content\/uploads\/2022\/07\/988-national-suicide-prevention-line-horizontal-1536x449.png 1536w, https:\/\/www.hamptonbayslibrary.org\/wp-content\/uploads\/2022\/07\/988-national-suicide-prevention-line-horizontal-2048x599.png 2048w, https:\/\/www.hamptonbayslibrary.org\/wp-content\/uploads\/2022\/07\/988-national-suicide-prevention-line-horizontal-18x5.png 18w\" sizes=\"(max-width: 2401px) 100vw, 2401px\" \/><\/a><\/figure><div class=\"elementor-image-box-content\"><h2 class=\"elementor-image-box-title\"><a href=\"https:\/\/suicidepreventionlifeline.org\/\" target=\"_blank\" rel=\"noopener\">L\u00ednea de vida nacional para la prevenci\u00f3n del suicidio<\/a><\/h2><p class=\"elementor-image-box-description\">Una red nacional de centros locales de crisis que brinda apoyo emocional gratuito y confidencial.<\/p><\/div><\/div>\t\t\t\t<\/div>\n\t\t\t\t<\/div>\n\t\t\t\t<\/div>\n\t\t<div class=\"elementor-element elementor-element-975857e e-con-full e-flex e-con e-child\" data-id=\"975857e\" data-element_type=\"container\" data-e-type=\"container\">\n\t\t\t\t<div class=\"elementor-element elementor-element-7dd4630 elementor-position-top elementor-widget elementor-widget-image-box\" data-id=\"7dd4630\" data-element_type=\"widget\" data-e-type=\"widget\" data-widget_type=\"image-box.default\">\n\t\t\t\t<div class=\"elementor-widget-container\">\n\t\t\t\t\t<div class=\"elementor-image-box-wrapper\"><figure class=\"elementor-image-box-img\"><a href=\"https:\/\/opdv.ny.gov\/\" target=\"_blank\" tabindex=\"-1\" rel=\"noopener\"><img loading=\"lazy\" decoding=\"async\" width=\"412\" height=\"110\" src=\"https:\/\/www.hamptonbayslibrary.org\/wp-content\/uploads\/2022\/05\/office-for-the-prenvention-of-domestic-violence.jpg\" class=\"elementor-animation-grow attachment-full size-full wp-image-4494\" alt=\"NYS Office for the Prevention of Domestic Violence logo\" srcset=\"https:\/\/www.hamptonbayslibrary.org\/wp-content\/uploads\/2022\/05\/office-for-the-prenvention-of-domestic-violence.jpg 412w, https:\/\/www.hamptonbayslibrary.org\/wp-content\/uploads\/2022\/05\/office-for-the-prenvention-of-domestic-violence-300x80.jpg 300w, https:\/\/www.hamptonbayslibrary.org\/wp-content\/uploads\/2022\/05\/office-for-the-prenvention-of-domestic-violence-18x5.jpg 18w\" sizes=\"(max-width: 412px) 100vw, 412px\" \/><\/a><\/figure><div class=\"elementor-image-box-content\"><h2 class=\"elementor-image-box-title\"><a href=\"https:\/\/opdv.ny.gov\/\" target=\"_blank\" rel=\"noopener\">Prevenci\u00f3n de la violencia dom\u00e9stica en el estado de Nueva York<\/a><\/h2><p class=\"elementor-image-box-description\">Prevenci\u00f3n de la violencia dom\u00e9stica con el objetivo de mejorar la seguridad de todos los neoyorquinos en sus relaciones \u00edntimas y familiares.<\/p><\/div><\/div>\t\t\t\t<\/div>\n\t\t\t\t<\/div>\n\t\t\t\t<\/div>\n\t\t\t\t\t<\/div>\n\t\t\t\t<\/div>\n\t\t<div class=\"elementor-element elementor-element-54aff16 e-flex e-con-boxed e-con e-parent\" data-id=\"54aff16\" data-element_type=\"container\" data-e-type=\"container\">\n\t\t\t\t\t<div class=\"e-con-inner\">\n\t\t<div class=\"elementor-element elementor-element-cc4b0d1 e-con-full e-flex e-con e-child\" data-id=\"cc4b0d1\" data-element_type=\"container\" data-e-type=\"container\">\n\t\t\t\t<div class=\"elementor-element elementor-element-b78c205 elementor-position-top elementor-widget elementor-widget-image-box\" data-id=\"b78c205\" data-element_type=\"widget\" data-e-type=\"widget\" data-widget_type=\"image-box.default\">\n\t\t\t\t<div class=\"elementor-widget-container\">\n\t\t\t\t\t<div class=\"elementor-image-box-wrapper\"><figure class=\"elementor-image-box-img\"><a href=\"https:\/\/www.plannedparenthood.org\/health-center\/new-york\/riverhead\/11901\/riverhead-center-4264-91220\" target=\"_blank\" tabindex=\"-1\" rel=\"noopener\"><img loading=\"lazy\" decoding=\"async\" width=\"1280\" height=\"471\" src=\"https:\/\/www.hamptonbayslibrary.org\/wp-content\/uploads\/2022\/05\/Planned-Parenthood-Logo-riverhead.png\" class=\"elementor-animation-grow attachment-full size-full wp-image-4496\" alt=\"Planned Parenthood of Riverhead\" srcset=\"https:\/\/www.hamptonbayslibrary.org\/wp-content\/uploads\/2022\/05\/Planned-Parenthood-Logo-riverhead.png 1280w, https:\/\/www.hamptonbayslibrary.org\/wp-content\/uploads\/2022\/05\/Planned-Parenthood-Logo-riverhead-300x110.png 300w, https:\/\/www.hamptonbayslibrary.org\/wp-content\/uploads\/2022\/05\/Planned-Parenthood-Logo-riverhead-1024x377.png 1024w, https:\/\/www.hamptonbayslibrary.org\/wp-content\/uploads\/2022\/05\/Planned-Parenthood-Logo-riverhead-768x283.png 768w, https:\/\/www.hamptonbayslibrary.org\/wp-content\/uploads\/2022\/05\/Planned-Parenthood-Logo-riverhead-18x7.png 18w\" sizes=\"(max-width: 1280px) 100vw, 1280px\" \/><\/a><\/figure><div class=\"elementor-image-box-content\"><h2 class=\"elementor-image-box-title\"><a href=\"https:\/\/www.plannedparenthood.org\/health-center\/new-york\/riverhead\/11901\/riverhead-center-4264-91220\" target=\"_blank\" rel=\"noopener\">Paternidad planificada de Riverhead<\/a><\/h2><p class=\"elementor-image-box-description\">Planned Parenthood es uno de los principales proveedores de atenci\u00f3n m\u00e9dica asequible y de alta calidad del pa\u00eds, y el mayor proveedor de educaci\u00f3n sexual del pa\u00eds. <\/p><\/div><\/div>\t\t\t\t<\/div>\n\t\t\t\t<\/div>\n\t\t\t\t<\/div>\n\t\t<div class=\"elementor-element elementor-element-448f9a7 e-con-full e-flex e-con e-child\" data-id=\"448f9a7\" data-element_type=\"container\" data-e-type=\"container\">\n\t\t\t\t<div class=\"elementor-element elementor-element-d41c464 elementor-position-top elementor-widget elementor-widget-image-box\" data-id=\"d41c464\" data-element_type=\"widget\" data-e-type=\"widget\" data-widget_type=\"image-box.default\">\n\t\t\t\t<div class=\"elementor-widget-container\">\n\t\t\t\t\t<div class=\"elementor-image-box-wrapper\"><figure class=\"elementor-image-box-img\"><a href=\"https:\/\/www.thetrevorproject.org\/\" tabindex=\"-1\" target=\"_blank\" rel=\"noopener\"><img loading=\"lazy\" decoding=\"async\" width=\"250\" height=\"137\" src=\"https:\/\/www.hamptonbayslibrary.org\/wp-content\/uploads\/2023\/10\/trevor-project.png\" class=\"elementor-animation-grow attachment-full size-full wp-image-6585\" alt=\"trevor project logo\" srcset=\"https:\/\/www.hamptonbayslibrary.org\/wp-content\/uploads\/2023\/10\/trevor-project.png 250w, https:\/\/www.hamptonbayslibrary.org\/wp-content\/uploads\/2023\/10\/trevor-project-18x10.png 18w\" sizes=\"(max-width: 250px) 100vw, 250px\" \/><\/a><\/figure><div class=\"elementor-image-box-content\"><h2 class=\"elementor-image-box-title\"><a href=\"https:\/\/www.thetrevorproject.org\/\" target=\"_blank\" rel=\"noopener\">El proyecto Trevor<\/a><\/h2><p class=\"elementor-image-box-description\">El Proyecto Trevor es la organizaci\u00f3n nacional l\u00edder que brinda servicios de intervenci\u00f3n en crisis y prevenci\u00f3n del suicidio a j\u00f3venes lesbianas, gays, bisexuales, transg\u00e9nero e indecisos (LGBTQ), de entre 13 y 24 a\u00f1os. <\/p><\/div><\/div>\t\t\t\t<\/div>\n\t\t\t\t<\/div>\n\t\t\t\t<\/div>\n\t\t<div class=\"elementor-element elementor-element-dd88809 e-con-full e-flex e-con e-child\" data-id=\"dd88809\" data-element_type=\"container\" data-e-type=\"container\">\n\t\t\t\t<div class=\"elementor-element elementor-element-a184495 elementor-position-top elementor-widget elementor-widget-image-box\" data-id=\"a184495\" data-element_type=\"widget\" data-e-type=\"widget\" data-widget_type=\"image-box.default\">\n\t\t\t\t<div class=\"elementor-widget-container\">\n\t\t\t\t\t<div class=\"elementor-image-box-wrapper\"><figure class=\"elementor-image-box-img\"><a href=\"https:\/\/www.responsecrisiscenter.org\/\" target=\"_blank\" tabindex=\"-1\" rel=\"noopener\"><img loading=\"lazy\" decoding=\"async\" width=\"743\" height=\"287\" src=\"https:\/\/www.hamptonbayslibrary.org\/wp-content\/uploads\/2022\/05\/response-crisis-center-logo.png\" class=\"elementor-animation-grow attachment-full size-full wp-image-4498\" alt=\"Response Crisis Center\" srcset=\"https:\/\/www.hamptonbayslibrary.org\/wp-content\/uploads\/2022\/05\/response-crisis-center-logo.png 743w, https:\/\/www.hamptonbayslibrary.org\/wp-content\/uploads\/2022\/05\/response-crisis-center-logo-300x116.png 300w, https:\/\/www.hamptonbayslibrary.org\/wp-content\/uploads\/2022\/05\/response-crisis-center-logo-18x7.png 18w\" sizes=\"(max-width: 743px) 100vw, 743px\" \/><\/a><\/figure><div class=\"elementor-image-box-content\"><h2 class=\"elementor-image-box-title\"><a href=\"https:\/\/www.responsecrisiscenter.org\/\" target=\"_blank\" rel=\"noopener\">Centro de crisis de respuesta<\/a><\/h2><p class=\"elementor-image-box-description\">Nuestros voluntarios profesionalmente capacitados y supervisados ofrecen apoyo telef\u00f3nico a las personas que llaman y brindan referencias para grupos de apoyo.<\/p><\/div><\/div>\t\t\t\t<\/div>\n\t\t\t\t<\/div>\n\t\t\t\t<\/div>\n\t\t<div class=\"elementor-element elementor-element-4d0cd86 e-con-full e-flex e-con e-child\" data-id=\"4d0cd86\" data-element_type=\"container\" data-e-type=\"container\">\n\t\t\t\t<div class=\"elementor-element elementor-element-058ac1d elementor-position-top elementor-widget elementor-widget-image-box\" data-id=\"058ac1d\" data-element_type=\"widget\" data-e-type=\"widget\" data-widget_type=\"image-box.default\">\n\t\t\t\t<div class=\"elementor-widget-container\">\n\t\t\t\t\t<div class=\"elementor-image-box-wrapper\"><figure class=\"elementor-image-box-img\"><a href=\"https:\/\/allagainstabuse.org\/\" target=\"_blank\" tabindex=\"-1\" rel=\"noopener\"><img loading=\"lazy\" decoding=\"async\" width=\"823\" height=\"526\" src=\"https:\/\/www.hamptonbayslibrary.org\/wp-content\/uploads\/2022\/05\/TheRetreatLogo.jpg\" class=\"elementor-animation-grow attachment-full size-full wp-image-4499\" alt=\"The Retreat logo\" srcset=\"https:\/\/www.hamptonbayslibrary.org\/wp-content\/uploads\/2022\/05\/TheRetreatLogo.jpg 823w, https:\/\/www.hamptonbayslibrary.org\/wp-content\/uploads\/2022\/05\/TheRetreatLogo-300x192.jpg 300w, https:\/\/www.hamptonbayslibrary.org\/wp-content\/uploads\/2022\/05\/TheRetreatLogo-768x491.jpg 768w, https:\/\/www.hamptonbayslibrary.org\/wp-content\/uploads\/2022\/05\/TheRetreatLogo-18x12.jpg 18w\" sizes=\"(max-width: 823px) 100vw, 823px\" \/><\/a><\/figure><div class=\"elementor-image-box-content\"><h2 class=\"elementor-image-box-title\"><a href=\"https:\/\/allagainstabuse.org\/\" target=\"_blank\" rel=\"noopener\">El retiro<\/a><\/h2><p class=\"elementor-image-box-description\">L\u00ednea directa de crisis de violencia dom\u00e9stica, asesoramiento individual y grupal, defensa legal, un refugio y programas de educaci\u00f3n y prevenci\u00f3n de la violencia.<\/p><\/div><\/div>\t\t\t\t<\/div>\n\t\t\t\t<\/div>\n\t\t\t\t<\/div>\n\t\t\t\t\t<\/div>\n\t\t\t\t<\/div>\n\t\t<div class=\"elementor-element elementor-element-35fa4c9 e-flex e-con-boxed e-con e-parent\" data-id=\"35fa4c9\" data-element_type=\"container\" data-e-type=\"container\">\n\t\t\t\t\t<div class=\"e-con-inner\">\n\t\t<div class=\"elementor-element elementor-element-2e043e9 e-con-full e-flex e-con e-child\" data-id=\"2e043e9\" data-element_type=\"container\" data-e-type=\"container\">\n\t\t\t\t<div class=\"elementor-element elementor-element-5a44f08 elementor-position-top elementor-widget elementor-widget-image-box\" data-id=\"5a44f08\" data-element_type=\"widget\" data-e-type=\"widget\" data-widget_type=\"image-box.default\">\n\t\t\t\t<div class=\"elementor-widget-container\">\n\t\t\t\t\t<div class=\"elementor-image-box-wrapper\"><figure class=\"elementor-image-box-img\"><a href=\"https:\/\/www.stonybrookmedicine.edu\/LGBTQ\/Adolescent\" target=\"_blank\" tabindex=\"-1\" rel=\"noopener\"><img loading=\"lazy\" decoding=\"async\" width=\"300\" height=\"121\" src=\"https:\/\/www.hamptonbayslibrary.org\/wp-content\/uploads\/2024\/12\/5e13b76f-5cf9-486d-9609-3a9fa8bbd1cf-small-300x121-1.jpg\" class=\"elementor-animation-grow attachment-full size-full wp-image-9199\" alt=\"Stony Brook Medicine Pride Logo\" srcset=\"https:\/\/www.hamptonbayslibrary.org\/wp-content\/uploads\/2024\/12\/5e13b76f-5cf9-486d-9609-3a9fa8bbd1cf-small-300x121-1.jpg 300w, https:\/\/www.hamptonbayslibrary.org\/wp-content\/uploads\/2024\/12\/5e13b76f-5cf9-486d-9609-3a9fa8bbd1cf-small-300x121-1-18x7.jpg 18w\" sizes=\"(max-width: 300px) 100vw, 300px\" \/><\/a><\/figure><div class=\"elementor-image-box-content\"><h2 class=\"elementor-image-box-title\"><a href=\"https:\/\/www.stonybrookmedicine.edu\/LGBTQ\/Adolescent\" target=\"_blank\" rel=\"noopener\">Atenci\u00f3n LGBTQIA+ en Stony Brook<\/a><\/h2><p class=\"elementor-image-box-description\">Stony Brook Medicine estableci\u00f3 un Comit\u00e9 LGBTQ* para abordar las necesidades de la comunidad LGBTQ*, incluidos pacientes, profesores, personal y aprendices. <\/p><\/div><\/div>\t\t\t\t<\/div>\n\t\t\t\t<\/div>\n\t\t\t\t<\/div>\n\t\t<div class=\"elementor-element elementor-element-4413ac6 e-con-full e-flex e-con e-child\" data-id=\"4413ac6\" data-element_type=\"container\" data-e-type=\"container\">\n\t\t\t\t<div class=\"elementor-element elementor-element-82ed073 elementor-position-top elementor-widget elementor-widget-image-box\" data-id=\"82ed073\" data-element_type=\"widget\" data-e-type=\"widget\" data-widget_type=\"image-box.default\">\n\t\t\t\t<div class=\"elementor-widget-container\">\n\t\t\t\t\t<div class=\"elementor-image-box-wrapper\"><figure class=\"elementor-image-box-img\"><a href=\"https:\/\/www.stonybrookmedicine.edu\/LGBTQ\/patientcare\/our_providers\/Edie_Windsor_Healthcare_Center\" tabindex=\"-1\" target=\"_blank\" rel=\"noopener\"><img loading=\"lazy\" decoding=\"async\" width=\"768\" height=\"136\" src=\"https:\/\/www.hamptonbayslibrary.org\/wp-content\/uploads\/2024\/12\/stony-brook-medicine-logo-horizontal-300-768x136.png\" class=\"elementor-animation-grow attachment-medium_large size-medium_large wp-image-9198\" alt=\"Stony Brook Medicine Logo\" srcset=\"https:\/\/www.hamptonbayslibrary.org\/wp-content\/uploads\/2024\/12\/stony-brook-medicine-logo-horizontal-300-768x136.png 768w, https:\/\/www.hamptonbayslibrary.org\/wp-content\/uploads\/2024\/12\/stony-brook-medicine-logo-horizontal-300-300x53.png 300w, https:\/\/www.hamptonbayslibrary.org\/wp-content\/uploads\/2024\/12\/stony-brook-medicine-logo-horizontal-300-1024x181.png 1024w, https:\/\/www.hamptonbayslibrary.org\/wp-content\/uploads\/2024\/12\/stony-brook-medicine-logo-horizontal-300-18x3.png 18w, https:\/\/www.hamptonbayslibrary.org\/wp-content\/uploads\/2024\/12\/stony-brook-medicine-logo-horizontal-300.png 1132w\" sizes=\"(max-width: 768px) 100vw, 768px\" \/><\/a><\/figure><div class=\"elementor-image-box-content\"><h2 class=\"elementor-image-box-title\"><a href=\"https:\/\/www.stonybrookmedicine.edu\/LGBTQ\/patientcare\/our_providers\/Edie_Windsor_Healthcare_Center\" target=\"_blank\" rel=\"noopener\">Centro de atenci\u00f3n m\u00e9dica Edie Windsor<\/a><\/h2><p class=\"elementor-image-box-description\">El Centro de Salud Edie Windsor se especializa en servicios de atenci\u00f3n m\u00e9dica para la comunidad LGBTQ*. Brindamos atenci\u00f3n accesible, compasiva e integral a todos los miembros y aliados de la comunidad LGBTQ* y el tratamiento y la prevenci\u00f3n del VIH. Nuestra visi\u00f3n es brindar servicios de atenci\u00f3n m\u00e9dica de alta calidad en un ambiente de atenci\u00f3n, manteniendo la confidencialidad y el respeto por cada paciente como individuo.<\/p><\/div><\/div>\t\t\t\t<\/div>\n\t\t\t\t<\/div>\n\t\t\t\t<\/div>\n\t\t<div class=\"elementor-element elementor-element-221ce5c e-con-full e-flex e-con e-child\" data-id=\"221ce5c\" data-element_type=\"container\" data-e-type=\"container\">\n\t\t\t\t<div class=\"elementor-element elementor-element-362a772 elementor-position-top elementor-widget elementor-widget-image-box\" data-id=\"362a772\" data-element_type=\"widget\" data-e-type=\"widget\" data-widget_type=\"image-box.default\">\n\t\t\t\t<div class=\"elementor-widget-container\">\n\t\t\t\t\t<div class=\"elementor-image-box-wrapper\"><figure class=\"elementor-image-box-img\"><a href=\"https:\/\/www.responsecrisiscenter.org\/\" target=\"_blank\" tabindex=\"-1\" rel=\"noopener\"><img decoding=\"async\" src=\"https:\/\/static.wixstatic.com\/media\/e11ff9_30b503fa922d4c7f9ea1a87a5c9485bc~mv2.png\/v1\/fill\/w_275,h_233,al_c,q_85,usm_0.66_1.00_0.01,enc_avif,quality_auto\/Youth%20Connect%20Final_edited.png\" title=\"\" alt=\"\" class=\"elementor-animation-grow\" loading=\"lazy\" \/><\/a><\/figure><div class=\"elementor-image-box-content\"><h2 class=\"elementor-image-box-title\"><a href=\"https:\/\/www.responsecrisiscenter.org\/\" target=\"_blank\" rel=\"noopener\"> Conexi\u00f3n de j\u00f3venes<\/a><\/h2><p class=\"elementor-image-box-description\">Youth Connect es un programa de apoyo emocional y de salud mental para estudiantes de secundaria y preparatoria que cuenta con un equipo de consejeros de crisis capacitados que responden a llamadas y mensajes de texto en espa\u00f1ol e ingl\u00e9s de adolescentes que necesitan apoyo. La l\u00ednea de ayuda telef\u00f3nica y de mensajes de texto est\u00e1 disponible de 9 a. m. a 11 p. m., los 7 d\u00edas de la semana. El director del programa de Youth Connect, un trabajador social cl\u00ednico autorizado (LCSW) y un coordinador del programa (MSW) supervisan el equipo de asesoramiento en situaciones de crisis.<\/p><\/div><\/div>\t\t\t\t<\/div>\n\t\t\t\t<\/div>\n\t\t\t\t<\/div>\n\t\t\t\t\t<\/div>\n\t\t\t\t<\/div>\n\t\t\t\t<\/div>","protected":false},"excerpt":{"rendered":"<p>LGBT Network The LGBT Network\u2019s community centers help LGBT people to be themselves, stay healthy, and change the world. Crisis Text Line Crisis Text Line provides free, 24\/7, high-quality text-based mental health support and crisis intervention by empowering a community of trained volunteers to support people in their moments of need. National Suicide Prevention Lifeline [&hellip;]<\/p>\n","protected":false},"author":2,"featured_media":4490,"parent":0,"menu_order":0,"comment_status":"closed","ping_status":"closed","template":"","meta":{"_acf_changed":false,"give_campaign_id":0,"footnotes":""},"class_list":["post-4407","page","type-page","status-publish","has-post-thumbnail","hentry"],"acf":[],"campaignId":"","publishpress_future_workflow_manual_trigger":{"enabledWorkflows":[]},"_links":{"self":[{"href":"https:\/\/www.hamptonbayslibrary.org\/es\/wp-json\/wp\/v2\/pages\/4407","targetHints":{"allow":["GET"]}}],"collection":[{"href":"https:\/\/www.hamptonbayslibrary.org\/es\/wp-json\/wp\/v2\/pages"}],"about":[{"href":"https:\/\/www.hamptonbayslibrary.org\/es\/wp-json\/wp\/v2\/types\/page"}],"author":[{"embeddable":true,"href":"https:\/\/www.hamptonbayslibrary.org\/es\/wp-json\/wp\/v2\/users\/2"}],"replies":[{"embeddable":true,"href":"https:\/\/www.hamptonbayslibrary.org\/es\/wp-json\/wp\/v2\/comments?post=4407"}],"version-history":[{"count":12,"href":"https:\/\/www.hamptonbayslibrary.org\/es\/wp-json\/wp\/v2\/pages\/4407\/revisions"}],"predecessor-version":[{"id":10915,"href":"https:\/\/www.hamptonbayslibrary.org\/es\/wp-json\/wp\/v2\/pages\/4407\/revisions\/10915"}],"wp:featuredmedia":[{"embeddable":true,"href":"https:\/\/www.hamptonbayslibrary.org\/es\/wp-json\/wp\/v2\/media\/4490"}],"wp:attachment":[{"href":"https:\/\/www.hamptonbayslibrary.org\/es\/wp-json\/wp\/v2\/media?parent=4407"}],"curies":[{"name":"gracias","href":"https:\/\/api.w.org\/{rel}","templated":true}]}}