{"id":415,"date":"2022-03-03T14:36:57","date_gmt":"2022-03-03T19:36:57","guid":{"rendered":"https:\/\/www.hamptonbayslibrary.org\/?page_id=415"},"modified":"2022-05-19T10:09:28","modified_gmt":"2022-05-19T14:09:28","slug":"early-literacy","status":"publish","type":"page","link":"https:\/\/www.hamptonbayslibrary.org\/es\/early-literacy\/","title":{"rendered":"Alfabetizaci\u00f3n Temprana"},"content":{"rendered":"<div data-elementor-type=\"wp-page\" data-elementor-id=\"415\" class=\"elementor elementor-415\" data-elementor-post-type=\"page\">\n\t\t\t\t\t\t<section class=\"elementor-section elementor-top-section elementor-element elementor-element-5d7a9342 animated-slow elementor-section-boxed elementor-section-height-default elementor-section-height-default elementor-invisible\" data-id=\"5d7a9342\" data-element_type=\"section\" data-e-type=\"section\" data-settings=\"{&quot;background_background&quot;:&quot;classic&quot;,&quot;shape_divider_top&quot;:&quot;mountains&quot;,&quot;animation&quot;:&quot;fadeInUp&quot;}\">\n\t\t\t\t\t<div class=\"elementor-shape elementor-shape-top\" aria-hidden=\"true\" data-negative=\"false\">\n\t\t\t<svg xmlns=\"http:\/\/www.w3.org\/2000\/svg\" viewbox=\"0 0 1000 100\" preserveaspectratio=\"none\">\n\t<path class=\"elementor-shape-fill\" opacity=\"0.33\" d=\"M473,67.3c-203.9,88.3-263.1-34-320.3,0C66,119.1,0,59.7,0,59.7V0h1000v59.7 c0,0-62.1,26.1-94.9,29.3c-32.8,3.3-62.8-12.3-75.8-22.1C806,49.6,745.3,8.7,694.9,4.7S492.4,59,473,67.3z\"\/>\n\t<path class=\"elementor-shape-fill\" opacity=\"0.66\" d=\"M734,67.3c-45.5,0-77.2-23.2-129.1-39.1c-28.6-8.7-150.3-10.1-254,39.1 s-91.7-34.4-149.2,0C115.7,118.3,0,39.8,0,39.8V0h1000v36.5c0,0-28.2-18.5-92.1-18.5C810.2,18.1,775.7,67.3,734,67.3z\"\/>\n\t<path class=\"elementor-shape-fill\" d=\"M766.1,28.9c-200-57.5-266,65.5-395.1,19.5C242,1.8,242,5.4,184.8,20.6C128,35.8,132.3,44.9,89.9,52.5C28.6,63.7,0,0,0,0 h1000c0,0-9.9,40.9-83.6,48.1S829.6,47,766.1,28.9z\"\/>\n<\/svg>\t\t<\/div>\n\t\t\t\t\t<div class=\"elementor-container elementor-column-gap-default\">\n\t\t\t\t\t<div class=\"elementor-column elementor-col-50 elementor-top-column elementor-element elementor-element-305d81ae\" data-id=\"305d81ae\" data-element_type=\"column\" data-e-type=\"column\">\n\t\t\t<div class=\"elementor-widget-wrap elementor-element-populated\">\n\t\t\t\t\t\t<div class=\"elementor-element elementor-element-4f941e8f elementor-widget elementor-widget-image\" data-id=\"4f941e8f\" data-element_type=\"widget\" data-e-type=\"widget\" data-widget_type=\"image.default\">\n\t\t\t\t<div class=\"elementor-widget-container\">\n\t\t\t\t\t\t\t\t\t\t\t\t\t\t\t<img fetchpriority=\"high\" decoding=\"async\" width=\"800\" height=\"800\" src=\"https:\/\/www.hamptonbayslibrary.org\/wp-content\/uploads\/2022\/05\/Early-literacy-main-image.jpg\" class=\"attachment-large size-large wp-image-3169\" alt=\"\" srcset=\"https:\/\/www.hamptonbayslibrary.org\/wp-content\/uploads\/2022\/05\/Early-literacy-main-image.jpg 900w, https:\/\/www.hamptonbayslibrary.org\/wp-content\/uploads\/2022\/05\/Early-literacy-main-image-300x300.jpg 300w, https:\/\/www.hamptonbayslibrary.org\/wp-content\/uploads\/2022\/05\/Early-literacy-main-image-150x150.jpg 150w, https:\/\/www.hamptonbayslibrary.org\/wp-content\/uploads\/2022\/05\/Early-literacy-main-image-768x768.jpg 768w, https:\/\/www.hamptonbayslibrary.org\/wp-content\/uploads\/2022\/05\/Early-literacy-main-image-12x12.jpg 12w\" sizes=\"(max-width: 800px) 100vw, 800px\" \/>\t\t\t\t\t\t\t\t\t\t\t\t\t\t\t<\/div>\n\t\t\t\t<\/div>\n\t\t\t\t\t<\/div>\n\t\t<\/div>\n\t\t\t\t<div class=\"elementor-column elementor-col-50 elementor-top-column elementor-element elementor-element-3a42108a\" data-id=\"3a42108a\" data-element_type=\"column\" data-e-type=\"column\">\n\t\t\t<div class=\"elementor-widget-wrap elementor-element-populated\">\n\t\t\t\t\t\t<div class=\"elementor-element elementor-element-771e69b elementor-widget elementor-widget-heading\" data-id=\"771e69b\" data-element_type=\"widget\" data-e-type=\"widget\" data-settings=\"{&quot;_animation&quot;:&quot;none&quot;}\" data-widget_type=\"heading.default\">\n\t\t\t\t<div class=\"elementor-widget-container\">\n\t\t\t\t\t<h2 class=\"elementor-heading-title elementor-size-default\">Importancia de la alfabetizaci\u00f3n temprana<\/h2>\t\t\t\t<\/div>\n\t\t\t\t<\/div>\n\t\t\t\t<div class=\"elementor-element elementor-element-1d54f1b8 elementor-widget elementor-widget-text-editor\" data-id=\"1d54f1b8\" data-element_type=\"widget\" data-e-type=\"widget\" data-widget_type=\"text-editor.default\">\n\t\t\t\t<div class=\"elementor-widget-container\">\n\t\t\t\t\t\t\t\t\t<p><strong>\u00bfQu\u00e9 es lo m\u00e1s importante que puede hacer, como primer maestro de su hijo, en lo que respecta a la alfabetizaci\u00f3n temprana?<\/strong><\/p><p><strong>Comencemos con el t\u00e9rmino \u201calfabetizaci\u00f3n temprana\u201d. Lo que NO es:<\/strong><\/p><ul><li>Alfabetizaci\u00f3n temprana no significa lectura temprana<\/li><li>Tampoco pretende \u201cense\u00f1ar\u201d a leer<\/li><\/ul><p>\u00a0<\/p><p>No abogamos por la \u201cense\u00f1anza\u201d de la lectura a ni\u00f1os muy peque\u00f1os. Cualquier instrucci\u00f3n intencionada que tenga como objetivo que un ni\u00f1o peque\u00f1o o un ni\u00f1o peque\u00f1o lea con \u00e9xito como adulto ciertamente no es apropiada para el desarrollo. De hecho, lo \u00fanico que se puede garantizar que esto har\u00e1 es dejar al ni\u00f1o con miedo al fracaso y, por lo tanto, reticencia a leer en el futuro. El \u00fanico trabajo de un ni\u00f1o peque\u00f1o es descubrir su mundo y al &quot;vivir en una sociedad alfabetizada&quot; (How Unschoolers Learn to Read, Sara McGrath), sus habilidades de alfabetizaci\u00f3n temprana se desarrollar\u00e1n de forma natural y tambi\u00e9n se pueden fomentar con las experiencias que usted les brinda en la vida diaria. .<\/p>\t\t\t\t\t\t\t\t<\/div>\n\t\t\t\t<\/div>\n\t\t\t\t\t<\/div>\n\t\t<\/div>\n\t\t\t\t\t<\/div>\n\t\t<\/section>\n\t\t\t\t<section class=\"elementor-section elementor-top-section elementor-element elementor-element-2cd868b7 elementor-reverse-mobile elementor-section-boxed elementor-section-height-default elementor-section-height-default\" data-id=\"2cd868b7\" data-element_type=\"section\" data-e-type=\"section\" data-settings=\"{&quot;background_background&quot;:&quot;classic&quot;,&quot;shape_divider_bottom&quot;:&quot;mountains&quot;,&quot;shape_divider_top&quot;:&quot;mountains&quot;}\">\n\t\t\t\t\t<div class=\"elementor-shape elementor-shape-top\" aria-hidden=\"true\" data-negative=\"false\">\n\t\t\t<svg xmlns=\"http:\/\/www.w3.org\/2000\/svg\" viewbox=\"0 0 1000 100\" preserveaspectratio=\"none\">\n\t<path class=\"elementor-shape-fill\" opacity=\"0.33\" d=\"M473,67.3c-203.9,88.3-263.1-34-320.3,0C66,119.1,0,59.7,0,59.7V0h1000v59.7 c0,0-62.1,26.1-94.9,29.3c-32.8,3.3-62.8-12.3-75.8-22.1C806,49.6,745.3,8.7,694.9,4.7S492.4,59,473,67.3z\"\/>\n\t<path class=\"elementor-shape-fill\" opacity=\"0.66\" d=\"M734,67.3c-45.5,0-77.2-23.2-129.1-39.1c-28.6-8.7-150.3-10.1-254,39.1 s-91.7-34.4-149.2,0C115.7,118.3,0,39.8,0,39.8V0h1000v36.5c0,0-28.2-18.5-92.1-18.5C810.2,18.1,775.7,67.3,734,67.3z\"\/>\n\t<path class=\"elementor-shape-fill\" d=\"M766.1,28.9c-200-57.5-266,65.5-395.1,19.5C242,1.8,242,5.4,184.8,20.6C128,35.8,132.3,44.9,89.9,52.5C28.6,63.7,0,0,0,0 h1000c0,0-9.9,40.9-83.6,48.1S829.6,47,766.1,28.9z\"\/>\n<\/svg>\t\t<\/div>\n\t\t\t\t<div class=\"elementor-shape elementor-shape-bottom\" aria-hidden=\"true\" data-negative=\"false\">\n\t\t\t<svg xmlns=\"http:\/\/www.w3.org\/2000\/svg\" viewbox=\"0 0 1000 100\" preserveaspectratio=\"none\">\n\t<path class=\"elementor-shape-fill\" opacity=\"0.33\" d=\"M473,67.3c-203.9,88.3-263.1-34-320.3,0C66,119.1,0,59.7,0,59.7V0h1000v59.7 c0,0-62.1,26.1-94.9,29.3c-32.8,3.3-62.8-12.3-75.8-22.1C806,49.6,745.3,8.7,694.9,4.7S492.4,59,473,67.3z\"\/>\n\t<path class=\"elementor-shape-fill\" opacity=\"0.66\" d=\"M734,67.3c-45.5,0-77.2-23.2-129.1-39.1c-28.6-8.7-150.3-10.1-254,39.1 s-91.7-34.4-149.2,0C115.7,118.3,0,39.8,0,39.8V0h1000v36.5c0,0-28.2-18.5-92.1-18.5C810.2,18.1,775.7,67.3,734,67.3z\"\/>\n\t<path class=\"elementor-shape-fill\" d=\"M766.1,28.9c-200-57.5-266,65.5-395.1,19.5C242,1.8,242,5.4,184.8,20.6C128,35.8,132.3,44.9,89.9,52.5C28.6,63.7,0,0,0,0 h1000c0,0-9.9,40.9-83.6,48.1S829.6,47,766.1,28.9z\"\/>\n<\/svg>\t\t<\/div>\n\t\t\t\t\t<div class=\"elementor-container elementor-column-gap-default\">\n\t\t\t\t\t<div class=\"elementor-column elementor-col-50 elementor-top-column elementor-element elementor-element-c148ec6 animated-slow elementor-invisible\" data-id=\"c148ec6\" data-element_type=\"column\" data-e-type=\"column\" data-settings=\"{&quot;animation&quot;:&quot;fadeInLeft&quot;}\">\n\t\t\t<div class=\"elementor-widget-wrap elementor-element-populated\">\n\t\t\t\t\t\t<div class=\"elementor-element elementor-element-47b1ce17 elementor-widget elementor-widget-heading\" data-id=\"47b1ce17\" data-element_type=\"widget\" data-e-type=\"widget\" data-settings=\"{&quot;_animation&quot;:&quot;none&quot;}\" data-widget_type=\"heading.default\">\n\t\t\t\t<div class=\"elementor-widget-container\">\n\t\t\t\t\t<h2 class=\"elementor-heading-title elementor-size-default\">Qu\u00e9 ES la Alfabetizaci\u00f3n Temprana:<\/h2>\t\t\t\t<\/div>\n\t\t\t\t<\/div>\n\t\t\t\t<div class=\"elementor-element elementor-element-3358c92a elementor-widget elementor-widget-text-editor\" data-id=\"3358c92a\" data-element_type=\"widget\" data-e-type=\"widget\" data-widget_type=\"text-editor.default\">\n\t\t\t\t<div class=\"elementor-widget-container\">\n\t\t\t\t\t\t\t\t\t<ul><li style=\"font-size: 16px;\">La alfabetizaci\u00f3n temprana es lo que un ni\u00f1o sabe sobre leer y escribir antes de que realmente pueda leer y escribir.<\/li><li style=\"font-size: 16px;\">Estas habilidades se desarrollan en los primeros cinco a\u00f1os de vida y las primeras experiencias de su hijo con los libros y el lenguaje construir\u00e1n una base sobre la cual aprender\u00e1n a leer. Y cuando su hijo aprenda a leer, tenga en cuenta que la alfabetizaci\u00f3n es m\u00e1s que el acto de leer: la alfabetizaci\u00f3n requiere comprensi\u00f3n. Un ni\u00f1o necesita entender las palabras y oraciones, esto requiere habilidades de pensamiento creativo y cr\u00edtico. \u00bfEst\u00e1 familiarizado con la mejor manera en que un ni\u00f1o peque\u00f1o puede desarrollar, fomentar y alentar las habilidades de pensamiento creativo y cr\u00edtico? Juego gratis. El juego es crucial en el desarrollo psicol\u00f3gico, intelectual y social de los ni\u00f1os peque\u00f1os.<\/li><li style=\"font-size: 16px;\">Las interacciones que los ni\u00f1os peque\u00f1os tienen con los materiales de alfabetizaci\u00f3n como libros, papeles, crayones, libros electr\u00f3nicos, aplicaciones educativas, m\u00fasica y con sus padres, cuidadores y familiares son los componentes b\u00e1sicos para el desarrollo del lenguaje, la lectura y la escritura.<\/li><\/ul><h2>\u00a0<\/h2><h2>Las seis habilidades de la alfabetizaci\u00f3n temprana:<\/h2><ul><li>Motivaci\u00f3n para imprimir: disfrutar de los libros<\/li><li>Vocabulario: conocer los nombres de las cosas.<\/li><li>Habilidades narrativas: ser capaz de describir cosas y contar historias.<\/li><li>Conciencia fonol\u00f3gica: poder escuchar y jugar con los sonidos m\u00e1s peque\u00f1os de las palabras.<\/li><li>Conciencia de impresi\u00f3n: notar la impresi\u00f3n y saber c\u00f3mo funciona un libro (pasar p\u00e1ginas, etc.)<\/li><li>Conocimiento de las letras: conocer los nombres y los sonidos de las letras<\/li><\/ul>\t\t\t\t\t\t\t\t<\/div>\n\t\t\t\t<\/div>\n\t\t\t\t\t<\/div>\n\t\t<\/div>\n\t\t\t\t<div class=\"elementor-column elementor-col-50 elementor-top-column elementor-element elementor-element-72c47a2b animated-slow elementor-invisible\" data-id=\"72c47a2b\" data-element_type=\"column\" data-e-type=\"column\" data-settings=\"{&quot;background_background&quot;:&quot;classic&quot;,&quot;animation&quot;:&quot;fadeInRight&quot;}\">\n\t\t\t<div class=\"elementor-widget-wrap elementor-element-populated\">\n\t\t\t\t\t\t<div class=\"elementor-element elementor-element-64b525fd elementor-widget elementor-widget-image\" data-id=\"64b525fd\" data-element_type=\"widget\" data-e-type=\"widget\" data-widget_type=\"image.default\">\n\t\t\t\t<div class=\"elementor-widget-container\">\n\t\t\t\t\t\t\t\t\t\t\t\t\t\t\t<img decoding=\"async\" width=\"800\" height=\"800\" src=\"https:\/\/www.hamptonbayslibrary.org\/wp-content\/uploads\/2022\/05\/Early-literacy-image2.jpg\" class=\"attachment-large size-large wp-image-3171\" alt=\"\" srcset=\"https:\/\/www.hamptonbayslibrary.org\/wp-content\/uploads\/2022\/05\/Early-literacy-image2.jpg 900w, https:\/\/www.hamptonbayslibrary.org\/wp-content\/uploads\/2022\/05\/Early-literacy-image2-300x300.jpg 300w, https:\/\/www.hamptonbayslibrary.org\/wp-content\/uploads\/2022\/05\/Early-literacy-image2-150x150.jpg 150w, https:\/\/www.hamptonbayslibrary.org\/wp-content\/uploads\/2022\/05\/Early-literacy-image2-768x768.jpg 768w, https:\/\/www.hamptonbayslibrary.org\/wp-content\/uploads\/2022\/05\/Early-literacy-image2-12x12.jpg 12w\" sizes=\"(max-width: 800px) 100vw, 800px\" \/>\t\t\t\t\t\t\t\t\t\t\t\t\t\t\t<\/div>\n\t\t\t\t<\/div>\n\t\t\t\t\t<\/div>\n\t\t<\/div>\n\t\t\t\t\t<\/div>\n\t\t<\/section>\n\t\t\t\t<section class=\"elementor-section elementor-top-section elementor-element elementor-element-fc0be37 animated-slow elementor-section-boxed elementor-section-height-default elementor-section-height-default elementor-invisible\" data-id=\"fc0be37\" data-element_type=\"section\" data-e-type=\"section\" data-settings=\"{&quot;background_background&quot;:&quot;classic&quot;,&quot;shape_divider_top&quot;:&quot;mountains&quot;,&quot;animation&quot;:&quot;fadeInUp&quot;}\">\n\t\t\t\t\t<div class=\"elementor-shape elementor-shape-top\" aria-hidden=\"true\" data-negative=\"false\">\n\t\t\t<svg xmlns=\"http:\/\/www.w3.org\/2000\/svg\" viewbox=\"0 0 1000 100\" preserveaspectratio=\"none\">\n\t<path class=\"elementor-shape-fill\" opacity=\"0.33\" d=\"M473,67.3c-203.9,88.3-263.1-34-320.3,0C66,119.1,0,59.7,0,59.7V0h1000v59.7 c0,0-62.1,26.1-94.9,29.3c-32.8,3.3-62.8-12.3-75.8-22.1C806,49.6,745.3,8.7,694.9,4.7S492.4,59,473,67.3z\"\/>\n\t<path class=\"elementor-shape-fill\" opacity=\"0.66\" d=\"M734,67.3c-45.5,0-77.2-23.2-129.1-39.1c-28.6-8.7-150.3-10.1-254,39.1 s-91.7-34.4-149.2,0C115.7,118.3,0,39.8,0,39.8V0h1000v36.5c0,0-28.2-18.5-92.1-18.5C810.2,18.1,775.7,67.3,734,67.3z\"\/>\n\t<path class=\"elementor-shape-fill\" d=\"M766.1,28.9c-200-57.5-266,65.5-395.1,19.5C242,1.8,242,5.4,184.8,20.6C128,35.8,132.3,44.9,89.9,52.5C28.6,63.7,0,0,0,0 h1000c0,0-9.9,40.9-83.6,48.1S829.6,47,766.1,28.9z\"\/>\n<\/svg>\t\t<\/div>\n\t\t\t\t\t<div class=\"elementor-container elementor-column-gap-default\">\n\t\t\t\t\t<div class=\"elementor-column elementor-col-50 elementor-top-column elementor-element elementor-element-68e72ec9\" data-id=\"68e72ec9\" data-element_type=\"column\" data-e-type=\"column\">\n\t\t\t<div class=\"elementor-widget-wrap elementor-element-populated\">\n\t\t\t\t\t\t<div class=\"elementor-element elementor-element-ca5160a elementor-widget elementor-widget-image\" data-id=\"ca5160a\" data-element_type=\"widget\" data-e-type=\"widget\" data-widget_type=\"image.default\">\n\t\t\t\t<div class=\"elementor-widget-container\">\n\t\t\t\t\t\t\t\t\t\t\t\t\t\t\t<img decoding=\"async\" width=\"800\" height=\"800\" src=\"https:\/\/www.hamptonbayslibrary.org\/wp-content\/uploads\/2022\/05\/Early-literacy-image3.jpg\" class=\"attachment-large size-large wp-image-3175\" alt=\"\" srcset=\"https:\/\/www.hamptonbayslibrary.org\/wp-content\/uploads\/2022\/05\/Early-literacy-image3.jpg 900w, https:\/\/www.hamptonbayslibrary.org\/wp-content\/uploads\/2022\/05\/Early-literacy-image3-300x300.jpg 300w, https:\/\/www.hamptonbayslibrary.org\/wp-content\/uploads\/2022\/05\/Early-literacy-image3-150x150.jpg 150w, https:\/\/www.hamptonbayslibrary.org\/wp-content\/uploads\/2022\/05\/Early-literacy-image3-768x768.jpg 768w, https:\/\/www.hamptonbayslibrary.org\/wp-content\/uploads\/2022\/05\/Early-literacy-image3-12x12.jpg 12w\" sizes=\"(max-width: 800px) 100vw, 800px\" \/>\t\t\t\t\t\t\t\t\t\t\t\t\t\t\t<\/div>\n\t\t\t\t<\/div>\n\t\t\t\t\t<\/div>\n\t\t<\/div>\n\t\t\t\t<div class=\"elementor-column elementor-col-50 elementor-top-column elementor-element elementor-element-41560a02\" data-id=\"41560a02\" data-element_type=\"column\" data-e-type=\"column\">\n\t\t\t<div class=\"elementor-widget-wrap elementor-element-populated\">\n\t\t\t\t\t\t<div class=\"elementor-element elementor-element-64325ac5 elementor-widget elementor-widget-heading\" data-id=\"64325ac5\" data-element_type=\"widget\" data-e-type=\"widget\" data-settings=\"{&quot;_animation&quot;:&quot;none&quot;}\" data-widget_type=\"heading.default\">\n\t\t\t\t<div class=\"elementor-widget-container\">\n\t\t\t\t\t<h2 class=\"elementor-heading-title elementor-size-default\">Comportamientos de alfabetizaci\u00f3n temprana<\/h2>\t\t\t\t<\/div>\n\t\t\t\t<\/div>\n\t\t\t\t<div class=\"elementor-element elementor-element-3d242609 elementor-widget elementor-widget-text-editor\" data-id=\"3d242609\" data-element_type=\"widget\" data-e-type=\"widget\" data-widget_type=\"text-editor.default\">\n\t\t\t\t<div class=\"elementor-widget-container\">\n\t\t\t\t\t\t\t\t\t<ul><li>Comportamientos de manejo de libros: la manipulaci\u00f3n f\u00edsica y el manejo de libros, como pasar las p\u00e1ginas o incluso masticar (\u00a1para eso est\u00e1n los libros de cart\u00f3n!)<\/li><li>Mirar y reconocer: prestar atenci\u00f3n e interactuar con libros ilustrados<\/li><li>Comprensi\u00f3n de im\u00e1genes e historias: comprensi\u00f3n de los eventos en una historia<\/li><li>Comportamientos de lectura de cuentos: imitaci\u00f3n de leer un libro o pasar los dedos junto con las palabras<\/li><\/ul><p><strong><em>(mucha de esta informaci\u00f3n de alfabetizaci\u00f3n temprana fue tomada de <a href=\"http:\/\/www.zerotothree.org\" target=\"_blank\" rel=\"noopener\">www.cerototres.org<\/a>\u00a0&amp;\u00a0<a href=\"https:\/\/multcolib.org\/birthtosix\" target=\"_blank\" rel=\"noopener\">https:\/\/multcolib.org\/birthtosix<\/a>)<\/em><\/strong><\/p>\t\t\t\t\t\t\t\t<\/div>\n\t\t\t\t<\/div>\n\t\t\t\t\t<\/div>\n\t\t<\/div>\n\t\t\t\t\t<\/div>\n\t\t<\/section>\n\t\t\t\t<section class=\"elementor-section elementor-top-section elementor-element elementor-element-54ae863 animated-slow elementor-section-boxed elementor-section-height-default elementor-section-height-default elementor-invisible\" data-id=\"54ae863\" data-element_type=\"section\" data-e-type=\"section\" data-settings=\"{&quot;animation&quot;:&quot;fadeInUp&quot;}\">\n\t\t\t\t\t\t<div class=\"elementor-container elementor-column-gap-default\">\n\t\t\t\t\t<div class=\"elementor-column elementor-col-100 elementor-top-column elementor-element elementor-element-de2d153\" data-id=\"de2d153\" data-element_type=\"column\" data-e-type=\"column\">\n\t\t\t<div class=\"elementor-widget-wrap elementor-element-populated\">\n\t\t\t\t\t\t<div class=\"elementor-element elementor-element-cf722a5 elementor-widget elementor-widget-heading\" data-id=\"cf722a5\" data-element_type=\"widget\" data-e-type=\"widget\" data-widget_type=\"heading.default\">\n\t\t\t\t<div class=\"elementor-widget-container\">\n\t\t\t\t\t<h2 class=\"elementor-heading-title elementor-size-default\">Lo que puedes hacer:<\/h2>\t\t\t\t<\/div>\n\t\t\t\t<\/div>\n\t\t\t\t<div class=\"elementor-element elementor-element-d2bdda6 elementor-widget elementor-widget-text-editor\" data-id=\"d2bdda6\" data-element_type=\"widget\" data-e-type=\"widget\" data-widget_type=\"text-editor.default\">\n\t\t\t\t<div class=\"elementor-widget-container\">\n\t\t\t\t\t\t\t\t\t<ul><li>\u00a1Lea a su hijo! Y haga que su hijo lo vea disfrutando de la lectura por su cuenta. Convi\u00e9rtalo en una parte importante de todos los d\u00edas. Incluso puede pedirle a su hijo que lo ayude a hacer y decorar un rinc\u00f3n de lectura especial en alg\u00fan lugar de su casa: amontone sus libros favoritos all\u00ed, p\u00f3ngalo c\u00f3modo con almohadas y mantas e incluso una pizarra o un caballete para crear im\u00e1genes de lo que estaba leyendo. Cuando hace buen tiempo, puede crear un rinc\u00f3n de lectura al aire libre en su c\u00e9sped o en su jard\u00edn.<\/li><li>Cuando lea, muestre la portada y las guardas, lea la historia de manera creativa, deje que su hijo pase las p\u00e1ginas, se\u00f1ale las palabras, h\u00e1gale preguntas a su hijo sobre la historia y \u00a1d\u00e9jelos hacer preguntas tambi\u00e9n!<\/li><li>\u00a1Cantarlo! Cante canciones con su hijo, lea rimas y divi\u00e9rtase con alg\u00fan movimiento creativo como la danza o el yoga. Por ejemplo, haga algunas poses de yoga con animales y hable sobre lo que est\u00e1 haciendo y h\u00e1gale preguntas a su hijo sobre lo que har\u00edan ciertos animales.<\/li><li>Ll\u00e9velos a lugares donde puedan tener experiencias de aprendizaje divertidas. Aproveche todos los maravillosos recursos que tenemos aqu\u00ed en East que brindan a su hijo el placer de descubrir. Por ejemplo, visite el Museo de los Ni\u00f1os, SOFO, un estudio de arte local, etc. \u00a1y juegue! Hable sobre lo que est\u00e1 haciendo y deje que su hijo haga preguntas sobre lo que est\u00e1 haciendo.<\/li><li>\u00a1Crea con tu hijo! Haga un seguimiento de esas visitas de descubrimiento con preguntas y siga el flujo natural de aprendizaje buscando cosas en libros o en Internet y haciendo proyectos relacionados en casa.<\/li><li>\u00a1P\u00eddanos ayuda y excelentes recomendaciones de nuestras colecciones de crianza y alfabetizaci\u00f3n temprana!<\/li><\/ul><p>\u00a0<\/p><p><strong>Las experiencias tempranas de su hijo y la forma en que experimentan los libros y el lenguaje construir\u00e1n la base para el \u00e9xito cuando aprendan a leer. Su trabajo como padre y su primer maestro es proporcionar entornos interactivos ricos en alfabetizaci\u00f3n (dentro y fuera del hogar). Estas ser\u00e1n oportunidades en las que los ni\u00f1os aprender\u00e1n naturalmente y desarrollar\u00e1n habilidades de alfabetizaci\u00f3n temprana.<\/strong><\/p>\t\t\t\t\t\t\t\t<\/div>\n\t\t\t\t<\/div>\n\t\t\t\t\t<\/div>\n\t\t<\/div>\n\t\t\t\t\t<\/div>\n\t\t<\/section>\n\t\t\t\t<\/div>","protected":false},"excerpt":{"rendered":"<p>Early Literacy Importance What\u2019s the most important thing you can do \u2013 as your child\u2019s first teacher \u2013 when it comes to Early Literacy? Let\u2019s begin with the term \u201cearly literacy\u201d.\u00a0 What it is NOT: Early literacy does not mean early reading Nor does it aim to \u201cteach\u201d reading \u00a0 We do not advocate the [&hellip;]<\/p>\n","protected":false},"author":2,"featured_media":3177,"parent":0,"menu_order":0,"comment_status":"closed","ping_status":"closed","template":"","meta":{"_acf_changed":false,"give_campaign_id":0,"footnotes":""},"class_list":["post-415","page","type-page","status-publish","has-post-thumbnail","hentry"],"acf":[],"campaignId":"","publishpress_future_workflow_manual_trigger":{"enabledWorkflows":[]},"_links":{"self":[{"href":"https:\/\/www.hamptonbayslibrary.org\/es\/wp-json\/wp\/v2\/pages\/415","targetHints":{"allow":["GET"]}}],"collection":[{"href":"https:\/\/www.hamptonbayslibrary.org\/es\/wp-json\/wp\/v2\/pages"}],"about":[{"href":"https:\/\/www.hamptonbayslibrary.org\/es\/wp-json\/wp\/v2\/types\/page"}],"author":[{"embeddable":true,"href":"https:\/\/www.hamptonbayslibrary.org\/es\/wp-json\/wp\/v2\/users\/2"}],"replies":[{"embeddable":true,"href":"https:\/\/www.hamptonbayslibrary.org\/es\/wp-json\/wp\/v2\/comments?post=415"}],"version-history":[{"count":0,"href":"https:\/\/www.hamptonbayslibrary.org\/es\/wp-json\/wp\/v2\/pages\/415\/revisions"}],"wp:featuredmedia":[{"embeddable":true,"href":"https:\/\/www.hamptonbayslibrary.org\/es\/wp-json\/wp\/v2\/media\/3177"}],"wp:attachment":[{"href":"https:\/\/www.hamptonbayslibrary.org\/es\/wp-json\/wp\/v2\/media?parent=415"}],"curies":[{"name":"gracias","href":"https:\/\/api.w.org\/{rel}","templated":true}]}}