{"id":219,"date":"2022-02-18T11:19:18","date_gmt":"2022-02-18T16:19:18","guid":{"rendered":"https:\/\/www.hamptonbayslibrary.org\/?page_id=219"},"modified":"2026-01-27T09:02:51","modified_gmt":"2026-01-27T14:02:51","slug":"spanish-outreach","status":"publish","type":"page","link":"https:\/\/www.hamptonbayslibrary.org\/es\/spanish-outreach\/","title":{"rendered":"Servicios en espa\u00f1ol"},"content":{"rendered":"<div data-elementor-type=\"wp-page\" data-elementor-id=\"219\" class=\"elementor elementor-219\" data-elementor-post-type=\"page\">\n\t\t\t\t\t\t<section class=\"elementor-section elementor-top-section elementor-element elementor-element-dafe6b6 animated-slow elementor-section-boxed elementor-section-height-default elementor-section-height-default elementor-invisible\" data-id=\"dafe6b6\" data-element_type=\"section\" data-e-type=\"section\" data-settings=\"{&quot;background_background&quot;:&quot;classic&quot;,&quot;animation&quot;:&quot;fadeInUp&quot;}\">\n\t\t\t\t\t\t<div class=\"elementor-container elementor-column-gap-default\">\n\t\t\t\t\t<div class=\"elementor-column elementor-col-50 elementor-top-column elementor-element elementor-element-19f999d5\" data-id=\"19f999d5\" data-element_type=\"column\" data-e-type=\"column\">\n\t\t\t<div class=\"elementor-widget-wrap elementor-element-populated\">\n\t\t\t\t\t\t<div class=\"elementor-element elementor-element-b0806cb elementor-widget elementor-widget-heading\" data-id=\"b0806cb\" data-element_type=\"widget\" data-e-type=\"widget\" data-widget_type=\"heading.default\">\n\t\t\t\t<div class=\"elementor-widget-container\">\n\t\t\t\t\t<h2 class=\"elementor-heading-title elementor-size-default\">Programas y Eventos<\/h2>\t\t\t\t<\/div>\n\t\t\t\t<\/div>\n\t\t\t\t<div class=\"elementor-element elementor-element-fd34888 elementor-widget__width-initial elementor-widget elementor-widget-text-editor\" data-id=\"fd34888\" data-element_type=\"widget\" data-e-type=\"widget\" data-widget_type=\"text-editor.default\">\n\t\t\t\t<div class=\"elementor-widget-container\">\n\t\t\t\t\t\t\t\t\t<p>Echa un vistazo a nuestro Calendario Mensual de Actividades para ver los programas y novedades que ofrece tu biblioteca.<\/p><p><b style=\"color: var( --e-global-color-secondary );\">CLASES DE INGL\u00c9S PARA PRINCIPIANTES:<\/b><\/p><p>Estas clases est\u00e1n dise\u00f1adas para personas con poco o ning\u00fan conocimiento del idioma.<\/p><ul><li>Jueves: 19:00 \u2013 20:30<\/li><\/ul><div>\u00a0<br \/><span style=\"font-weight: bold; color: var( --e-global-color-secondary );\">PARA M\u00c1S INFORMACI\u00d3N CONTACTE A:<\/span><span style=\"font-weight: bold; color: var( --e-global-color-secondary );\"><br \/><\/span><\/div><p><span style=\"font-weight: bolder;\">Tel\u00e9fono: 631-728-6241 (Opci\u00f3n 4 o Ext. 123)<br \/>Correo electr\u00f3nico:\u00a0<a href=\"mailto:vickycuccia39@gmail.com\" target=\"_blank\" rel=\"noopener\">ESL@hamptonbayslibrary.org<\/a><\/span><\/p><p><b style=\"color: var( --e-global-color-secondary );\">CIUDADAN\u00cdA:<\/b><\/p><p><span style=\"color: var( --e-global-color-secondary );\">Si est\u00e1 buscando ayuda para estudiar para el examen de ciudadan\u00eda, le recomendamos que utilice su tarjeta de la biblioteca de Hampton Bays para acceder a nuestro recurso en l\u00ednea. <a href=\"https:\/\/learning.pronunciator.com\/getstarted-scls.php\" target=\"_blank\" rel=\"noopener\"><em>Pronunciador<\/em><\/a>.\u00a0<\/span><\/p><p><span style=\"color: var( --e-global-color-secondary );\">Si tiene alguna pregunta o necesita ayuda para crear una cuenta, consulte a un bibliotecario en el departamento de Referencia para adultos.\u00a0<\/span><\/p>\t\t\t\t\t\t\t\t<\/div>\n\t\t\t\t<\/div>\n\t\t\t\t<div class=\"elementor-element elementor-element-a9bba42 elementor-mobile-align-center elementor-widget elementor-widget-button\" data-id=\"a9bba42\" data-element_type=\"widget\" data-e-type=\"widget\" data-widget_type=\"button.default\">\n\t\t\t\t<div class=\"elementor-widget-container\">\n\t\t\t\t\t\t\t\t\t<div class=\"elementor-button-wrapper\">\n\t\t\t\t\t<a class=\"elementor-button elementor-button-link elementor-size-sm\" href=\"https:\/\/hamptonbays.librarycalendar.com\/events\/upcoming?program_types%5B122%5D=122\" target=\"_blank\" rel=\"noopener\">\n\t\t\t\t\t\t<span class=\"elementor-button-content-wrapper\">\n\t\t\t\t\t\t\t\t\t<span class=\"elementor-button-text\">ver nuestros programas<\/span>\n\t\t\t\t\t<\/span>\n\t\t\t\t\t<\/a>\n\t\t\t\t<\/div>\n\t\t\t\t\t\t\t\t<\/div>\n\t\t\t\t<\/div>\n\t\t\t\t\t<\/div>\n\t\t<\/div>\n\t\t\t\t<div class=\"elementor-column elementor-col-50 elementor-top-column elementor-element elementor-element-7c9a429e\" data-id=\"7c9a429e\" data-element_type=\"column\" data-e-type=\"column\">\n\t\t\t<div class=\"elementor-widget-wrap elementor-element-populated\">\n\t\t\t\t\t\t<div class=\"elementor-element elementor-element-772df080 elementor-widget__width-initial elementor-absolute elementor-widget elementor-widget-image\" data-id=\"772df080\" data-element_type=\"widget\" data-e-type=\"widget\" data-settings=\"{&quot;_position&quot;:&quot;absolute&quot;}\" data-widget_type=\"image.default\">\n\t\t\t\t<div class=\"elementor-widget-container\">\n\t\t\t\t\t\t\t\t\t\t\t\t\t\t\t<img fetchpriority=\"high\" decoding=\"async\" width=\"800\" height=\"800\" src=\"https:\/\/www.hamptonbayslibrary.org\/wp-content\/uploads\/2022\/05\/spanish-services-main-image.jpg\" class=\"attachment-large size-large wp-image-3305\" alt=\"spanish services. 6 people smiling at camera\" srcset=\"https:\/\/www.hamptonbayslibrary.org\/wp-content\/uploads\/2022\/05\/spanish-services-main-image.jpg 900w, https:\/\/www.hamptonbayslibrary.org\/wp-content\/uploads\/2022\/05\/spanish-services-main-image-300x300.jpg 300w, https:\/\/www.hamptonbayslibrary.org\/wp-content\/uploads\/2022\/05\/spanish-services-main-image-150x150.jpg 150w, https:\/\/www.hamptonbayslibrary.org\/wp-content\/uploads\/2022\/05\/spanish-services-main-image-768x768.jpg 768w, https:\/\/www.hamptonbayslibrary.org\/wp-content\/uploads\/2022\/05\/spanish-services-main-image-12x12.jpg 12w\" sizes=\"(max-width: 800px) 100vw, 800px\" \/>\t\t\t\t\t\t\t\t\t\t\t\t\t\t\t<\/div>\n\t\t\t\t<\/div>\n\t\t\t\t\t<\/div>\n\t\t<\/div>\n\t\t\t\t\t<\/div>\n\t\t<\/section>\n\t\t\t\t<section class=\"elementor-section elementor-top-section elementor-element elementor-element-4322334 animated-slow elementor-section-boxed elementor-section-height-default elementor-section-height-default elementor-invisible\" data-id=\"4322334\" data-element_type=\"section\" data-e-type=\"section\" data-settings=\"{&quot;background_background&quot;:&quot;classic&quot;,&quot;animation&quot;:&quot;fadeInUp&quot;}\">\n\t\t\t\t\t\t<div class=\"elementor-container elementor-column-gap-default\">\n\t\t\t\t\t<div class=\"elementor-column elementor-col-50 elementor-top-column elementor-element elementor-element-39a17f0\" data-id=\"39a17f0\" data-element_type=\"column\" data-e-type=\"column\">\n\t\t\t<div class=\"elementor-widget-wrap elementor-element-populated\">\n\t\t\t\t\t\t<div class=\"elementor-element elementor-element-0c15f2e elementor-widget elementor-widget-image\" data-id=\"0c15f2e\" data-element_type=\"widget\" data-e-type=\"widget\" data-widget_type=\"image.default\">\n\t\t\t\t<div class=\"elementor-widget-container\">\n\t\t\t\t\t\t\t\t\t\t\t\t\t\t\t<img decoding=\"async\" width=\"768\" height=\"768\" src=\"https:\/\/www.hamptonbayslibrary.org\/wp-content\/uploads\/2022\/05\/spanish-services-feature3.jpg\" class=\"attachment-large size-large wp-image-3313\" alt=\"spanish services. group selfie\" srcset=\"https:\/\/www.hamptonbayslibrary.org\/wp-content\/uploads\/2022\/05\/spanish-services-feature3.jpg 768w, https:\/\/www.hamptonbayslibrary.org\/wp-content\/uploads\/2022\/05\/spanish-services-feature3-300x300.jpg 300w, https:\/\/www.hamptonbayslibrary.org\/wp-content\/uploads\/2022\/05\/spanish-services-feature3-150x150.jpg 150w, https:\/\/www.hamptonbayslibrary.org\/wp-content\/uploads\/2022\/05\/spanish-services-feature3-12x12.jpg 12w\" sizes=\"(max-width: 768px) 100vw, 768px\" \/>\t\t\t\t\t\t\t\t\t\t\t\t\t\t\t<\/div>\n\t\t\t\t<\/div>\n\t\t\t\t\t<\/div>\n\t\t<\/div>\n\t\t\t\t<div class=\"elementor-column elementor-col-50 elementor-top-column elementor-element elementor-element-b37be50\" data-id=\"b37be50\" data-element_type=\"column\" data-e-type=\"column\">\n\t\t\t<div class=\"elementor-widget-wrap elementor-element-populated\">\n\t\t\t\t\t\t<div class=\"elementor-element elementor-element-2827a19 elementor-absolute elementor-widget elementor-widget-heading\" data-id=\"2827a19\" data-element_type=\"widget\" data-e-type=\"widget\" data-settings=\"{&quot;_animation&quot;:&quot;none&quot;,&quot;_position&quot;:&quot;absolute&quot;}\" data-widget_type=\"heading.default\">\n\t\t\t\t<div class=\"elementor-widget-container\">\n\t\t\t\t\t<h2 class=\"elementor-heading-title elementor-size-default\">Asistencia adicional<\/h2>\t\t\t\t<\/div>\n\t\t\t\t<\/div>\n\t\t\t\t<div class=\"elementor-element elementor-element-8080f9f elementor-absolute elementor-widget elementor-widget-text-editor\" data-id=\"8080f9f\" data-element_type=\"widget\" data-e-type=\"widget\" data-settings=\"{&quot;_position&quot;:&quot;absolute&quot;}\" data-widget_type=\"text-editor.default\">\n\t\t\t\t<div class=\"elementor-widget-container\">\n\t\t\t\t\t\t\t\t\t<p><span style=\"color: var( --e-global-color-secondary );\">Ubicado en la comunidad de Hampton Bays, <a href=\"https:\/\/www.rshm-east.org\/ministry\/centro-corazon\/\" target=\"_blank\" rel=\"noopener\">Centro Coraz\u00f3n de Mar\u00eda<\/a>, ofrece ayuda a la poblaci\u00f3n inmigrante latina local. Ayudan con clases de ingl\u00e9s como segundo idioma, programas de educaci\u00f3n y salud, obtenci\u00f3n de beneficios, necesidades b\u00e1sicas, traducciones, empleo, etc. Tambi\u00e9n pueden orientar a las personas hacia servicios comunitarios, ayuda legal, asesoramiento sobre inmigraci\u00f3n y ayuda con el proceso de naturalizaci\u00f3n y ciudadan\u00eda.\u00a0<\/span><\/p><p><span style=\"color: var( --e-global-color-secondary );\">Para m\u00e1s informaci\u00f3n, la oficina del Centro Coraz\u00f3n de Mar\u00eda est\u00e1 abierta:<\/span><\/p><p><strong>Lunes-jueves:<\/strong> De 9:00 a 17:00 horas<br \/><strong>Viernes:<\/strong> De 9:00 a 16:00 horas<\/p><p><strong>Tel\u00e9fono:<\/strong> 631-728-5558<\/p><p><strong>L\u00ednea directa:<\/strong> 631-500-0715<\/p><p><strong>Ubicaci\u00f3n:<\/strong> 31 E Montauk Hwy., Hampton Bays, Nueva York 11946<\/p><p>El Centro Coraz\u00f3n de Mar\u00eda est\u00e1 ubicado en el s\u00f3tano del Centro Comunitario Parroquial Santa Rosal\u00eda.<\/p>\t\t\t\t\t\t\t\t<\/div>\n\t\t\t\t<\/div>\n\t\t\t\t\t<\/div>\n\t\t<\/div>\n\t\t\t\t\t<\/div>\n\t\t<\/section>\n\t\t\t\t<section class=\"elementor-section elementor-top-section elementor-element elementor-element-1a72867c elementor-reverse-mobile animated-slow elementor-section-boxed elementor-section-height-default elementor-section-height-default elementor-invisible\" data-id=\"1a72867c\" data-element_type=\"section\" data-e-type=\"section\" data-settings=\"{&quot;background_background&quot;:&quot;classic&quot;,&quot;animation&quot;:&quot;fadeInUp&quot;}\">\n\t\t\t\t\t\t<div class=\"elementor-container elementor-column-gap-default\">\n\t\t\t\t\t<div class=\"elementor-column elementor-col-50 elementor-top-column elementor-element elementor-element-382787a0\" data-id=\"382787a0\" data-element_type=\"column\" data-e-type=\"column\">\n\t\t\t<div class=\"elementor-widget-wrap elementor-element-populated\">\n\t\t\t\t\t\t<div class=\"elementor-element elementor-element-31510458 elementor-widget elementor-widget-heading\" data-id=\"31510458\" data-element_type=\"widget\" data-e-type=\"widget\" data-settings=\"{&quot;_animation&quot;:&quot;none&quot;}\" data-widget_type=\"heading.default\">\n\t\t\t\t<div class=\"elementor-widget-container\">\n\t\t\t\t\t<h2 class=\"elementor-heading-title elementor-size-default\"><br>Enlaces \u00fatiles<\/h2>\t\t\t\t<\/div>\n\t\t\t\t<\/div>\n\t\t\t\t<div class=\"elementor-element elementor-element-5fbd2f6 elementor-widget__width-initial elementor-widget elementor-widget-text-editor\" data-id=\"5fbd2f6\" data-element_type=\"widget\" data-e-type=\"widget\" data-widget_type=\"text-editor.default\">\n\t\t\t\t<div class=\"elementor-widget-container\">\n\t\t\t\t\t\t\t\t\t<b><a href=\"https:\/\/www.rshm-east.org\/ministry\/centro-corazon\/\" target=\"_blank\" rel=\"noopener\">CENTRO CORAZ\u00d3N DE MARIA<\/a>\n<\/b><b><a href=\"https:\/\/www.sepamujer.org\/\" target=\"_blank\" rel=\"noopener\">SEPA MUJER<\/a>\n<\/b><b><a href=\"http:\/\/www.live-brary.com\/\" target=\"_blank\" rel=\"noopener\">LIVE-BRARY<\/a>\n<\/b><b><a href=\"https:\/\/www.sunysuffolk.edu\/explore-academics\/english-as-a-second-language\/index.jsp\" target=\"_blank\" rel=\"noopener\">PROGRAMA DE ESL DEL COLEGIO COMUNITARIO DEL CONDADO DE SUFFOLK<\/a>\n<\/b><b><a href=\"http:\/\/learning.pronunciator.com\/getstarted-scls.php\" target=\"_blank\" rel=\"noopener\">PRONUNCIADOR \u2013 APRENDIZAJE DE IDIOMAS<\/a>\n<\/b><a href=\"https:\/\/flipster.ebsco.com\/c\/gyss7x?auth-callid=b2d76d41-8d1f-4a89-8484-9872735cdb98\" target=\"_blank\" rel=\"noopener\"><b>FLIPSTER \u2013 REVISTAS DIGITALES<\/b><\/a>\t\t\t\t\t\t\t\t<\/div>\n\t\t\t\t<\/div>\n\t\t\t\t\t<\/div>\n\t\t<\/div>\n\t\t\t\t<div class=\"elementor-column elementor-col-50 elementor-top-column elementor-element elementor-element-399be7c9\" data-id=\"399be7c9\" data-element_type=\"column\" data-e-type=\"column\">\n\t\t\t<div class=\"elementor-widget-wrap elementor-element-populated\">\n\t\t\t\t\t\t<div class=\"elementor-element elementor-element-09244cf elementor-widget__width-initial elementor-absolute elementor-widget elementor-widget-image\" data-id=\"09244cf\" data-element_type=\"widget\" data-e-type=\"widget\" data-settings=\"{&quot;_position&quot;:&quot;absolute&quot;}\" data-widget_type=\"image.default\">\n\t\t\t\t<div class=\"elementor-widget-container\">\n\t\t\t\t\t\t\t\t\t\t\t\t\t\t\t<img decoding=\"async\" width=\"800\" height=\"800\" src=\"https:\/\/www.hamptonbayslibrary.org\/wp-content\/uploads\/2022\/05\/spanish-services-feature2.jpg\" class=\"attachment-large size-large wp-image-3312\" alt=\"spanish services. study session\" srcset=\"https:\/\/www.hamptonbayslibrary.org\/wp-content\/uploads\/2022\/05\/spanish-services-feature2.jpg 900w, https:\/\/www.hamptonbayslibrary.org\/wp-content\/uploads\/2022\/05\/spanish-services-feature2-300x300.jpg 300w, https:\/\/www.hamptonbayslibrary.org\/wp-content\/uploads\/2022\/05\/spanish-services-feature2-150x150.jpg 150w, https:\/\/www.hamptonbayslibrary.org\/wp-content\/uploads\/2022\/05\/spanish-services-feature2-768x768.jpg 768w, https:\/\/www.hamptonbayslibrary.org\/wp-content\/uploads\/2022\/05\/spanish-services-feature2-12x12.jpg 12w\" sizes=\"(max-width: 800px) 100vw, 800px\" \/>\t\t\t\t\t\t\t\t\t\t\t\t\t\t\t<\/div>\n\t\t\t\t<\/div>\n\t\t\t\t\t<\/div>\n\t\t<\/div>\n\t\t\t\t\t<\/div>\n\t\t<\/section>\n\t\t<div class=\"elementor-element elementor-element-7a734b1 e-flex e-con-boxed e-con e-parent\" data-id=\"7a734b1\" data-element_type=\"container\" data-e-type=\"container\">\n\t\t\t\t\t<div class=\"e-con-inner\">\n\t\t\t\t<div class=\"elementor-element elementor-element-8759a19 elementor-widget__width-initial elementor-widget elementor-widget-text-editor\" data-id=\"8759a19\" data-element_type=\"widget\" data-e-type=\"widget\" data-widget_type=\"text-editor.default\">\n\t\t\t\t<div class=\"elementor-widget-container\">\n\t\t\t\t\t\t\t\t\t<h2 class=\"elementor-heading-title elementor-size-default elementor-inline-editing pen\" data-elementor-setting-key=\"title\" data-pen-placeholder=\"Type Here...\">\u00a0<\/h2><h2 class=\"elementor-heading-title elementor-size-default elementor-inline-editing pen\" data-elementor-setting-key=\"title\" data-pen-placeholder=\"Type Here...\">Servicios de Notaria P\u00fablica<\/h2><div>\u00a0<\/div><p><b style=\"text-align: var(--text-align); color: var( --e-global-color-secondary );\"><a href=\"https:\/\/locations.theupsstore.com\/ny\/hampton-bays\/15-w-montauk-hwy\" target=\"_blank\" rel=\"noopener\">TIENDA UPS<\/a><\/b><\/p><p><b><span style=\"font-weight: bold;\"><span style=\"font-weight: bolder; text-align: var(--text-align); color: var( --e-global-color-secondary );\">Carretera 15 West Montauk<\/span><br \/><span style=\"font-weight: bolder; text-align: var(--text-align); color: var( --e-global-color-secondary );\">Bah\u00edas de Hampton, Nueva York 11946<\/span><br \/><b>LUNES \u2013 JUEVES (9AM \u2013 5PM)<\/b><br \/><b>(631) 728-6100<br \/>\u00a1No se necesita cita!<\/b><\/span><\/b><\/p><p><a style=\"text-align: var(--text-align); font-weight: bold; background-color: #ffffff;\" href=\"https:\/\/islainsurance.com\/\" target=\"_blank\" rel=\"noopener\">SEGURO ISLA<\/a><br \/><span style=\"font-weight: bold;\">Carretera 34A al oeste de Montauk<\/span><br \/><span style=\"font-weight: bold;\">Bah\u00edas de Hampton, Nueva York 11946<\/span><br \/><span style=\"font-weight: bolder; text-align: var(--text-align); color: var( --e-global-color-secondary );\">LUNES \u2013 VIERNES (13:00 \u2013 19:00 horas)<\/span><br \/><span style=\"font-weight: bolder; text-align: var(--text-align); color: var( --e-global-color-secondary );\">(631) 494-9000<\/span><br \/><b>Debe llamar para hacer una cita.<\/b><\/p><p><span style=\"font-weight: bold;\"><a href=\"https:\/\/locations.citizensbank.com\/ny\/hampton-bays\/248-montauk-hwy-west.html\" target=\"_blank\" rel=\"noopener\">BANCO CIUDADANO<\/a><br \/><span style=\"font-weight: bold;\">Carretera 248 West Montauk<\/span><br \/><span style=\"font-weight: bold;\">Bah\u00edas de Hampton, Nueva York 11946<\/span><br \/><span style=\"font-weight: bold;\">LUNES \u2013 VIERNES (9:00 \u2013 17:00 horas)<\/span><br \/><span style=\"font-weight: bold;\">S\u00c1BADO (9:00 a 13:00 horas) <\/span><br \/><span style=\"font-weight: bolder;\">(631) 887-2015<br \/>\u00a1No se necesita cita!<\/span><\/span><\/p>\t\t\t\t\t\t\t\t<\/div>\n\t\t\t\t<\/div>\n\t\t\t\t\t<\/div>\n\t\t\t\t<\/div>\n\t\t\t\t<\/div>","protected":false},"excerpt":{"rendered":"<p>Programs and Events Take a look at our Monthly Activities Calendar to see the programs and news that your library offers. ENGLISH CLASSES FOR BEGINNERS: These classes are designed for those with little or no knowledge of the language. Thursdays: 7:00 PM &#8211; 8:30 PM \u00a0FOR MORE INFORMATION CONTACT: Phone: 631-728-6241 (Option 4 or Ext. [&hellip;]<\/p>\n","protected":false},"author":2,"featured_media":3309,"parent":0,"menu_order":0,"comment_status":"closed","ping_status":"closed","template":"","meta":{"_acf_changed":false,"give_campaign_id":0,"footnotes":""},"class_list":["post-219","page","type-page","status-publish","has-post-thumbnail","hentry"],"acf":[],"campaignId":"","publishpress_future_workflow_manual_trigger":{"enabledWorkflows":[]},"_links":{"self":[{"href":"https:\/\/www.hamptonbayslibrary.org\/es\/wp-json\/wp\/v2\/pages\/219","targetHints":{"allow":["GET"]}}],"collection":[{"href":"https:\/\/www.hamptonbayslibrary.org\/es\/wp-json\/wp\/v2\/pages"}],"about":[{"href":"https:\/\/www.hamptonbayslibrary.org\/es\/wp-json\/wp\/v2\/types\/page"}],"author":[{"embeddable":true,"href":"https:\/\/www.hamptonbayslibrary.org\/es\/wp-json\/wp\/v2\/users\/2"}],"replies":[{"embeddable":true,"href":"https:\/\/www.hamptonbayslibrary.org\/es\/wp-json\/wp\/v2\/comments?post=219"}],"version-history":[{"count":12,"href":"https:\/\/www.hamptonbayslibrary.org\/es\/wp-json\/wp\/v2\/pages\/219\/revisions"}],"predecessor-version":[{"id":11000,"href":"https:\/\/www.hamptonbayslibrary.org\/es\/wp-json\/wp\/v2\/pages\/219\/revisions\/11000"}],"wp:featuredmedia":[{"embeddable":true,"href":"https:\/\/www.hamptonbayslibrary.org\/es\/wp-json\/wp\/v2\/media\/3309"}],"wp:attachment":[{"href":"https:\/\/www.hamptonbayslibrary.org\/es\/wp-json\/wp\/v2\/media?parent=219"}],"curies":[{"name":"gracias","href":"https:\/\/api.w.org\/{rel}","templated":true}]}}