{"id":209,"date":"2022-02-18T10:58:57","date_gmt":"2022-02-18T15:58:57","guid":{"rendered":"https:\/\/www.hamptonbayslibrary.org\/?page_id=209"},"modified":"2026-01-27T09:04:13","modified_gmt":"2026-01-27T14:04:13","slug":"document-scanning","status":"publish","type":"page","link":"https:\/\/www.hamptonbayslibrary.org\/es\/document-scanning\/","title":{"rendered":"Escaneo de documentos"},"content":{"rendered":"<div data-elementor-type=\"wp-page\" data-elementor-id=\"209\" class=\"elementor elementor-209\" data-elementor-post-type=\"page\">\n\t\t\t\t\t\t<section class=\"elementor-section elementor-top-section elementor-element elementor-element-129da506 animated-slow elementor-section-boxed elementor-section-height-default elementor-section-height-default elementor-invisible\" data-id=\"129da506\" data-element_type=\"section\" data-e-type=\"section\" data-settings=\"{&quot;background_background&quot;:&quot;classic&quot;,&quot;animation&quot;:&quot;fadeInUp&quot;}\">\n\t\t\t\t\t\t<div class=\"elementor-container elementor-column-gap-default\">\n\t\t\t\t\t<div class=\"elementor-column elementor-col-50 elementor-top-column elementor-element elementor-element-74f7b4e1\" data-id=\"74f7b4e1\" data-element_type=\"column\" data-e-type=\"column\">\n\t\t\t<div class=\"elementor-widget-wrap elementor-element-populated\">\n\t\t\t\t\t\t<div class=\"elementor-element elementor-element-db5658 elementor-widget elementor-widget-image\" data-id=\"db5658\" data-element_type=\"widget\" data-e-type=\"widget\" data-widget_type=\"image.default\">\n\t\t\t\t<div class=\"elementor-widget-container\">\n\t\t\t\t\t\t\t\t\t\t\t\t\t\t\t<img fetchpriority=\"high\" decoding=\"async\" width=\"800\" height=\"600\" src=\"https:\/\/www.hamptonbayslibrary.org\/wp-content\/uploads\/2022\/04\/scannx.jpg\" class=\"attachment-large size-large wp-image-2885\" alt=\"scannx on computer screen\" srcset=\"https:\/\/www.hamptonbayslibrary.org\/wp-content\/uploads\/2022\/04\/scannx.jpg 979w, https:\/\/www.hamptonbayslibrary.org\/wp-content\/uploads\/2022\/04\/scannx-300x225.jpg 300w, https:\/\/www.hamptonbayslibrary.org\/wp-content\/uploads\/2022\/04\/scannx-768x576.jpg 768w, https:\/\/www.hamptonbayslibrary.org\/wp-content\/uploads\/2022\/04\/scannx-16x12.jpg 16w\" sizes=\"(max-width: 800px) 100vw, 800px\" \/>\t\t\t\t\t\t\t\t\t\t\t\t\t\t\t<\/div>\n\t\t\t\t<\/div>\n\t\t\t\t\t<\/div>\n\t\t<\/div>\n\t\t\t\t<div class=\"elementor-column elementor-col-50 elementor-top-column elementor-element elementor-element-41481dbe\" data-id=\"41481dbe\" data-element_type=\"column\" data-e-type=\"column\">\n\t\t\t<div class=\"elementor-widget-wrap elementor-element-populated\">\n\t\t\t\t\t\t<div class=\"elementor-element elementor-element-5c1f8471 elementor-widget elementor-widget-heading\" data-id=\"5c1f8471\" data-element_type=\"widget\" data-e-type=\"widget\" data-settings=\"{&quot;_animation&quot;:&quot;none&quot;}\" data-widget_type=\"heading.default\">\n\t\t\t\t<div class=\"elementor-widget-container\">\n\t\t\t\t\t<h2 class=\"elementor-heading-title elementor-size-default\">Escanea tus documentos<\/h2>\t\t\t\t<\/div>\n\t\t\t\t<\/div>\n\t\t\t\t<div class=\"elementor-element elementor-element-620ead05 elementor-widget elementor-widget-text-editor\" data-id=\"620ead05\" data-element_type=\"widget\" data-e-type=\"widget\" data-widget_type=\"text-editor.default\">\n\t\t\t\t<div class=\"elementor-widget-container\">\n\t\t\t\t\t\t\t\t\t<p>Escanea tus documentos y fotograf\u00edas gratis con nuestro\u00a0<span style=\"font-weight: bolder;\">Estaci\u00f3n de escaneo Scannx<\/span>; env\u00edelo por correo electr\u00f3nico o gu\u00e1rdelo en su unidad flash. Escanea fotograf\u00edas con nuestra Kodak<span style=\"font-weight: bolder;\">\u00a0Esc\u00e1ner de fotos<\/span>\u00a0(guardar solo en una unidad flash) y revivir sus fotos descoloridas con Kodak\u00a0<em>toque perfecto<\/em>\u00a0\u00a1software!<\/p>\t\t\t\t\t\t\t\t<\/div>\n\t\t\t\t<\/div>\n\t\t\t\t\t<\/div>\n\t\t<\/div>\n\t\t\t\t\t<\/div>\n\t\t<\/section>\n\t\t\t\t<\/div>","protected":false},"excerpt":{"rendered":"<p>Escanee sus documentos Escanee sus documentos y fotograf\u00edas de forma gratuita con nuestra Scannx Scan Station; env\u00edelo por correo electr\u00f3nico o gu\u00e1rdelo en su unidad flash. \u00a1Escanee fotograf\u00edas con nuestro esc\u00e1ner fotogr\u00e1fico Kodak (guarde en una unidad flash solamente) y reviva sus fotos descoloridas con el software Kodak PerfectTouch!<\/p>","protected":false},"author":2,"featured_media":2886,"parent":0,"menu_order":0,"comment_status":"closed","ping_status":"closed","template":"","meta":{"_acf_changed":false,"give_campaign_id":0,"footnotes":""},"class_list":["post-209","page","type-page","status-publish","has-post-thumbnail","hentry"],"acf":[],"campaignId":"","publishpress_future_workflow_manual_trigger":{"enabledWorkflows":[]},"_links":{"self":[{"href":"https:\/\/www.hamptonbayslibrary.org\/es\/wp-json\/wp\/v2\/pages\/209","targetHints":{"allow":["GET"]}}],"collection":[{"href":"https:\/\/www.hamptonbayslibrary.org\/es\/wp-json\/wp\/v2\/pages"}],"about":[{"href":"https:\/\/www.hamptonbayslibrary.org\/es\/wp-json\/wp\/v2\/types\/page"}],"author":[{"embeddable":true,"href":"https:\/\/www.hamptonbayslibrary.org\/es\/wp-json\/wp\/v2\/users\/2"}],"replies":[{"embeddable":true,"href":"https:\/\/www.hamptonbayslibrary.org\/es\/wp-json\/wp\/v2\/comments?post=209"}],"version-history":[{"count":3,"href":"https:\/\/www.hamptonbayslibrary.org\/es\/wp-json\/wp\/v2\/pages\/209\/revisions"}],"predecessor-version":[{"id":11003,"href":"https:\/\/www.hamptonbayslibrary.org\/es\/wp-json\/wp\/v2\/pages\/209\/revisions\/11003"}],"wp:featuredmedia":[{"embeddable":true,"href":"https:\/\/www.hamptonbayslibrary.org\/es\/wp-json\/wp\/v2\/media\/2886"}],"wp:attachment":[{"href":"https:\/\/www.hamptonbayslibrary.org\/es\/wp-json\/wp\/v2\/media?parent=209"}],"curies":[{"name":"gracias","href":"https:\/\/api.w.org\/{rel}","templated":true}]}}