{"id":196,"date":"2022-02-18T10:42:47","date_gmt":"2022-02-18T15:42:47","guid":{"rendered":"https:\/\/www.hamptonbayslibrary.org\/?page_id=196"},"modified":"2026-01-27T09:39:08","modified_gmt":"2026-01-27T14:39:08","slug":"emergency-preparedness-resources","status":"publish","type":"page","link":"https:\/\/www.hamptonbayslibrary.org\/es\/emergency-preparedness-resources\/","title":{"rendered":"Recursos de preparaci\u00f3n para emergencias"},"content":{"rendered":"<div data-elementor-type=\"wp-page\" data-elementor-id=\"196\" class=\"elementor elementor-196\" data-elementor-post-type=\"page\">\n\t\t\t\t<div class=\"elementor-element elementor-element-8688fb7 animated-slow e-flex e-con-boxed elementor-invisible e-con e-parent\" data-id=\"8688fb7\" data-element_type=\"container\" data-e-type=\"container\" data-settings=\"{&quot;background_background&quot;:&quot;classic&quot;,&quot;animation&quot;:&quot;fadeInUp&quot;}\">\n\t\t\t\t\t<div class=\"e-con-inner\">\n\t\t<div class=\"elementor-element elementor-element-6808efe e-con-full e-flex e-con e-child\" data-id=\"6808efe\" data-element_type=\"container\" data-e-type=\"container\">\n\t\t\t\t<div class=\"elementor-element elementor-element-02636dd elementor-widget elementor-widget-image\" data-id=\"02636dd\" data-element_type=\"widget\" data-e-type=\"widget\" data-widget_type=\"image.default\">\n\t\t\t\t<div class=\"elementor-widget-container\">\n\t\t\t\t\t\t\t\t\t\t\t\t\t\t\t<img fetchpriority=\"high\" decoding=\"async\" width=\"800\" height=\"800\" src=\"https:\/\/www.hamptonbayslibrary.org\/wp-content\/uploads\/2022\/04\/emergency-preparedness.jpg\" class=\"attachment-large size-large wp-image-2669\" alt=\"Person reviewing emergency response and preparedness data across multiple computer monitors.\" srcset=\"https:\/\/www.hamptonbayslibrary.org\/wp-content\/uploads\/2022\/04\/emergency-preparedness.jpg 900w, https:\/\/www.hamptonbayslibrary.org\/wp-content\/uploads\/2022\/04\/emergency-preparedness-300x300.jpg 300w, https:\/\/www.hamptonbayslibrary.org\/wp-content\/uploads\/2022\/04\/emergency-preparedness-150x150.jpg 150w, https:\/\/www.hamptonbayslibrary.org\/wp-content\/uploads\/2022\/04\/emergency-preparedness-768x768.jpg 768w, https:\/\/www.hamptonbayslibrary.org\/wp-content\/uploads\/2022\/04\/emergency-preparedness-12x12.jpg 12w\" sizes=\"(max-width: 800px) 100vw, 800px\" \/>\t\t\t\t\t\t\t\t\t\t\t\t\t\t\t<\/div>\n\t\t\t\t<\/div>\n\t\t\t\t<\/div>\n\t\t<div class=\"elementor-element elementor-element-8f3f7fc e-con-full e-flex e-con e-child\" data-id=\"8f3f7fc\" data-element_type=\"container\" data-e-type=\"container\">\n\t\t\t\t<div class=\"elementor-element elementor-element-825c1a1 elementor-widget elementor-widget-text-editor\" data-id=\"825c1a1\" data-element_type=\"widget\" data-e-type=\"widget\" data-widget_type=\"text-editor.default\">\n\t\t\t\t<div class=\"elementor-widget-container\">\n\t\t\t\t\t\t\t\t\t<p><strong>\u201c<em>No hay nada de malo en esperar lo mejor siempre y cuando est\u00e9s preparado para lo peor.<\/em>&quot; - Stephen King<\/strong><\/p><p>La Biblioteca P\u00fablica de Hampton Bays est\u00e1 aqu\u00ed para cuando tenga preguntas sobre c\u00f3mo protegerse y proteger a su familia en caso de una emergencia. Utilice los siguientes recursos locales y nacionales disponibles para usted.<\/p>\t\t\t\t\t\t\t\t<\/div>\n\t\t\t\t<\/div>\n\t\t\t\t<div class=\"elementor-element elementor-element-902f5f7 elementor-widget elementor-widget-heading\" data-id=\"902f5f7\" data-element_type=\"widget\" data-e-type=\"widget\" data-widget_type=\"heading.default\">\n\t\t\t\t<div class=\"elementor-widget-container\">\n\t\t\t\t\t<h2 class=\"elementor-heading-title elementor-size-default\">Recursos Nacionales:<\/h2>\t\t\t\t<\/div>\n\t\t\t\t<\/div>\n\t\t\t\t<div class=\"elementor-element elementor-element-c8ebf1d elementor-widget elementor-widget-text-editor\" data-id=\"c8ebf1d\" data-element_type=\"widget\" data-e-type=\"widget\" data-widget_type=\"text-editor.default\">\n\t\t\t\t<div class=\"elementor-widget-container\">\n\t\t\t\t\t\t\t\t\t<ul style=\"font-size: 16px; background-color: #ffffff;\"><li style=\"font-size: 16px;\"><strong><a href=\"http:\/\/www.redcross.org\/prepare\/disaster\/hurricane\" target=\"_blank\" rel=\"noopener\">Preparaci\u00f3n para huracanes de la Cruz Roja Americana<\/a><\/strong><\/li><li style=\"font-size: 16px;\"><strong><a href=\"http:\/\/emergency.cdc.gov\/\" target=\"_blank\" rel=\"noopener\">Preparaci\u00f3n y respuesta ante emergencias de los CDC<\/a><\/strong><\/li><li style=\"font-size: 16px;\"><strong><a href=\"http:\/\/www.dhs.gov\/topic\/disasters\" target=\"_blank\" rel=\"noopener\">Departamento de Seguridad Nacional y Servicios de Emergencia: Informaci\u00f3n y asistencia en casos de desastre<\/a><\/strong><\/li><li style=\"font-size: 16px;\"><strong><a href=\"http:\/\/www.nhc.noaa.gov\/\" target=\"_blank\" rel=\"noopener\">Centro Nacional de Huracanes<\/a>\u00a0y\u00a0<a href=\"http:\/\/www.nhc.noaa.gov\/prepare\/ready.php\" target=\"_blank\" rel=\"noopener\">Preparaci\u00f3n para huracanes<\/a><\/strong><\/li><\/ul>\t\t\t\t\t\t\t\t<\/div>\n\t\t\t\t<\/div>\n\t\t\t\t<div class=\"elementor-element elementor-element-5d12c78 elementor-widget elementor-widget-heading\" data-id=\"5d12c78\" data-element_type=\"widget\" data-e-type=\"widget\" data-widget_type=\"heading.default\">\n\t\t\t\t<div class=\"elementor-widget-container\">\n\t\t\t\t\t<h2 class=\"elementor-heading-title elementor-size-default\">Recursos de Nueva York:<\/h2>\t\t\t\t<\/div>\n\t\t\t\t<\/div>\n\t\t\t\t<div class=\"elementor-element elementor-element-8b22c8d elementor-widget elementor-widget-text-editor\" data-id=\"8b22c8d\" data-element_type=\"widget\" data-e-type=\"widget\" data-widget_type=\"text-editor.default\">\n\t\t\t\t<div class=\"elementor-widget-container\">\n\t\t\t\t\t\t\t\t\t<ul style=\"font-size: 16px; background-color: #ffffff;\"><li style=\"font-size: 16px;\"><strong><a href=\"https:\/\/alert.ny.gov\/\" target=\"_blank\" rel=\"noopener\">Alertas de emergencia de Nueva York<\/a><\/strong><\/li><li style=\"font-size: 16px;\"><strong><a href=\"http:\/\/prepare.ny.gov\/\" target=\"_blank\" rel=\"noopener\">Cuerpo de preparaci\u00f3n ciudadana del estado de Nueva York<\/a><\/strong><\/li><li style=\"font-size: 16px;\"><strong><a href=\"http:\/\/prepare.ny.gov\/preparedness-kits\" target=\"_blank\" rel=\"noopener\">Kits de preparaci\u00f3n del estado de Nueva York<\/a><\/strong><\/li><li><strong><a href=\"https:\/\/dps.ny.gov\/winter\" target=\"_blank\" rel=\"noopener\">Preparaci\u00f3n para el invierno en el estado de Nueva York<\/a><\/strong><\/li><\/ul>\t\t\t\t\t\t\t\t<\/div>\n\t\t\t\t<\/div>\n\t\t\t\t<div class=\"elementor-element elementor-element-dd49bd8 elementor-widget elementor-widget-heading\" data-id=\"dd49bd8\" data-element_type=\"widget\" data-e-type=\"widget\" data-widget_type=\"heading.default\">\n\t\t\t\t<div class=\"elementor-widget-container\">\n\t\t\t\t\t<h2 class=\"elementor-heading-title elementor-size-default\">Recursos locales:<\/h2>\t\t\t\t<\/div>\n\t\t\t\t<\/div>\n\t\t\t\t<div class=\"elementor-element elementor-element-6cfc6f5 elementor-widget elementor-widget-text-editor\" data-id=\"6cfc6f5\" data-element_type=\"widget\" data-e-type=\"widget\" data-widget_type=\"text-editor.default\">\n\t\t\t\t<div class=\"elementor-widget-container\">\n\t\t\t\t\t\t\t\t\t<ul style=\"font-size: 16px; background-color: #ffffff;\"><li style=\"font-size: 16px;\"><strong><a href=\"http:\/\/www.southamptontownny.gov\/AlertCenter.aspx\" target=\"_blank\" rel=\"noopener\">Centro de alerta de Southampton<\/a><\/strong><\/li><li style=\"font-size: 16px;\"><strong><a href=\"http:\/\/www.suffolkcountyny.gov\/departments\/firerescueandemergencyservices\" target=\"_blank\" rel=\"noopener\">Departamento de Bomberos, Rescate y Servicios de Emergencia del Condado de Suffolk<\/a><\/strong><\/li><li style=\"font-size: 16px;\"><strong><a href=\"http:\/\/www.suffolkcountyny.gov\/departments\/firerescueandemergencyservices\/officeofemergencymanagement.aspx\" target=\"_blank\" rel=\"noopener\">Oficina de Manejo de Emergencias del Condado de Suffolk<\/a><\/strong><\/li><li style=\"font-size: 16px;\"><strong><a href=\"https:\/\/health.ny.gov\/environmental\/weather\/cooling\/index.htm\" target=\"_blank\" rel=\"noopener\">Centros de enfriamiento locales<\/a><\/strong><\/li><li style=\"font-size: 16px;\"><strong><a href=\"https:\/\/health.ny.gov\/environmental\/emergency\/weather\/cold\/cold_weather_tips.htm\" target=\"_blank\" rel=\"noopener\">Consejos y ayuda para el clima fr\u00edo<\/a><\/strong><\/li><\/ul><p>\u00a0<\/p><p>Si no encuentra lo que est\u00e1 buscando aqu\u00ed, no dude en llamar al departamento de referencias, 631-728-6241 x110, o pase por el mostrador de referencias para adultos durante su pr\u00f3xima visita y estaremos encantados de ayudarle.<\/p>\t\t\t\t\t\t\t\t<\/div>\n\t\t\t\t<\/div>\n\t\t\t\t<\/div>\n\t\t\t\t\t<\/div>\n\t\t\t\t<\/div>\n\t\t\t\t<\/div>","protected":false},"excerpt":{"rendered":"<p>\u201cThere\u2019s no harm in hoping for the best as long as you\u2019re prepared for the worst.\u201d \u2014 Stephen King The Hampton Bays Public Library is here for when you have questions on how to protect yourself and your family in the case of an emergency. \u00a0Please make use of the below local and national resources [&hellip;]<\/p>\n","protected":false},"author":2,"featured_media":2667,"parent":0,"menu_order":0,"comment_status":"closed","ping_status":"closed","template":"","meta":{"_acf_changed":false,"give_campaign_id":0,"footnotes":""},"class_list":["post-196","page","type-page","status-publish","has-post-thumbnail","hentry"],"acf":[],"campaignId":"","publishpress_future_workflow_manual_trigger":{"enabledWorkflows":[]},"_links":{"self":[{"href":"https:\/\/www.hamptonbayslibrary.org\/es\/wp-json\/wp\/v2\/pages\/196","targetHints":{"allow":["GET"]}}],"collection":[{"href":"https:\/\/www.hamptonbayslibrary.org\/es\/wp-json\/wp\/v2\/pages"}],"about":[{"href":"https:\/\/www.hamptonbayslibrary.org\/es\/wp-json\/wp\/v2\/types\/page"}],"author":[{"embeddable":true,"href":"https:\/\/www.hamptonbayslibrary.org\/es\/wp-json\/wp\/v2\/users\/2"}],"replies":[{"embeddable":true,"href":"https:\/\/www.hamptonbayslibrary.org\/es\/wp-json\/wp\/v2\/comments?post=196"}],"version-history":[{"count":12,"href":"https:\/\/www.hamptonbayslibrary.org\/es\/wp-json\/wp\/v2\/pages\/196\/revisions"}],"predecessor-version":[{"id":11035,"href":"https:\/\/www.hamptonbayslibrary.org\/es\/wp-json\/wp\/v2\/pages\/196\/revisions\/11035"}],"wp:featuredmedia":[{"embeddable":true,"href":"https:\/\/www.hamptonbayslibrary.org\/es\/wp-json\/wp\/v2\/media\/2667"}],"wp:attachment":[{"href":"https:\/\/www.hamptonbayslibrary.org\/es\/wp-json\/wp\/v2\/media?parent=196"}],"curies":[{"name":"gracias","href":"https:\/\/api.w.org\/{rel}","templated":true}]}}