{"id":157,"date":"2022-02-17T16:30:13","date_gmt":"2022-02-17T21:30:13","guid":{"rendered":"https:\/\/www.hamptonbayslibrary.org\/?page_id=157"},"modified":"2026-01-23T11:29:37","modified_gmt":"2026-01-23T16:29:37","slug":"tascged-resources","status":"publish","type":"page","link":"https:\/\/www.hamptonbayslibrary.org\/es\/tascged-resources\/","title":{"rendered":"EDUCACI\u00d3N DE ADULTOS Y DESARROLLO PROFESIONAL"},"content":{"rendered":"<div data-elementor-type=\"wp-page\" data-elementor-id=\"157\" class=\"elementor elementor-157\" data-elementor-post-type=\"page\">\n\t\t\t\t\t\t<section class=\"elementor-section elementor-top-section elementor-element elementor-element-569462df animated-slow elementor-section-boxed elementor-section-height-default elementor-section-height-default elementor-invisible\" data-id=\"569462df\" data-element_type=\"section\" data-e-type=\"section\" data-settings=\"{&quot;background_background&quot;:&quot;classic&quot;,&quot;animation&quot;:&quot;fadeInUp&quot;}\">\n\t\t\t\t\t\t<div class=\"elementor-container elementor-column-gap-default\">\n\t\t\t\t\t<div class=\"elementor-column elementor-col-50 elementor-top-column elementor-element elementor-element-5ac9d19a\" data-id=\"5ac9d19a\" data-element_type=\"column\" data-e-type=\"column\">\n\t\t\t<div class=\"elementor-widget-wrap elementor-element-populated\">\n\t\t\t\t\t\t<div class=\"elementor-element elementor-element-2d9c294 elementor-widget elementor-widget-image\" data-id=\"2d9c294\" data-element_type=\"widget\" data-e-type=\"widget\" data-widget_type=\"image.default\">\n\t\t\t\t<div class=\"elementor-widget-container\">\n\t\t\t\t\t\t\t\t\t\t\t\t\t\t\t<img fetchpriority=\"high\" decoding=\"async\" width=\"800\" height=\"800\" src=\"https:\/\/www.hamptonbayslibrary.org\/wp-content\/uploads\/2022\/04\/adult-learning-main-image.jpg\" class=\"attachment-large size-large wp-image-3044\" alt=\"\" srcset=\"https:\/\/www.hamptonbayslibrary.org\/wp-content\/uploads\/2022\/04\/adult-learning-main-image.jpg 900w, https:\/\/www.hamptonbayslibrary.org\/wp-content\/uploads\/2022\/04\/adult-learning-main-image-300x300.jpg 300w, https:\/\/www.hamptonbayslibrary.org\/wp-content\/uploads\/2022\/04\/adult-learning-main-image-150x150.jpg 150w, https:\/\/www.hamptonbayslibrary.org\/wp-content\/uploads\/2022\/04\/adult-learning-main-image-768x768.jpg 768w, https:\/\/www.hamptonbayslibrary.org\/wp-content\/uploads\/2022\/04\/adult-learning-main-image-12x12.jpg 12w\" sizes=\"(max-width: 800px) 100vw, 800px\" \/>\t\t\t\t\t\t\t\t\t\t\t\t\t\t\t<\/div>\n\t\t\t\t<\/div>\n\t\t\t\t\t<\/div>\n\t\t<\/div>\n\t\t\t\t<div class=\"elementor-column elementor-col-50 elementor-top-column elementor-element elementor-element-480c445e\" data-id=\"480c445e\" data-element_type=\"column\" data-e-type=\"column\">\n\t\t\t<div class=\"elementor-widget-wrap elementor-element-populated\">\n\t\t\t\t\t\t<div class=\"elementor-element elementor-element-aa0fa8d elementor-widget elementor-widget-image\" data-id=\"aa0fa8d\" data-element_type=\"widget\" data-e-type=\"widget\" data-widget_type=\"image.default\">\n\t\t\t\t<div class=\"elementor-widget-container\">\n\t\t\t\t\t\t\t\t\t\t\t\t\t\t\t\t<a href=\"https:\/\/landing.brainfuse.com\/authenticate.asp?u=main.suffolk.ny.brainfuse.com\" target=\"_blank\" rel=\"noopener\">\n\t\t\t\t\t\t\t<img decoding=\"async\" width=\"800\" height=\"297\" src=\"https:\/\/www.hamptonbayslibrary.org\/wp-content\/uploads\/2022\/04\/AdultLearningCenterLogo.png\" class=\"attachment-large size-large wp-image-2906\" alt=\"\" srcset=\"https:\/\/www.hamptonbayslibrary.org\/wp-content\/uploads\/2022\/04\/AdultLearningCenterLogo.png 947w, https:\/\/www.hamptonbayslibrary.org\/wp-content\/uploads\/2022\/04\/AdultLearningCenterLogo-300x112.png 300w, https:\/\/www.hamptonbayslibrary.org\/wp-content\/uploads\/2022\/04\/AdultLearningCenterLogo-768x285.png 768w, https:\/\/www.hamptonbayslibrary.org\/wp-content\/uploads\/2022\/04\/AdultLearningCenterLogo-18x7.png 18w\" sizes=\"(max-width: 800px) 100vw, 800px\" \/>\t\t\t\t\t\t\t\t<\/a>\n\t\t\t\t\t\t\t\t\t\t\t\t\t\t\t<\/div>\n\t\t\t\t<\/div>\n\t\t\t\t<div class=\"elementor-element elementor-element-53807292 elementor-widget elementor-widget-heading\" data-id=\"53807292\" data-element_type=\"widget\" data-e-type=\"widget\" data-settings=\"{&quot;_animation&quot;:&quot;none&quot;}\" data-widget_type=\"heading.default\">\n\t\t\t\t<div class=\"elementor-widget-container\">\n\t\t\t\t\t<h2 class=\"elementor-heading-title elementor-size-default\">Aprendizaje electr\u00f3nico bajo demanda, en cualquier momento y en cualquier lugar<\/h2>\t\t\t\t<\/div>\n\t\t\t\t<\/div>\n\t\t\t\t<div class=\"elementor-element elementor-element-6a2df351 elementor-widget elementor-widget-text-editor\" data-id=\"6a2df351\" data-element_type=\"widget\" data-e-type=\"widget\" data-widget_type=\"text-editor.default\">\n\t\t\t\t<div class=\"elementor-widget-container\">\n\t\t\t\t\t\t\t\t\t<h2>Enlaces de TASC\/GED:<\/h2><p><strong>(TASC=Examen que eval\u00faa la finalizaci\u00f3n de la educaci\u00f3n secundaria; GED=Desarrollo de la educaci\u00f3n general)<\/strong><\/p><ul style=\"font-size: 16px; background-color: #ffffff;\"><li style=\"font-size: 16px;\"><span style=\"font-weight: bolder;\"><a href=\"http:\/\/www.acces.nysed.gov\/hse\/contact-us\" target=\"_blank\" rel=\"noopener\">Oficina de equivalencia de escuela secundaria (HSE) del estado de Nueva York<\/a><\/span><\/li><li style=\"font-size: 16px;\"><span style=\"font-weight: bolder;\"><a href=\"http:\/\/www.acces.nysed.gov\/hse\/hse-prep-programs-maps\" target=\"_blank\" rel=\"noopener\">Encuentre un programa local de preparaci\u00f3n de HSE<\/a><\/span><\/li><li style=\"font-size: 16px;\"><span style=\"font-weight: bolder;\"><a href=\"http:\/\/www.esboces.org\/Page\/102\" target=\"_blank\" rel=\"noopener\">Programa de alfabetizaci\u00f3n en Eastern Suffolk BOCES<\/a><\/span><\/li><li style=\"font-size: 16px;\"><span style=\"font-weight: bolder;\"><a href=\"https:\/\/ce.sunysuffolk.edu\/course\/ged-high-school-equivalency-preparation\/\" target=\"_blank\" rel=\"noopener\">Preparaci\u00f3n y pruebas de GED en SCCC<\/a><\/span><\/li><\/ul><h3><span style=\"color: var( --e-global-color-9ff0733 ); font-size: 1.75rem;\"><br \/>Enlaces de educaci\u00f3n continua:<\/span><\/h3><ul style=\"font-size: 16px; background-color: #ffffff;\"><li style=\"font-size: 16px;\"><span style=\"font-weight: bolder;\"><a href=\"https:\/\/landing.brainfuse.com\/authenticate.asp?u=main.suffolk.ny.brainfuse.com\" target=\"_blank\" rel=\"noopener\">Centro de Educaci\u00f3n y Carreras para Adultos\/Brainfuse HelpNow! a trav\u00e9s de Live-brary<\/a><\/span><\/li><li style=\"font-size: 16px;\"><span style=\"font-weight: bolder;\"><a href=\"https:\/\/www.esboces.org\/about-us\/shared-services-guide\/shared-services-guides\" target=\"_blank\" rel=\"noopener\">Gu\u00eda de servicios compartidos BOCES del este de Suffolk<\/a><\/span><\/li><li style=\"font-size: 16px;\"><span style=\"font-weight: bolder;\"><a href=\"https:\/\/www.khanacademy.org\/\" target=\"_blank\" rel=\"noopener\">Academia Kahn<\/a><\/span><\/li><li style=\"font-size: 16px;\"><span style=\"font-weight: bolder;\"><a href=\"http:\/\/www.openculture.com\/\" target=\"_blank\" rel=\"noopener\">Cultura Abierta<\/a><\/span><\/li><li style=\"font-size: 16px;\"><span style=\"font-weight: bolder;\"><a href=\"http:\/\/www.mooc-list.com\/\" target=\"_blank\" rel=\"noopener\">Lista masiva de cursos abiertos en l\u00ednea (MOOC)<\/a><\/span><\/li><li style=\"font-size: 16px;\"><strong><a href=\"https:\/\/www.learningexpresshub.com\/ProductEngine\/LELIndex.html#\/learningexpresslibrary\/libraryhome\" target=\"_blank\" rel=\"noopener\">EBSCO LearningExpress - Equivalencia de escuela secundaria y recursos de educaci\u00f3n continua<\/a><\/strong><\/li><\/ul>\t\t\t\t\t\t\t\t<\/div>\n\t\t\t\t<\/div>\n\t\t\t\t\t<\/div>\n\t\t<\/div>\n\t\t\t\t\t<\/div>\n\t\t<\/section>\n\t\t\t\t<\/div>","protected":false},"excerpt":{"rendered":"<p>On-demand, Anytime, Anywhere e-Learning TASC\/GED Links: (TASC=Test Assessing Secondary Completion; GED=General Education Development) New York State High School Equivalency (HSE) Office Find a Local HSE Preparation Program Literacy Program at Eastern Suffolk BOCES GED Preparation and Testing at SCCC Continuing Education Links: Adult Education and Career Center\/Brainfuse HelpNow! via Live-brary Eastern Suffolk BOCES Shared Services [&hellip;]<\/p>\n","protected":false},"author":2,"featured_media":3042,"parent":0,"menu_order":0,"comment_status":"closed","ping_status":"closed","template":"","meta":{"_acf_changed":false,"give_campaign_id":0,"footnotes":""},"class_list":["post-157","page","type-page","status-publish","has-post-thumbnail","hentry"],"acf":[],"campaignId":"","publishpress_future_workflow_manual_trigger":{"enabledWorkflows":[]},"_links":{"self":[{"href":"https:\/\/www.hamptonbayslibrary.org\/es\/wp-json\/wp\/v2\/pages\/157","targetHints":{"allow":["GET"]}}],"collection":[{"href":"https:\/\/www.hamptonbayslibrary.org\/es\/wp-json\/wp\/v2\/pages"}],"about":[{"href":"https:\/\/www.hamptonbayslibrary.org\/es\/wp-json\/wp\/v2\/types\/page"}],"author":[{"embeddable":true,"href":"https:\/\/www.hamptonbayslibrary.org\/es\/wp-json\/wp\/v2\/users\/2"}],"replies":[{"embeddable":true,"href":"https:\/\/www.hamptonbayslibrary.org\/es\/wp-json\/wp\/v2\/comments?post=157"}],"version-history":[{"count":16,"href":"https:\/\/www.hamptonbayslibrary.org\/es\/wp-json\/wp\/v2\/pages\/157\/revisions"}],"predecessor-version":[{"id":10891,"href":"https:\/\/www.hamptonbayslibrary.org\/es\/wp-json\/wp\/v2\/pages\/157\/revisions\/10891"}],"wp:featuredmedia":[{"embeddable":true,"href":"https:\/\/www.hamptonbayslibrary.org\/es\/wp-json\/wp\/v2\/media\/3042"}],"wp:attachment":[{"href":"https:\/\/www.hamptonbayslibrary.org\/es\/wp-json\/wp\/v2\/media?parent=157"}],"curies":[{"name":"gracias","href":"https:\/\/api.w.org\/{rel}","templated":true}]}}