{"id":155,"date":"2022-02-17T16:29:12","date_gmt":"2022-02-17T21:29:12","guid":{"rendered":"https:\/\/www.hamptonbayslibrary.org\/?page_id=155"},"modified":"2026-01-23T11:13:44","modified_gmt":"2026-01-23T16:13:44","slug":"technology-services","status":"publish","type":"page","link":"https:\/\/www.hamptonbayslibrary.org\/es\/technology-services\/","title":{"rendered":"Ayuda t\u00e9cnica"},"content":{"rendered":"<div data-elementor-type=\"wp-page\" data-elementor-id=\"155\" class=\"elementor elementor-155\" data-elementor-post-type=\"page\">\n\t\t\t\t\t\t<section class=\"elementor-section elementor-top-section elementor-element elementor-element-173ee50f animated-slow elementor-section-boxed elementor-section-height-default elementor-section-height-default elementor-invisible\" data-id=\"173ee50f\" data-element_type=\"section\" data-e-type=\"section\" data-settings=\"{&quot;background_background&quot;:&quot;classic&quot;,&quot;animation&quot;:&quot;fadeInUp&quot;}\">\n\t\t\t\t\t\t<div class=\"elementor-container elementor-column-gap-default\">\n\t\t\t\t\t<div class=\"elementor-column elementor-col-50 elementor-top-column elementor-element elementor-element-2604686\" data-id=\"2604686\" data-element_type=\"column\" data-e-type=\"column\">\n\t\t\t<div class=\"elementor-widget-wrap elementor-element-populated\">\n\t\t\t\t\t\t<div class=\"elementor-element elementor-element-67b1dc4a elementor-widget elementor-widget-image\" data-id=\"67b1dc4a\" data-element_type=\"widget\" data-e-type=\"widget\" data-widget_type=\"image.default\">\n\t\t\t\t<div class=\"elementor-widget-container\">\n\t\t\t\t\t\t\t\t\t\t\t\t\t\t\t<img fetchpriority=\"high\" decoding=\"async\" width=\"800\" height=\"800\" src=\"https:\/\/www.hamptonbayslibrary.org\/wp-content\/uploads\/2022\/04\/tech-help-main-image2.jpg\" class=\"attachment-large size-large wp-image-3031\" alt=\"5 Seniors getting tech help\" srcset=\"https:\/\/www.hamptonbayslibrary.org\/wp-content\/uploads\/2022\/04\/tech-help-main-image2.jpg 900w, https:\/\/www.hamptonbayslibrary.org\/wp-content\/uploads\/2022\/04\/tech-help-main-image2-300x300.jpg 300w, https:\/\/www.hamptonbayslibrary.org\/wp-content\/uploads\/2022\/04\/tech-help-main-image2-150x150.jpg 150w, https:\/\/www.hamptonbayslibrary.org\/wp-content\/uploads\/2022\/04\/tech-help-main-image2-768x768.jpg 768w, https:\/\/www.hamptonbayslibrary.org\/wp-content\/uploads\/2022\/04\/tech-help-main-image2-12x12.jpg 12w\" sizes=\"(max-width: 800px) 100vw, 800px\" \/>\t\t\t\t\t\t\t\t\t\t\t\t\t\t\t<\/div>\n\t\t\t\t<\/div>\n\t\t\t\t<section class=\"elementor-section elementor-inner-section elementor-element elementor-element-86ec587 elementor-section-boxed elementor-section-height-default elementor-section-height-default\" data-id=\"86ec587\" data-element_type=\"section\" data-e-type=\"section\">\n\t\t\t\t\t\t<div class=\"elementor-container elementor-column-gap-default\">\n\t\t\t\t\t<div class=\"elementor-column elementor-col-100 elementor-inner-column elementor-element elementor-element-6b02def\" data-id=\"6b02def\" data-element_type=\"column\" data-e-type=\"column\">\n\t\t\t<div class=\"elementor-widget-wrap elementor-element-populated\">\n\t\t\t\t\t\t<div class=\"elementor-element elementor-element-8b0d130 elementor-widget elementor-widget-text-editor\" data-id=\"8b0d130\" data-element_type=\"widget\" data-e-type=\"widget\" data-widget_type=\"text-editor.default\">\n\t\t\t\t<div class=\"elementor-widget-container\">\n\t\t\t\t\t\t\t\t\t<p><strong>\u00a1La Biblioteca est\u00e1 aqu\u00ed para ayudarlo a navegar a trav\u00e9s de un panorama tecnol\u00f3gico en constante cambio! Ofrecemos una variedad de clases en estilos pr\u00e1cticos y de conferencias, as\u00ed como asistencia tecnol\u00f3gica individual.<\/strong><\/p>\t\t\t\t\t\t\t\t<\/div>\n\t\t\t\t<\/div>\n\t\t\t\t\t<\/div>\n\t\t<\/div>\n\t\t\t\t\t<\/div>\n\t\t<\/section>\n\t\t\t\t\t<\/div>\n\t\t<\/div>\n\t\t\t\t<div class=\"elementor-column elementor-col-50 elementor-top-column elementor-element elementor-element-533935ae\" data-id=\"533935ae\" data-element_type=\"column\" data-e-type=\"column\">\n\t\t\t<div class=\"elementor-widget-wrap elementor-element-populated\">\n\t\t\t\t\t\t<div class=\"elementor-element elementor-element-1ffcc66f elementor-widget elementor-widget-text-editor\" data-id=\"1ffcc66f\" data-element_type=\"widget\" data-e-type=\"widget\" data-widget_type=\"text-editor.default\">\n\t\t\t\t<div class=\"elementor-widget-container\">\n\t\t\t\t\t\t\t\t\t<h2>Clases<\/h2>\n<p><i>Microsoft Word; Conociendo su iPad; conceptos b\u00e1sicos de Internet; Conceptos b\u00e1sicos de Twitter.&nbsp;&nbsp;<\/i>Estas son s\u00f3lo algunas de las clases que se llevan a cabo peri\u00f3dicamente durante el a\u00f1o, utilizando las computadoras de escritorio de la biblioteca. Consulte nuestro bolet\u00edn informativo m\u00e1s reciente para conocer las ofertas actuales o llame al 728-6241 (opci\u00f3n 4).<\/p>\n<h2>Asistencia tecnol\u00f3gica individual<\/h2>\n<p><b>\u00a1Libro-a-Bibliotecario!<\/b>&nbsp;(con cita)<br>\u00bfNecesita asistencia t\u00e9cnica? \u00a1Reserve una cita de 45 minutos con nuestro bibliotecario de tecnolog\u00eda para obtener ayuda personalizada gratuita con cualquiera de los siguientes temas y m\u00e1s!&nbsp;<i>Computadora b\u00e1sica \/Internet b\u00e1sico \/correo electr\u00f3nico \/aplicaciones \/Microsoft Office: Excel, PowerPoint, Publisher, Word \/tel\u00e9fonos inteligentes \/c\u00e1maras digitales y administraci\u00f3n de fotos \/iPad\/Kindle\/Nook \/ Descargas gratuitas a trav\u00e9s de Overdrive y 3M\/ Redes sociales\/Facebook\/ Twitter\/Pinterest\/\u2026 \u00a1y m\u00e1s!&nbsp;<\/i>Tenga en cuenta que la reparaci\u00f3n del dispositivo no est\u00e1 incluida.<i>&nbsp;<\/i>Consulte nuestro bolet\u00edn informativo m\u00e1s reciente para conocer los horarios de disponibilidad o llame al 728-6241 (Opci\u00f3n 4).<\/p>\n<p><b>Ayuda t\u00e9cnica inmediata<\/b>&nbsp;(no se necesita cita)<br>Necesita respuestas r\u00e1pidas a preguntas dif\u00edciles sobre su dispositivo tecnol\u00f3gico<i>&nbsp;(port\u00e1til, tablet, lector, tel\u00e9fono, c\u00e1mara\u2026)?<\/i>&nbsp;La ayuda t\u00e9cnica gratuita est\u00e1 disponible en<b>&nbsp;Lunes y jueves por la ma\u00f1ana (10:00 a 13:00 horas) y mi\u00e9rcoles y jueves por la noche (17:30 a 20:30 horas)<\/b>&nbsp;en el mostrador de referencia. No se requiere cita. Tenga en cuenta que la reparaci\u00f3n de la computadora no est\u00e1 incluida.<\/p>\t\t\t\t\t\t\t\t<\/div>\n\t\t\t\t<\/div>\n\t\t\t\t\t<\/div>\n\t\t<\/div>\n\t\t\t\t\t<\/div>\n\t\t<\/section>\n\t\t\t\t<section class=\"elementor-section elementor-top-section elementor-element elementor-element-411b161d elementor-reverse-mobile animated-slow elementor-section-boxed elementor-section-height-default elementor-section-height-default elementor-invisible\" data-id=\"411b161d\" data-element_type=\"section\" data-e-type=\"section\" data-settings=\"{&quot;background_background&quot;:&quot;classic&quot;,&quot;animation&quot;:&quot;fadeInUp&quot;}\">\n\t\t\t\t\t\t<div class=\"elementor-container elementor-column-gap-default\">\n\t\t\t\t\t<div class=\"elementor-column elementor-col-50 elementor-top-column elementor-element elementor-element-531d7be\" data-id=\"531d7be\" data-element_type=\"column\" data-e-type=\"column\">\n\t\t\t<div class=\"elementor-widget-wrap elementor-element-populated\">\n\t\t\t\t\t\t<div class=\"elementor-element elementor-element-6e79b6b0 elementor-widget elementor-widget-heading\" data-id=\"6e79b6b0\" data-element_type=\"widget\" data-e-type=\"widget\" data-settings=\"{&quot;_animation&quot;:&quot;none&quot;}\" data-widget_type=\"heading.default\">\n\t\t\t\t<div class=\"elementor-widget-container\">\n\t\t\t\t\t<h2 class=\"elementor-heading-title elementor-size-default\">Tecnolog\u00eda en biblioteca<\/h2>\t\t\t\t<\/div>\n\t\t\t\t<\/div>\n\t\t\t\t<div class=\"elementor-element elementor-element-14e4fcf5 elementor-widget elementor-widget-text-editor\" data-id=\"14e4fcf5\" data-element_type=\"widget\" data-e-type=\"widget\" data-widget_type=\"text-editor.default\">\n\t\t\t\t<div class=\"elementor-widget-container\">\n\t\t\t\t\t\t\t\t\t<p>Contamos con 15 computadoras de escritorio para uso de clientes adultos sin cita previa con una tarjeta v\u00e1lida de la biblioteca de Hampton Bays para 2 horas de uso de computadora por d\u00eda. Otros titulares de tarjetas de la biblioteca del condado de Suffolk y los visitantes sin tarjeta de la biblioteca tienen acceso a terminales para invitados durante 60 minutos de uso de la computadora por d\u00eda.<\/p><p>Somos un\u00a0<b>punto de acceso inal\u00e1mbrico<\/b>! Simplemente seleccione &quot;Biblioteca p\u00fablica de Hampton Bays&quot; cuando vea las redes disponibles en su computadora port\u00e1til, tableta o tel\u00e9fono. Tambi\u00e9n se puede acceder a Wi-Fi en el estacionamiento de la biblioteca.<\/p><p>Escanea tus documentos y fotograf\u00edas gratis con nuestro<b>\u00a0Estaci\u00f3n de escaneo Scannx;\u00a0<\/b>env\u00edelos por correo electr\u00f3nico o gu\u00e1rdelos en su unidad flash. Tambi\u00e9n se encuentran disponibles servicios de impresi\u00f3n, fax y fotocopias.<\/p><p>tenemos 10 <b>Puntos de acceso m\u00f3viles<\/b>\u00a0disponible para que los clientes lo pidan prestado por un per\u00edodo de pr\u00e9stamo de tres semanas, lo que facilita tener wifi mientras viaja. \u00a1\u00dasalo cuando est\u00e9s en casa o de viaje! Solic\u00edtalos en el mostrador de Circulaci\u00f3n.<\/p>\t\t\t\t\t\t\t\t<\/div>\n\t\t\t\t<\/div>\n\t\t\t\t\t<\/div>\n\t\t<\/div>\n\t\t\t\t<div class=\"elementor-column elementor-col-50 elementor-top-column elementor-element elementor-element-5cd8022f\" data-id=\"5cd8022f\" data-element_type=\"column\" data-e-type=\"column\">\n\t\t\t<div class=\"elementor-widget-wrap elementor-element-populated\">\n\t\t\t\t\t\t<div class=\"elementor-element elementor-element-611afd33 elementor-widget elementor-widget-image\" data-id=\"611afd33\" data-element_type=\"widget\" data-e-type=\"widget\" data-widget_type=\"image.default\">\n\t\t\t\t<div class=\"elementor-widget-container\">\n\t\t\t\t\t\t\t\t\t\t\t\t\t\t\t<img decoding=\"async\" width=\"800\" height=\"800\" src=\"https:\/\/www.hamptonbayslibrary.org\/wp-content\/uploads\/2022\/04\/tech-help-main-image.jpg\" class=\"attachment-large size-large wp-image-3026\" alt=\"Woman using trackpad on laptop\" srcset=\"https:\/\/www.hamptonbayslibrary.org\/wp-content\/uploads\/2022\/04\/tech-help-main-image.jpg 900w, https:\/\/www.hamptonbayslibrary.org\/wp-content\/uploads\/2022\/04\/tech-help-main-image-300x300.jpg 300w, https:\/\/www.hamptonbayslibrary.org\/wp-content\/uploads\/2022\/04\/tech-help-main-image-150x150.jpg 150w, https:\/\/www.hamptonbayslibrary.org\/wp-content\/uploads\/2022\/04\/tech-help-main-image-768x768.jpg 768w, https:\/\/www.hamptonbayslibrary.org\/wp-content\/uploads\/2022\/04\/tech-help-main-image-12x12.jpg 12w\" sizes=\"(max-width: 800px) 100vw, 800px\" \/>\t\t\t\t\t\t\t\t\t\t\t\t\t\t\t<\/div>\n\t\t\t\t<\/div>\n\t\t\t\t\t<\/div>\n\t\t<\/div>\n\t\t\t\t\t<\/div>\n\t\t<\/section>\n\t\t\t\t<\/div>","protected":false},"excerpt":{"rendered":"<p>The Library is here to help you navigate through an ever-changing landscape of technology! We offer an array of classes in both hands-on and lecture styles as well as individual technology assistance. Classes Microsoft Word; Getting to Know your iPad; Internet Basics; Twitter Basics.&nbsp;&nbsp;These are just some of the classes held periodically throughout the year, [&hellip;]<\/p>\n","protected":false},"author":2,"featured_media":3027,"parent":0,"menu_order":0,"comment_status":"closed","ping_status":"closed","template":"","meta":{"_acf_changed":false,"give_campaign_id":0,"footnotes":""},"class_list":["post-155","page","type-page","status-publish","has-post-thumbnail","hentry"],"acf":[],"campaignId":"","publishpress_future_workflow_manual_trigger":{"enabledWorkflows":[]},"_links":{"self":[{"href":"https:\/\/www.hamptonbayslibrary.org\/es\/wp-json\/wp\/v2\/pages\/155","targetHints":{"allow":["GET"]}}],"collection":[{"href":"https:\/\/www.hamptonbayslibrary.org\/es\/wp-json\/wp\/v2\/pages"}],"about":[{"href":"https:\/\/www.hamptonbayslibrary.org\/es\/wp-json\/wp\/v2\/types\/page"}],"author":[{"embeddable":true,"href":"https:\/\/www.hamptonbayslibrary.org\/es\/wp-json\/wp\/v2\/users\/2"}],"replies":[{"embeddable":true,"href":"https:\/\/www.hamptonbayslibrary.org\/es\/wp-json\/wp\/v2\/comments?post=155"}],"version-history":[{"count":12,"href":"https:\/\/www.hamptonbayslibrary.org\/es\/wp-json\/wp\/v2\/pages\/155\/revisions"}],"predecessor-version":[{"id":10876,"href":"https:\/\/www.hamptonbayslibrary.org\/es\/wp-json\/wp\/v2\/pages\/155\/revisions\/10876"}],"wp:featuredmedia":[{"embeddable":true,"href":"https:\/\/www.hamptonbayslibrary.org\/es\/wp-json\/wp\/v2\/media\/3027"}],"wp:attachment":[{"href":"https:\/\/www.hamptonbayslibrary.org\/es\/wp-json\/wp\/v2\/media?parent=155"}],"curies":[{"name":"gracias","href":"https:\/\/api.w.org\/{rel}","templated":true}]}}