{"id":139,"date":"2022-02-17T15:45:28","date_gmt":"2022-02-17T20:45:28","guid":{"rendered":"https:\/\/www.hamptonbayslibrary.org\/?page_id=139"},"modified":"2026-01-27T09:27:36","modified_gmt":"2026-01-27T14:27:36","slug":"long-island-collection","status":"publish","type":"page","link":"https:\/\/www.hamptonbayslibrary.org\/es\/long-island-collection\/","title":{"rendered":"Colecci\u00f3n Long Island"},"content":{"rendered":"<div data-elementor-type=\"wp-page\" data-elementor-id=\"139\" class=\"elementor elementor-139\" data-elementor-post-type=\"page\">\n\t\t\t\t\t\t<section class=\"elementor-section elementor-top-section elementor-element elementor-element-3ac81cde animated-slow elementor-section-boxed elementor-section-height-default elementor-section-height-default elementor-invisible\" data-id=\"3ac81cde\" data-element_type=\"section\" data-e-type=\"section\" data-settings=\"{&quot;background_background&quot;:&quot;classic&quot;,&quot;animation&quot;:&quot;fadeInUp&quot;}\">\n\t\t\t\t\t\t<div class=\"elementor-container elementor-column-gap-default\">\n\t\t\t\t\t<div class=\"elementor-column elementor-col-50 elementor-top-column elementor-element elementor-element-50fbf54c\" data-id=\"50fbf54c\" data-element_type=\"column\" data-e-type=\"column\">\n\t\t\t<div class=\"elementor-widget-wrap elementor-element-populated\">\n\t\t\t\t\t\t<div class=\"elementor-element elementor-element-3def5372 elementor-widget elementor-widget-image\" data-id=\"3def5372\" data-element_type=\"widget\" data-e-type=\"widget\" data-widget_type=\"image.default\">\n\t\t\t\t<div class=\"elementor-widget-container\">\n\t\t\t\t\t\t\t\t\t\t\t\t\t\t\t<img fetchpriority=\"high\" decoding=\"async\" width=\"800\" height=\"800\" src=\"https:\/\/www.hamptonbayslibrary.org\/wp-content\/uploads\/2022\/04\/long-island-collection.jpg\" class=\"attachment-large size-large wp-image-2847\" alt=\"historic newspapers\" srcset=\"https:\/\/www.hamptonbayslibrary.org\/wp-content\/uploads\/2022\/04\/long-island-collection.jpg 900w, https:\/\/www.hamptonbayslibrary.org\/wp-content\/uploads\/2022\/04\/long-island-collection-300x300.jpg 300w, https:\/\/www.hamptonbayslibrary.org\/wp-content\/uploads\/2022\/04\/long-island-collection-150x150.jpg 150w, https:\/\/www.hamptonbayslibrary.org\/wp-content\/uploads\/2022\/04\/long-island-collection-768x768.jpg 768w, https:\/\/www.hamptonbayslibrary.org\/wp-content\/uploads\/2022\/04\/long-island-collection-12x12.jpg 12w\" sizes=\"(max-width: 800px) 100vw, 800px\" \/>\t\t\t\t\t\t\t\t\t\t\t\t\t\t\t<\/div>\n\t\t\t\t<\/div>\n\t\t\t\t\t<\/div>\n\t\t<\/div>\n\t\t\t\t<div class=\"elementor-column elementor-col-50 elementor-top-column elementor-element elementor-element-37c14e9e\" data-id=\"37c14e9e\" data-element_type=\"column\" data-e-type=\"column\">\n\t\t\t<div class=\"elementor-widget-wrap elementor-element-populated\">\n\t\t\t\t\t\t<div class=\"elementor-element elementor-element-3df4f4e9 elementor-widget elementor-widget-heading\" data-id=\"3df4f4e9\" data-element_type=\"widget\" data-e-type=\"widget\" data-settings=\"{&quot;_animation&quot;:&quot;none&quot;}\" data-widget_type=\"heading.default\">\n\t\t\t\t<div class=\"elementor-widget-container\">\n\t\t\t\t\t<h2 class=\"elementor-heading-title elementor-size-default\">Investiga las bah\u00edas hist\u00f3ricas de Hampton<\/h2>\t\t\t\t<\/div>\n\t\t\t\t<\/div>\n\t\t\t\t<div class=\"elementor-element elementor-element-6b2f8828 elementor-widget elementor-widget-text-editor\" data-id=\"6b2f8828\" data-element_type=\"widget\" data-e-type=\"widget\" data-widget_type=\"text-editor.default\">\n\t\t\t\t<div class=\"elementor-widget-container\">\n\t\t\t\t\t\t\t\t\t<p>La colecci\u00f3n de Long Island consta de libros, revistas, peri\u00f3dicos, CDROM y otros art\u00edculos de inter\u00e9s para Hampton Bays y Southampton Town, y Long Island en general, que no circulan. \u00bfEst\u00e1 buscando una foto antigua del anuario de Hampton Bays High School?\u00a0<i>buen suelo<\/i>\u00a0por Helen Wetterau? \u00bfRegistros hist\u00f3ricos de los fideicomisarios de la ciudad de Southampton? Esta es la colecci\u00f3n para ti.<\/p><p><strong>Hacer clic\u00a0<a href=\"http:\/\/www.hamptonbayslibrary.org\/wp-content\/uploads\/2022\/04\/Local-Newspaper-Archives-all-formats.pdf\" target=\"_blank\" rel=\"noopener\">aqu\u00ed<\/a>\u00a0para ver una tabla de nuestra hist\u00f3rica Hemeroteca Local<\/strong>\u00a0en formato impreso, microfilm y CDROM. Si est\u00e1 investigando la historia local, buscando un obituario o simplemente est\u00e1 interesado en dar un paseo por el carril de la memoria, comun\u00edquese con el mostrador de referencia para programar el uso del archivo.<\/p>\t\t\t\t\t\t\t\t<\/div>\n\t\t\t\t<\/div>\n\t\t\t\t\t<\/div>\n\t\t<\/div>\n\t\t\t\t\t<\/div>\n\t\t<\/section>\n\t\t\t\t<\/div>","protected":false},"excerpt":{"rendered":"<p>Research Historic Hampton Bays The Long Island Collection consists of non-circulating books, journals, newspapers, CDROMs, and other items of interest to Hampton Bays and Southampton Town, and Long Island as a whole. Looking for an old Hampton Bays High School yearbook photo?\u00a0Good Ground\u00a0by Helen Wetterau? Historic Southampton Town Trustees Records? This is the collection for [&hellip;]<\/p>\n","protected":false},"author":2,"featured_media":2840,"parent":0,"menu_order":0,"comment_status":"closed","ping_status":"closed","template":"","meta":{"_acf_changed":false,"give_campaign_id":0,"footnotes":""},"class_list":["post-139","page","type-page","status-publish","has-post-thumbnail","hentry"],"acf":[],"campaignId":"","publishpress_future_workflow_manual_trigger":{"enabledWorkflows":[]},"_links":{"self":[{"href":"https:\/\/www.hamptonbayslibrary.org\/es\/wp-json\/wp\/v2\/pages\/139","targetHints":{"allow":["GET"]}}],"collection":[{"href":"https:\/\/www.hamptonbayslibrary.org\/es\/wp-json\/wp\/v2\/pages"}],"about":[{"href":"https:\/\/www.hamptonbayslibrary.org\/es\/wp-json\/wp\/v2\/types\/page"}],"author":[{"embeddable":true,"href":"https:\/\/www.hamptonbayslibrary.org\/es\/wp-json\/wp\/v2\/users\/2"}],"replies":[{"embeddable":true,"href":"https:\/\/www.hamptonbayslibrary.org\/es\/wp-json\/wp\/v2\/comments?post=139"}],"version-history":[{"count":3,"href":"https:\/\/www.hamptonbayslibrary.org\/es\/wp-json\/wp\/v2\/pages\/139\/revisions"}],"predecessor-version":[{"id":11022,"href":"https:\/\/www.hamptonbayslibrary.org\/es\/wp-json\/wp\/v2\/pages\/139\/revisions\/11022"}],"wp:featuredmedia":[{"embeddable":true,"href":"https:\/\/www.hamptonbayslibrary.org\/es\/wp-json\/wp\/v2\/media\/2840"}],"wp:attachment":[{"href":"https:\/\/www.hamptonbayslibrary.org\/es\/wp-json\/wp\/v2\/media?parent=139"}],"curies":[{"name":"gracias","href":"https:\/\/api.w.org\/{rel}","templated":true}]}}