{"id":137,"date":"2022-02-17T15:44:40","date_gmt":"2022-02-17T20:44:40","guid":{"rendered":"https:\/\/www.hamptonbayslibrary.org\/?page_id=137"},"modified":"2026-01-27T09:25:33","modified_gmt":"2026-01-27T14:25:33","slug":"genealogy","status":"publish","type":"page","link":"https:\/\/www.hamptonbayslibrary.org\/es\/genealogy\/","title":{"rendered":"Genealog\u00eda"},"content":{"rendered":"<div data-elementor-type=\"wp-page\" data-elementor-id=\"137\" class=\"elementor elementor-137\" data-elementor-post-type=\"page\">\n\t\t\t\t<div class=\"elementor-element elementor-element-f079407 e-flex e-con-boxed e-con e-parent\" data-id=\"f079407\" data-element_type=\"container\" data-e-type=\"container\">\n\t\t\t\t\t<div class=\"e-con-inner\">\n\t\t<div class=\"elementor-element elementor-element-23d4858 e-con-full e-flex e-con e-child\" data-id=\"23d4858\" data-element_type=\"container\" data-e-type=\"container\">\n\t\t<div class=\"elementor-element elementor-element-4d945f3 e-con-full e-flex e-con e-child\" data-id=\"4d945f3\" data-element_type=\"container\" data-e-type=\"container\">\n\t\t<div class=\"elementor-element elementor-element-0191bad animated-slow e-con-full e-flex elementor-invisible e-con e-child\" data-id=\"0191bad\" data-element_type=\"container\" data-e-type=\"container\" data-settings=\"{&quot;background_background&quot;:&quot;classic&quot;,&quot;animation&quot;:&quot;fadeInLeft&quot;,&quot;animation_mobile&quot;:&quot;fadeInUp&quot;}\">\n\t\t\t\t<div class=\"elementor-element elementor-element-18e968a elementor-position-top elementor-widget elementor-widget-image-box\" data-id=\"18e968a\" data-element_type=\"widget\" data-e-type=\"widget\" data-widget_type=\"image-box.default\">\n\t\t\t\t<div class=\"elementor-widget-container\">\n\t\t\t\t\t<div class=\"elementor-image-box-wrapper\"><figure class=\"elementor-image-box-img\"><img fetchpriority=\"high\" decoding=\"async\" width=\"421\" height=\"166\" src=\"https:\/\/www.hamptonbayslibrary.org\/wp-content\/uploads\/2022\/04\/historic-newspapers.png\" class=\"attachment-full size-full wp-image-2833\" alt=\"magazines and newspapers\" srcset=\"https:\/\/www.hamptonbayslibrary.org\/wp-content\/uploads\/2022\/04\/historic-newspapers.png 421w, https:\/\/www.hamptonbayslibrary.org\/wp-content\/uploads\/2022\/04\/historic-newspapers-300x118.png 300w, https:\/\/www.hamptonbayslibrary.org\/wp-content\/uploads\/2022\/04\/historic-newspapers-18x7.png 18w\" sizes=\"(max-width: 421px) 100vw, 421px\" \/><\/figure><div class=\"elementor-image-box-content\"><h2 class=\"elementor-image-box-title\">Peri\u00f3dicos hist\u00f3ricos de Suffolk<\/h2><p class=\"elementor-image-box-description\">Una colecci\u00f3n de peri\u00f3dicos del condado de Suffolk digitalizados con capacidad de b\u00fasqueda que le permite profundizar casi 200 a\u00f1os en la historia local.<\/p><\/div><\/div>\t\t\t\t<\/div>\n\t\t\t\t<\/div>\n\t\t\t\t<div class=\"elementor-element elementor-element-7f12bcc elementor-align-center elementor-widget elementor-widget-button\" data-id=\"7f12bcc\" data-element_type=\"widget\" data-e-type=\"widget\" data-widget_type=\"button.default\">\n\t\t\t\t<div class=\"elementor-widget-container\">\n\t\t\t\t\t\t\t\t\t<div class=\"elementor-button-wrapper\">\n\t\t\t\t\t<a class=\"elementor-button elementor-button-link elementor-size-sm\" href=\"https:\/\/www.livebrary.com\/historic-newspapers\" target=\"_blank\" rel=\"noopener\">\n\t\t\t\t\t\t<span class=\"elementor-button-content-wrapper\">\n\t\t\t\t\t\t<span class=\"elementor-button-icon\">\n\t\t\t\t<svg aria-hidden=\"true\" class=\"e-font-icon-svg e-fas-arrow-alt-circle-right\" viewbox=\"0 0 512 512\" xmlns=\"http:\/\/www.w3.org\/2000\/svg\"><path d=\"M256 8c137 0 248 111 248 248S393 504 256 504 8 393 8 256 119 8 256 8zM140 300h116v70.9c0 10.7 13 16.1 20.5 8.5l114.3-114.9c4.7-4.7 4.7-12.2 0-16.9l-114.3-115c-7.6-7.6-20.5-2.2-20.5 8.5V212H140c-6.6 0-12 5.4-12 12v64c0 6.6 5.4 12 12 12z\"><\/path><\/svg>\t\t\t<\/span>\n\t\t\t\t\t\t\t\t\t<span class=\"elementor-button-text\">aprende m\u00e1s<\/span>\n\t\t\t\t\t<\/span>\n\t\t\t\t\t<\/a>\n\t\t\t\t<\/div>\n\t\t\t\t\t\t\t\t<\/div>\n\t\t\t\t<\/div>\n\t\t\t\t<\/div>\n\t\t<div class=\"elementor-element elementor-element-57f1240 animated-slow e-con-full e-flex elementor-invisible e-con e-child\" data-id=\"57f1240\" data-element_type=\"container\" data-e-type=\"container\" data-settings=\"{&quot;background_background&quot;:&quot;classic&quot;,&quot;animation&quot;:&quot;fadeInUp&quot;}\">\n\t\t\t\t<div class=\"elementor-element elementor-element-299133f elementor-position-top elementor-widget elementor-widget-image-box\" data-id=\"299133f\" data-element_type=\"widget\" data-e-type=\"widget\" data-widget_type=\"image-box.default\">\n\t\t\t\t<div class=\"elementor-widget-container\">\n\t\t\t\t\t<div class=\"elementor-image-box-wrapper\"><figure class=\"elementor-image-box-img\"><img decoding=\"async\" width=\"300\" height=\"68\" src=\"https:\/\/www.hamptonbayslibrary.org\/wp-content\/uploads\/2022\/04\/heritagequest-300x68-1.jpg\" class=\"attachment-full size-full wp-image-2832\" alt=\"heritage quest\" srcset=\"https:\/\/www.hamptonbayslibrary.org\/wp-content\/uploads\/2022\/04\/heritagequest-300x68-1.jpg 300w, https:\/\/www.hamptonbayslibrary.org\/wp-content\/uploads\/2022\/04\/heritagequest-300x68-1-18x4.jpg 18w\" sizes=\"(max-width: 300px) 100vw, 300px\" \/><\/figure><div class=\"elementor-image-box-content\"><h2 class=\"elementor-image-box-title\">B\u00fasqueda del patrimonio en l\u00ednea<\/h2><p class=\"elementor-image-box-description\">HeritageQuest combina im\u00e1genes digitales que permiten realizar b\u00fasquedas de los registros del censo federal de EE. UU. con la colecci\u00f3n de libros de genealog\u00eda e historia local.<\/p><\/div><\/div>\t\t\t\t<\/div>\n\t\t\t\t<\/div>\n\t\t\t\t<div class=\"elementor-element elementor-element-d85e3be elementor-align-center elementor-widget elementor-widget-button\" data-id=\"d85e3be\" data-element_type=\"widget\" data-e-type=\"widget\" data-widget_type=\"button.default\">\n\t\t\t\t<div class=\"elementor-widget-container\">\n\t\t\t\t\t\t\t\t\t<div class=\"elementor-button-wrapper\">\n\t\t\t\t\t<a class=\"elementor-button elementor-button-link elementor-size-sm\" href=\"https:\/\/www.heritagequestonline.com\/hqoweb\/library\/do\/login\" target=\"_blank\" rel=\"noopener\">\n\t\t\t\t\t\t<span class=\"elementor-button-content-wrapper\">\n\t\t\t\t\t\t<span class=\"elementor-button-icon\">\n\t\t\t\t<svg aria-hidden=\"true\" class=\"e-font-icon-svg e-fas-arrow-alt-circle-right\" viewbox=\"0 0 512 512\" xmlns=\"http:\/\/www.w3.org\/2000\/svg\"><path d=\"M256 8c137 0 248 111 248 248S393 504 256 504 8 393 8 256 119 8 256 8zM140 300h116v70.9c0 10.7 13 16.1 20.5 8.5l114.3-114.9c4.7-4.7 4.7-12.2 0-16.9l-114.3-115c-7.6-7.6-20.5-2.2-20.5 8.5V212H140c-6.6 0-12 5.4-12 12v64c0 6.6 5.4 12 12 12z\"><\/path><\/svg>\t\t\t<\/span>\n\t\t\t\t\t\t\t\t\t<span class=\"elementor-button-text\">aprende m\u00e1s<\/span>\n\t\t\t\t\t<\/span>\n\t\t\t\t\t<\/a>\n\t\t\t\t<\/div>\n\t\t\t\t\t\t\t\t<\/div>\n\t\t\t\t<\/div>\n\t\t\t\t<\/div>\n\t\t<div class=\"elementor-element elementor-element-c64d58b animated-slow e-con-full e-flex elementor-invisible e-con e-child\" data-id=\"c64d58b\" data-element_type=\"container\" data-e-type=\"container\" data-settings=\"{&quot;background_background&quot;:&quot;classic&quot;,&quot;animation&quot;:&quot;fadeInRight&quot;,&quot;animation_mobile&quot;:&quot;fadeInUp&quot;}\">\n\t\t\t\t<div class=\"elementor-element elementor-element-631817c elementor-position-top elementor-widget elementor-widget-image-box\" data-id=\"631817c\" data-element_type=\"widget\" data-e-type=\"widget\" data-widget_type=\"image-box.default\">\n\t\t\t\t<div class=\"elementor-widget-container\">\n\t\t\t\t\t<div class=\"elementor-image-box-wrapper\"><figure class=\"elementor-image-box-img\"><img decoding=\"async\" width=\"2387\" height=\"555\" src=\"https:\/\/www.hamptonbayslibrary.org\/wp-content\/uploads\/2022\/04\/Ancestry-Logo.png\" class=\"attachment-full size-full wp-image-2696\" alt=\"Ancestry Logo\" srcset=\"https:\/\/www.hamptonbayslibrary.org\/wp-content\/uploads\/2022\/04\/Ancestry-Logo.png 2387w, https:\/\/www.hamptonbayslibrary.org\/wp-content\/uploads\/2022\/04\/Ancestry-Logo-300x70.png 300w, https:\/\/www.hamptonbayslibrary.org\/wp-content\/uploads\/2022\/04\/Ancestry-Logo-1024x238.png 1024w, https:\/\/www.hamptonbayslibrary.org\/wp-content\/uploads\/2022\/04\/Ancestry-Logo-768x179.png 768w, https:\/\/www.hamptonbayslibrary.org\/wp-content\/uploads\/2022\/04\/Ancestry-Logo-1536x357.png 1536w, https:\/\/www.hamptonbayslibrary.org\/wp-content\/uploads\/2022\/04\/Ancestry-Logo-2048x476.png 2048w, https:\/\/www.hamptonbayslibrary.org\/wp-content\/uploads\/2022\/04\/Ancestry-Logo-18x4.png 18w\" sizes=\"(max-width: 2387px) 100vw, 2387px\" \/><\/figure><div class=\"elementor-image-box-content\"><h2 class=\"elementor-image-box-title\">Ancestry.com<\/h2><p class=\"elementor-image-box-description\">El recurso de historia familiar en l\u00ednea m\u00e1s grande del mundo. Tenga en cuenta que Ancestry.com est\u00e1 limitado solo al uso dentro de la biblioteca.<\/p><\/div><\/div>\t\t\t\t<\/div>\n\t\t\t\t<\/div>\n\t\t\t\t<div class=\"elementor-element elementor-element-23e80d0 elementor-align-center elementor-widget elementor-widget-button\" data-id=\"23e80d0\" data-element_type=\"widget\" data-e-type=\"widget\" data-widget_type=\"button.default\">\n\t\t\t\t<div class=\"elementor-widget-container\">\n\t\t\t\t\t\t\t\t\t<div class=\"elementor-button-wrapper\">\n\t\t\t\t\t<a class=\"elementor-button elementor-button-link elementor-size-sm\" href=\"https:\/\/search.livebrary.com\/iii\/cas\/login?service=https%3A%2F%2Fsearch.livebrary.com%3A443%2Fpatroninfo~S85%2F0%2Fredirect%3D%2Fwamvalidate%3Furl%3Dhttps%253A%252F%252F0-ancestrylibrary-proquest-com.search.livebrary.com%253A443%252FIIITICKET&#038;scope=85\" target=\"_blank\" rel=\"noopener\">\n\t\t\t\t\t\t<span class=\"elementor-button-content-wrapper\">\n\t\t\t\t\t\t<span class=\"elementor-button-icon\">\n\t\t\t\t<svg aria-hidden=\"true\" class=\"e-font-icon-svg e-fas-arrow-alt-circle-right\" viewbox=\"0 0 512 512\" xmlns=\"http:\/\/www.w3.org\/2000\/svg\"><path d=\"M256 8c137 0 248 111 248 248S393 504 256 504 8 393 8 256 119 8 256 8zM140 300h116v70.9c0 10.7 13 16.1 20.5 8.5l114.3-114.9c4.7-4.7 4.7-12.2 0-16.9l-114.3-115c-7.6-7.6-20.5-2.2-20.5 8.5V212H140c-6.6 0-12 5.4-12 12v64c0 6.6 5.4 12 12 12z\"><\/path><\/svg>\t\t\t<\/span>\n\t\t\t\t\t\t\t\t\t<span class=\"elementor-button-text\">aprende m\u00e1s<\/span>\n\t\t\t\t\t<\/span>\n\t\t\t\t\t<\/a>\n\t\t\t\t<\/div>\n\t\t\t\t\t\t\t\t<\/div>\n\t\t\t\t<\/div>\n\t\t\t\t<\/div>\n\t\t\t\t<\/div>\n\t\t\t\t<\/div>\n\t\t\t\t\t<\/div>\n\t\t\t\t<\/div>\n\t\t\t\t<\/div>","protected":false},"excerpt":{"rendered":"<p>Suffolk Historic Newspapers A collection of searchable digitized Suffolk County newspapers enabling you to delve back nearly 200 years into local history. learn more Heritage Quest Online HeritageQuest combines digital, searchable images of U.S. federal census records with Genealogy and Local History book collection. learn more Ancestry.com The World\u2019s largest online family history resource. Please [&hellip;]<\/p>\n","protected":false},"author":2,"featured_media":2837,"parent":0,"menu_order":0,"comment_status":"closed","ping_status":"closed","template":"","meta":{"_acf_changed":false,"give_campaign_id":0,"footnotes":""},"class_list":["post-137","page","type-page","status-publish","has-post-thumbnail","hentry"],"acf":[],"campaignId":"","publishpress_future_workflow_manual_trigger":{"enabledWorkflows":[]},"_links":{"self":[{"href":"https:\/\/www.hamptonbayslibrary.org\/es\/wp-json\/wp\/v2\/pages\/137","targetHints":{"allow":["GET"]}}],"collection":[{"href":"https:\/\/www.hamptonbayslibrary.org\/es\/wp-json\/wp\/v2\/pages"}],"about":[{"href":"https:\/\/www.hamptonbayslibrary.org\/es\/wp-json\/wp\/v2\/types\/page"}],"author":[{"embeddable":true,"href":"https:\/\/www.hamptonbayslibrary.org\/es\/wp-json\/wp\/v2\/users\/2"}],"replies":[{"embeddable":true,"href":"https:\/\/www.hamptonbayslibrary.org\/es\/wp-json\/wp\/v2\/comments?post=137"}],"version-history":[{"count":3,"href":"https:\/\/www.hamptonbayslibrary.org\/es\/wp-json\/wp\/v2\/pages\/137\/revisions"}],"predecessor-version":[{"id":11019,"href":"https:\/\/www.hamptonbayslibrary.org\/es\/wp-json\/wp\/v2\/pages\/137\/revisions\/11019"}],"wp:featuredmedia":[{"embeddable":true,"href":"https:\/\/www.hamptonbayslibrary.org\/es\/wp-json\/wp\/v2\/media\/2837"}],"wp:attachment":[{"href":"https:\/\/www.hamptonbayslibrary.org\/es\/wp-json\/wp\/v2\/media?parent=137"}],"curies":[{"name":"gracias","href":"https:\/\/api.w.org\/{rel}","templated":true}]}}