{"id":112,"date":"2022-02-17T15:16:19","date_gmt":"2022-02-17T20:16:19","guid":{"rendered":"https:\/\/www.hamptonbayslibrary.org\/?page_id=112"},"modified":"2026-01-27T09:49:01","modified_gmt":"2026-01-27T14:49:01","slug":"about-us","status":"publish","type":"page","link":"https:\/\/www.hamptonbayslibrary.org\/es\/about-us\/","title":{"rendered":"Sobre nosotros"},"content":{"rendered":"<div data-elementor-type=\"wp-page\" data-elementor-id=\"112\" class=\"elementor elementor-112\" data-elementor-post-type=\"page\">\n\t\t\t\t\t\t<section class=\"elementor-section elementor-top-section elementor-element elementor-element-444af236 animated-slow elementor-section-boxed elementor-section-height-default elementor-section-height-default elementor-invisible\" data-id=\"444af236\" data-element_type=\"section\" data-e-type=\"section\" data-settings=\"{&quot;background_background&quot;:&quot;classic&quot;,&quot;animation&quot;:&quot;fadeInUp&quot;}\">\n\t\t\t\t\t\t<div class=\"elementor-container elementor-column-gap-default\">\n\t\t\t\t\t<div class=\"elementor-column elementor-col-50 elementor-top-column elementor-element elementor-element-228f72da\" data-id=\"228f72da\" data-element_type=\"column\" data-e-type=\"column\">\n\t\t\t<div class=\"elementor-widget-wrap elementor-element-populated\">\n\t\t\t\t\t\t<div class=\"elementor-element elementor-element-520326e4 elementor-widget elementor-widget-image\" data-id=\"520326e4\" data-element_type=\"widget\" data-e-type=\"widget\" data-widget_type=\"image.default\">\n\t\t\t\t<div class=\"elementor-widget-container\">\n\t\t\t\t\t\t\t\t\t\t\t\t\t\t\t<img fetchpriority=\"high\" decoding=\"async\" width=\"800\" height=\"800\" src=\"https:\/\/www.hamptonbayslibrary.org\/wp-content\/uploads\/2022\/04\/about-hampton-bays-public-library.jpg\" class=\"attachment-large size-large wp-image-2675\" alt=\"hampton bays public library sign\" srcset=\"https:\/\/www.hamptonbayslibrary.org\/wp-content\/uploads\/2022\/04\/about-hampton-bays-public-library.jpg 900w, https:\/\/www.hamptonbayslibrary.org\/wp-content\/uploads\/2022\/04\/about-hampton-bays-public-library-300x300.jpg 300w, https:\/\/www.hamptonbayslibrary.org\/wp-content\/uploads\/2022\/04\/about-hampton-bays-public-library-150x150.jpg 150w, https:\/\/www.hamptonbayslibrary.org\/wp-content\/uploads\/2022\/04\/about-hampton-bays-public-library-768x768.jpg 768w, https:\/\/www.hamptonbayslibrary.org\/wp-content\/uploads\/2022\/04\/about-hampton-bays-public-library-12x12.jpg 12w\" sizes=\"(max-width: 800px) 100vw, 800px\" \/>\t\t\t\t\t\t\t\t\t\t\t\t\t\t\t<\/div>\n\t\t\t\t<\/div>\n\t\t\t\t<div class=\"elementor-element elementor-element-333723a elementor-widget elementor-widget-heading\" data-id=\"333723a\" data-element_type=\"widget\" data-e-type=\"widget\" data-settings=\"{&quot;_animation&quot;:&quot;none&quot;}\" data-widget_type=\"heading.default\">\n\t\t\t\t<div class=\"elementor-widget-container\">\n\t\t\t\t\t<h2 class=\"elementor-heading-title elementor-size-default\">Cierres de bibliotecas<\/h2>\t\t\t\t<\/div>\n\t\t\t\t<\/div>\n\t\t\t\t<div class=\"elementor-element elementor-element-374b19e elementor-widget elementor-widget-text-editor\" data-id=\"374b19e\" data-element_type=\"widget\" data-e-type=\"widget\" data-widget_type=\"text-editor.default\">\n\t\t\t\t<div class=\"elementor-widget-container\">\n\t\t\t\t\t\t\t\t\t<p><b>LA BIBLIOTECA EST\u00c1 CERRADA LOS SIGUIENTES D\u00cdAS FESTIVOS:<\/b><\/p>\n<ul>\n<li>D\u00eda de A\u00f1o Nuevo (1 de enero)<\/li>\n<li>D\u00eda de Martin Luther King, Jr. (tercer lunes de enero)<\/li>\n<li>D\u00eda de los Presidentes (tercer lunes de febrero)<\/li>\n<li>Domingo de Pascua<\/li>\n<li>D\u00eda de los Ca\u00eddos (\u00faltimo lunes de mayo)<\/li>\n<li>19 de junio (19 de junio)<\/li>\n<li>D\u00eda de la Independencia (4 de julio)<\/li>\n<li>D\u00eda del Trabajo (primer lunes de septiembre)<\/li>\n<li>D\u00eda de los Pueblos Ind\u00edgenas\/D\u00eda de la Raza (segundo lunes de octubre)<\/li>\n<li>D\u00eda de los Veteranos (11 de noviembre)<\/li>\n<li>V\u00edspera de Acci\u00f3n de Gracias (3:00 pm cierre)<\/li>\n<li>Acci\u00f3n de Gracias (cuarto jueves de noviembre)<\/li>\n<li>Nochebuena (24 de diciembre)<\/li>\n<li>Navidad (25 de diciembre)<\/li>\n<li>Nochevieja (31 de diciembre)<\/li>\n<\/ul>\t\t\t\t\t\t\t\t<\/div>\n\t\t\t\t<\/div>\n\t\t\t\t\t<\/div>\n\t\t<\/div>\n\t\t\t\t<div class=\"elementor-column elementor-col-50 elementor-top-column elementor-element elementor-element-6aa5acf9\" data-id=\"6aa5acf9\" data-element_type=\"column\" data-e-type=\"column\">\n\t\t\t<div class=\"elementor-widget-wrap elementor-element-populated\">\n\t\t\t\t\t\t<div class=\"elementor-element elementor-element-4d7e1e5 elementor-widget elementor-widget-heading\" data-id=\"4d7e1e5\" data-element_type=\"widget\" data-e-type=\"widget\" data-settings=\"{&quot;_animation&quot;:&quot;none&quot;}\" data-widget_type=\"heading.default\">\n\t\t\t\t<div class=\"elementor-widget-container\">\n\t\t\t\t\t<h2 class=\"elementor-heading-title elementor-size-default\">Estado de la misi\u00f3n<\/h2>\t\t\t\t<\/div>\n\t\t\t\t<\/div>\n\t\t\t\t<div class=\"elementor-element elementor-element-8410502 elementor-widget elementor-widget-text-editor\" data-id=\"8410502\" data-element_type=\"widget\" data-e-type=\"widget\" data-widget_type=\"text-editor.default\">\n\t\t\t\t<div class=\"elementor-widget-container\">\n\t\t\t\t\t\t\t\t\t<p dir=\"ltr\">La misi\u00f3n de la Biblioteca P\u00fablica de Hampton Bays es brindar programas y servicios que promuevan la alfabetizaci\u00f3n, despierten la curiosidad e inspiren la creatividad, al mismo tiempo que re\u00fanan personas, informaci\u00f3n e ideas para enriquecer vidas y construir una comunidad s\u00f3lida.<\/p>\t\t\t\t\t\t\t\t<\/div>\n\t\t\t\t<\/div>\n\t\t\t\t<div class=\"elementor-element elementor-element-11f2e69a elementor-widget elementor-widget-heading\" data-id=\"11f2e69a\" data-element_type=\"widget\" data-e-type=\"widget\" data-settings=\"{&quot;_animation&quot;:&quot;none&quot;}\" data-widget_type=\"heading.default\">\n\t\t\t\t<div class=\"elementor-widget-container\">\n\t\t\t\t\t<h2 class=\"elementor-heading-title elementor-size-default\">Historia de la biblioteca<\/h2>\t\t\t\t<\/div>\n\t\t\t\t<\/div>\n\t\t\t\t<div class=\"elementor-element elementor-element-14364a9e elementor-widget elementor-widget-text-editor\" data-id=\"14364a9e\" data-element_type=\"widget\" data-e-type=\"widget\" data-widget_type=\"text-editor.default\">\n\t\t\t\t<div class=\"elementor-widget-container\">\n\t\t\t\t\t\t\t\t\t<p>La Asociaci\u00f3n de Bibliotecas de Hampton Bays celebr\u00f3 su primera reuni\u00f3n en 1922. La Asociaci\u00f3n oper\u00f3 en varios lugares a lo largo de los a\u00f1os hasta que la Biblioteca P\u00fablica de Hampton Bays abri\u00f3 con un estatuto provisional en 1960 en una tienda alquilada en Main Street. En el mismo a\u00f1o, la Asociaci\u00f3n vendi\u00f3 una propiedad y compr\u00f3 el sitio actual en la esquina de Ponquogue Avenue y Argonne Road. En 1962, NY Telephone Co. don\u00f3 y traslad\u00f3 una parte de su antiguo edificio al lote de Ponquogue Avenue. El edificio fue modificado varias veces durante los a\u00f1os siguientes.<\/p><p>El 20 de marzo de 1970, la Biblioteca P\u00fablica de Hampton Bays recibi\u00f3 su Carta Absoluta de la Junta de Regentes del Estado de Nueva York en representaci\u00f3n del Departamento de Educaci\u00f3n del Estado. La biblioteca est\u00e1 gobernada por una Junta Directiva designada dedicada a la misi\u00f3n de proporcionar servicios bibliotecarios de alta calidad a un costo razonable para la comunidad. Adem\u00e1s de brindar servicios completos de biblioteca a los residentes del distrito escolar de Hampton Bays, la biblioteca p\u00fablica atiende a los residentes del distrito escolar de East Quogue con todas sus necesidades bibliotecarias por contrato.<\/p><p>Ubicada en una propiedad similar a un parque propiedad de una biblioteca con un amplio estacionamiento, hermosas plantas y bancos al aire libre, la Biblioteca P\u00fablica de Hampton Bays es un edificio p\u00fablico acogedor y totalmente accesible que es el centro informativo, cultural y recreativo de la comunidad de Hampton Bays. En 2003, la Biblioteca P\u00fablica de Hampton Bays complet\u00f3 un proyecto de renovaci\u00f3n y expansi\u00f3n que la aument\u00f3 a su tama\u00f1o actual de aproximadamente 20,000 pies cuadrados. En octubre de 2006, se abri\u00f3 un nuevo Departamento de Servicios para Adolescentes en un \u00e1rea previamente inacabada en el nivel inferior.<\/p><p>La Biblioteca P\u00fablica de Hampton Bays tiene una colecci\u00f3n de m\u00e1s de 82,500 art\u00edculos f\u00edsicos que incluyen libros, revistas, m\u00fasica, audiolibros y DVD, as\u00ed como bases de datos electr\u00f3nicas y una vasta colecci\u00f3n de descargas gratuitas de libros electr\u00f3nicos, audiolibros, m\u00fasica y videos. La biblioteca cuenta con m\u00e1s de 30 ordenadores de uso p\u00fablico y acceso inal\u00e1mbrico. La biblioteca ofrece una amplia variedad de programas para miembros de la comunidad de todas las edades. Visitar la Biblioteca P\u00fablica de Hampton Bays o el sitio web de la biblioteca ofrece a los visitantes un mundo de informaci\u00f3n. Estamos orgullosos de servir a los residentes de Hampton Bays y East Quogue.<\/p>\t\t\t\t\t\t\t\t<\/div>\n\t\t\t\t<\/div>\n\t\t\t\t\t<\/div>\n\t\t<\/div>\n\t\t\t\t\t<\/div>\n\t\t<\/section>\n\t\t\t\t<\/div>","protected":false},"excerpt":{"rendered":"<p>Library Closures THE LIBRARY IS CLOSED FOR THE FOLLOWING HOLIDAYS: New Year\u2019s Day (January 1) Martin Luther King, Jr. Day (third Monday in January) Presidents\u2019 Day (third Monday in February) Easter Sunday Memorial Day (last Monday in May) Juneteenth (June 19) Independence Day (July 4) Labor Day (first Monday in September) Indigenous Peoples\u2019 Day\/Columbus Day [&hellip;]<\/p>\n","protected":false},"author":2,"featured_media":2673,"parent":0,"menu_order":0,"comment_status":"closed","ping_status":"closed","template":"","meta":{"_acf_changed":false,"give_campaign_id":0,"footnotes":""},"class_list":["post-112","page","type-page","status-publish","has-post-thumbnail","hentry"],"acf":[],"campaignId":"","publishpress_future_workflow_manual_trigger":{"enabledWorkflows":[]},"_links":{"self":[{"href":"https:\/\/www.hamptonbayslibrary.org\/es\/wp-json\/wp\/v2\/pages\/112","targetHints":{"allow":["GET"]}}],"collection":[{"href":"https:\/\/www.hamptonbayslibrary.org\/es\/wp-json\/wp\/v2\/pages"}],"about":[{"href":"https:\/\/www.hamptonbayslibrary.org\/es\/wp-json\/wp\/v2\/types\/page"}],"author":[{"embeddable":true,"href":"https:\/\/www.hamptonbayslibrary.org\/es\/wp-json\/wp\/v2\/users\/2"}],"replies":[{"embeddable":true,"href":"https:\/\/www.hamptonbayslibrary.org\/es\/wp-json\/wp\/v2\/comments?post=112"}],"version-history":[{"count":3,"href":"https:\/\/www.hamptonbayslibrary.org\/es\/wp-json\/wp\/v2\/pages\/112\/revisions"}],"predecessor-version":[{"id":11053,"href":"https:\/\/www.hamptonbayslibrary.org\/es\/wp-json\/wp\/v2\/pages\/112\/revisions\/11053"}],"wp:featuredmedia":[{"embeddable":true,"href":"https:\/\/www.hamptonbayslibrary.org\/es\/wp-json\/wp\/v2\/media\/2673"}],"wp:attachment":[{"href":"https:\/\/www.hamptonbayslibrary.org\/es\/wp-json\/wp\/v2\/media?parent=112"}],"curies":[{"name":"gracias","href":"https:\/\/api.w.org\/{rel}","templated":true}]}}